{"id":1929,"date":"2018-11-18T18:01:12","date_gmt":"2018-11-18T17:01:12","guid":{"rendered":"https:\/\/exceedlimits.eu\/?post_type=product&#038;p=1929"},"modified":"2025-01-25T04:46:39","modified_gmt":"2025-01-25T02:46:39","slug":"exceed-casual-hoodie-bordeauxrot","status":"publish","type":"product","link":"https:\/\/exceedlimits.de\/en\/shop\/frauen\/hoodies-frauen\/exceed-casual-hoodie-bordeauxrot\/","title":{"rendered":"Exceed Casual Hoodie &#8211; Bordeauxrot"},"content":{"rendered":"<p><strong>EXCEED CASUAL HOODIE &#8211; BORDEAUXROT<\/strong><\/p>\n<p>Um deine Grenze zu \u00fcberschreiten und dein Ziel zu erreichen, brauchst du die richtige Kleidung. Der Exceed Casual Hoodie eignet sich perfekt f\u00fcr dein Warm Up, dein Training und deinen Alltag. Mit dem neuen <strong>EXCEED LIMITS<\/strong> Design reiht er sich in unsere Exceed Limit Reihe ein, die sich zum Ziel gesetzt hat, mit dir alle Grenzen, die zwischen dir und deinen Zielen stehen, zu \u00fcberschreiten.<\/p>\n<p><strong>Material<\/strong>: 80% Baumwolle, 20% Polyester<br \/>\n<strong>Passform<\/strong>: Regular Fit<br \/>\n<strong>Pflegehinweise<\/strong>: Maschinenw\u00e4sche auf links bei 30\u00b0C<\/p>\n<p><strong>HIGHLIGHTS DIE \u00dcBERZEUGEN<\/strong><\/p>\n<ul>\n<li>Optimal f\u00fcr Training und Alltag<\/li>\n<li>Hoher Tragekomfort<\/li>\n<li>Sportliches Design<\/li>\n<li>Strapazierf\u00e4higes Mischgewebe<\/li>\n<li>Sportlicher Exceed Limits Schriftzug<\/li>\n<\/ul>","protected":false},"excerpt":{"rendered":"<p>Artikelnummer:\u00a0220104<br \/>\nLieferzeit: <span style=\"color: #00ff00;\">2-3 Werktage<\/span><\/p>\n<p>&nbsp;<\/p>\n<p>Gr\u00f6\u00dfenreferenz:<\/p>\n<p>Unser Team tr\u00e4gt Gr\u00f6\u00dfe M bei 1,82m 85kg<\/p>","protected":false},"featured_media":46658,"comment_status":"open","ping_status":"closed","template":"","meta":{"om_disable_all_campaigns":false,"_monsterinsights_skip_tracking":false,"_monsterinsights_sitenote_active":false,"_monsterinsights_sitenote_note":"","_monsterinsights_sitenote_category":0,"_uf_show_specific_survey":0,"_uf_disable_surveys":false},"product_brand":[],"product_cat":[17,152],"product_tag":[242,230,244,54,107,26,199,235,18,216,214,215,90,171,243,174,24,198,245,41],"class_list":{"0":"post-1929","1":"product","2":"type-product","3":"status-publish","4":"has-post-thumbnail","6":"product_cat-hoodies-herren","7":"product_cat-hoodies-frauen","8":"product_tag-blue","9":"product_tag-bordeaux","10":"product_tag-casual-hoodie","11":"product_tag-exceed","12":"product_tag-exceed-limits","13":"product_tag-gym","14":"product_tag-gym-hoodie","15":"product_tag-herren","16":"product_tag-hoodie","17":"product_tag-man","18":"product_tag-maenner","19":"product_tag-men","20":"product_tag-polyester","21":"product_tag-pulli","22":"product_tag-red","23":"product_tag-special","24":"product_tag-sport","25":"product_tag-sportshoodie","26":"product_tag-three-color","27":"product_tag-white","29":"first","30":"instock","31":"shipping-taxable","32":"purchasable","33":"product-type-variable"},"aioseo_notices":[],"yoast_head":"<!-- This site is optimized with the Yoast SEO plugin v24.9 - https:\/\/yoast.com\/wordpress\/plugins\/seo\/ -->\n<title>Exceed Casual Hoodie - Bordeauxrot - Exceed Limits<\/title>\n<meta name=\"robots\" content=\"index, follow, max-snippet:-1, max-image-preview:large, max-video-preview:-1\" \/>\n<link rel=\"canonical\" href=\"https:\/\/exceedlimits.de\/en\/shop\/frauen\/hoodies-frauen\/exceed-casual-hoodie-bordeauxrot\/\" \/>\n<meta property=\"og:locale\" content=\"en_US\" \/>\n<meta property=\"og:type\" content=\"article\" \/>\n<meta property=\"og:title\" content=\"Exceed Casual Hoodie - Bordeauxrot - Exceed Limits\" \/>\n<meta property=\"og:description\" content=\"Artikelnummer:\u00a0220104 Lieferzeit: 2-3 Werktage  &nbsp;  Gr\u00f6\u00dfenreferenz:  Unser Team tr\u00e4gt Gr\u00f6\u00dfe M bei 1,82m 85kg\" \/>\n<meta property=\"og:url\" content=\"https:\/\/exceedlimits.de\/en\/shop\/frauen\/hoodies-frauen\/exceed-casual-hoodie-bordeauxrot\/\" \/>\n<meta property=\"og:site_name\" content=\"Exceed Limits\" \/>\n<meta property=\"article:modified_time\" content=\"2025-01-25T02:46:39+00:00\" \/>\n<meta property=\"og:image\" content=\"https:\/\/exceedlimits.de\/wp-content\/uploads\/2018\/11\/Exceed-Casual-hoodie-front-mockup-Bordeaux-burgundy-frostfoil-front-exceed-limit.webp\" \/>\n\t<meta property=\"og:image:width\" content=\"1728\" \/>\n\t<meta property=\"og:image:height\" content=\"2160\" \/>\n\t<meta property=\"og:image:type\" content=\"image\/webp\" \/>\n<meta name=\"twitter:card\" content=\"summary_large_image\" \/>\n<meta name=\"twitter:label1\" content=\"Est. reading time\" \/>\n\t<meta name=\"twitter:data1\" content=\"1 minute\" \/>\n<script type=\"application\/ld+json\" class=\"yoast-schema-graph\">{\"@context\":\"https:\/\/schema.org\",\"@graph\":[{\"@type\":\"WebPage\",\"@id\":\"https:\/\/exceedlimits.de\/shop\/frauen\/hoodies-frauen\/exceed-casual-hoodie-bordeauxrot\/\",\"url\":\"https:\/\/exceedlimits.de\/shop\/frauen\/hoodies-frauen\/exceed-casual-hoodie-bordeauxrot\/\",\"name\":\"Exceed Casual Hoodie - Bordeauxrot - Exceed Limits\",\"isPartOf\":{\"@id\":\"https:\/\/exceedlimits.de\/#website\"},\"primaryImageOfPage\":{\"@id\":\"https:\/\/exceedlimits.de\/shop\/frauen\/hoodies-frauen\/exceed-casual-hoodie-bordeauxrot\/#primaryimage\"},\"image\":{\"@id\":\"https:\/\/exceedlimits.de\/shop\/frauen\/hoodies-frauen\/exceed-casual-hoodie-bordeauxrot\/#primaryimage\"},\"thumbnailUrl\":\"https:\/\/exceedlimits.de\/wp-content\/uploads\/2018\/11\/Exceed-Casual-hoodie-front-mockup-Bordeaux-burgundy-frostfoil-front-exceed-limit.webp\",\"datePublished\":\"2018-11-18T17:01:12+00:00\",\"dateModified\":\"2025-01-25T02:46:39+00:00\",\"breadcrumb\":{\"@id\":\"https:\/\/exceedlimits.de\/shop\/frauen\/hoodies-frauen\/exceed-casual-hoodie-bordeauxrot\/#breadcrumb\"},\"inLanguage\":\"en-US\",\"potentialAction\":[{\"@type\":\"ReadAction\",\"target\":[\"https:\/\/exceedlimits.de\/shop\/frauen\/hoodies-frauen\/exceed-casual-hoodie-bordeauxrot\/\"]}]},{\"@type\":\"ImageObject\",\"inLanguage\":\"en-US\",\"@id\":\"https:\/\/exceedlimits.de\/shop\/frauen\/hoodies-frauen\/exceed-casual-hoodie-bordeauxrot\/#primaryimage\",\"url\":\"https:\/\/exceedlimits.de\/wp-content\/uploads\/2018\/11\/Exceed-Casual-hoodie-front-mockup-Bordeaux-burgundy-frostfoil-front-exceed-limit.webp\",\"contentUrl\":\"https:\/\/exceedlimits.de\/wp-content\/uploads\/2018\/11\/Exceed-Casual-hoodie-front-mockup-Bordeaux-burgundy-frostfoil-front-exceed-limit.webp\",\"width\":1728,\"height\":2160},{\"@type\":\"BreadcrumbList\",\"@id\":\"https:\/\/exceedlimits.de\/shop\/frauen\/hoodies-frauen\/exceed-casual-hoodie-bordeauxrot\/#breadcrumb\",\"itemListElement\":[{\"@type\":\"ListItem\",\"position\":1,\"name\":\"Startseite\",\"item\":\"https:\/\/exceedlimits.de\/\"},{\"@type\":\"ListItem\",\"position\":2,\"name\":\"Shop\",\"item\":\"https:\/\/exceedlimits.de\/shop\/\"},{\"@type\":\"ListItem\",\"position\":3,\"name\":\"Exceed Casual Hoodie &#8211; Bordeauxrot\"}]},{\"@type\":\"WebSite\",\"@id\":\"https:\/\/exceedlimits.de\/#website\",\"url\":\"https:\/\/exceedlimits.de\/\",\"name\":\"Exceed Limits\",\"description\":\"Exceed your limits to succeed your dreams\",\"publisher\":{\"@id\":\"https:\/\/exceedlimits.de\/#organization\"},\"potentialAction\":[{\"@type\":\"SearchAction\",\"target\":{\"@type\":\"EntryPoint\",\"urlTemplate\":\"https:\/\/exceedlimits.de\/?s={search_term_string}\"},\"query-input\":{\"@type\":\"PropertyValueSpecification\",\"valueRequired\":true,\"valueName\":\"search_term_string\"}}],\"inLanguage\":\"en-US\"},{\"@type\":\"Organization\",\"@id\":\"https:\/\/exceedlimits.de\/#organization\",\"name\":\"Exceed Limit\",\"url\":\"https:\/\/exceedlimits.de\/\",\"logo\":{\"@type\":\"ImageObject\",\"inLanguage\":\"en-US\",\"@id\":\"https:\/\/exceedlimits.de\/#\/schema\/logo\/image\/\",\"url\":\"https:\/\/exceedlimits.eu\/wp-content\/uploads\/2018\/02\/cropped-favicon.jpg\",\"contentUrl\":\"https:\/\/exceedlimits.eu\/wp-content\/uploads\/2018\/02\/cropped-favicon.jpg\",\"width\":512,\"height\":512,\"caption\":\"Exceed Limit\"},\"image\":{\"@id\":\"https:\/\/exceedlimits.de\/#\/schema\/logo\/image\/\"},\"sameAs\":[\"https:\/\/www.instagram.com\/exlimit_official\/\"]}]}<\/script>\n<!-- \/ Yoast SEO plugin. -->","yoast_head_json":{"title":"Exceed Casual Hoodie - Bordeauxrot - Exceed Limits","robots":{"index":"index","follow":"follow","max-snippet":"max-snippet:-1","max-image-preview":"max-image-preview:large","max-video-preview":"max-video-preview:-1"},"canonical":"https:\/\/exceedlimits.de\/en\/shop\/frauen\/hoodies-frauen\/exceed-casual-hoodie-bordeauxrot\/","og_locale":"en_US","og_type":"article","og_title":"Exceed Casual Hoodie - Bordeauxrot - Exceed Limits","og_description":"Artikelnummer:\u00a0220104 Lieferzeit: 2-3 Werktage  &nbsp;  Gr\u00f6\u00dfenreferenz:  Unser Team tr\u00e4gt Gr\u00f6\u00dfe M bei 1,82m 85kg","og_url":"https:\/\/exceedlimits.de\/en\/shop\/frauen\/hoodies-frauen\/exceed-casual-hoodie-bordeauxrot\/","og_site_name":"Exceed Limits","article_modified_time":"2025-01-25T02:46:39+00:00","og_image":[{"width":1728,"height":2160,"url":"https:\/\/exceedlimits.de\/wp-content\/uploads\/2018\/11\/Exceed-Casual-hoodie-front-mockup-Bordeaux-burgundy-frostfoil-front-exceed-limit.webp","type":"image\/webp"}],"twitter_card":"summary_large_image","twitter_misc":{"Est. reading time":"1 minute"},"schema":{"@context":"https:\/\/schema.org","@graph":[{"@type":"WebPage","@id":"https:\/\/exceedlimits.de\/shop\/frauen\/hoodies-frauen\/exceed-casual-hoodie-bordeauxrot\/","url":"https:\/\/exceedlimits.de\/shop\/frauen\/hoodies-frauen\/exceed-casual-hoodie-bordeauxrot\/","name":"Exceed Casual Hoodie - Bordeauxrot - Exceed Limits","isPartOf":{"@id":"https:\/\/exceedlimits.de\/#website"},"primaryImageOfPage":{"@id":"https:\/\/exceedlimits.de\/shop\/frauen\/hoodies-frauen\/exceed-casual-hoodie-bordeauxrot\/#primaryimage"},"image":{"@id":"https:\/\/exceedlimits.de\/shop\/frauen\/hoodies-frauen\/exceed-casual-hoodie-bordeauxrot\/#primaryimage"},"thumbnailUrl":"https:\/\/exceedlimits.de\/wp-content\/uploads\/2018\/11\/Exceed-Casual-hoodie-front-mockup-Bordeaux-burgundy-frostfoil-front-exceed-limit.webp","datePublished":"2018-11-18T17:01:12+00:00","dateModified":"2025-01-25T02:46:39+00:00","breadcrumb":{"@id":"https:\/\/exceedlimits.de\/shop\/frauen\/hoodies-frauen\/exceed-casual-hoodie-bordeauxrot\/#breadcrumb"},"inLanguage":"en-US","potentialAction":[{"@type":"ReadAction","target":["https:\/\/exceedlimits.de\/shop\/frauen\/hoodies-frauen\/exceed-casual-hoodie-bordeauxrot\/"]}]},{"@type":"ImageObject","inLanguage":"en-US","@id":"https:\/\/exceedlimits.de\/shop\/frauen\/hoodies-frauen\/exceed-casual-hoodie-bordeauxrot\/#primaryimage","url":"https:\/\/exceedlimits.de\/wp-content\/uploads\/2018\/11\/Exceed-Casual-hoodie-front-mockup-Bordeaux-burgundy-frostfoil-front-exceed-limit.webp","contentUrl":"https:\/\/exceedlimits.de\/wp-content\/uploads\/2018\/11\/Exceed-Casual-hoodie-front-mockup-Bordeaux-burgundy-frostfoil-front-exceed-limit.webp","width":1728,"height":2160},{"@type":"BreadcrumbList","@id":"https:\/\/exceedlimits.de\/shop\/frauen\/hoodies-frauen\/exceed-casual-hoodie-bordeauxrot\/#breadcrumb","itemListElement":[{"@type":"ListItem","position":1,"name":"Startseite","item":"https:\/\/exceedlimits.de\/"},{"@type":"ListItem","position":2,"name":"Shop","item":"https:\/\/exceedlimits.de\/shop\/"},{"@type":"ListItem","position":3,"name":"Exceed Casual Hoodie &#8211; Bordeauxrot"}]},{"@type":"WebSite","@id":"https:\/\/exceedlimits.de\/#website","url":"https:\/\/exceedlimits.de\/","name":"Exceed Limits","description":"Exceed your limits to succeed your dreams","publisher":{"@id":"https:\/\/exceedlimits.de\/#organization"},"potentialAction":[{"@type":"SearchAction","target":{"@type":"EntryPoint","urlTemplate":"https:\/\/exceedlimits.de\/?s={search_term_string}"},"query-input":{"@type":"PropertyValueSpecification","valueRequired":true,"valueName":"search_term_string"}}],"inLanguage":"en-US"},{"@type":"Organization","@id":"https:\/\/exceedlimits.de\/#organization","name":"Exceed Limit","url":"https:\/\/exceedlimits.de\/","logo":{"@type":"ImageObject","inLanguage":"en-US","@id":"https:\/\/exceedlimits.de\/#\/schema\/logo\/image\/","url":"https:\/\/exceedlimits.eu\/wp-content\/uploads\/2018\/02\/cropped-favicon.jpg","contentUrl":"https:\/\/exceedlimits.eu\/wp-content\/uploads\/2018\/02\/cropped-favicon.jpg","width":512,"height":512,"caption":"Exceed Limit"},"image":{"@id":"https:\/\/exceedlimits.de\/#\/schema\/logo\/image\/"},"sameAs":["https:\/\/www.instagram.com\/exlimit_official\/"]}]}},"_links":{"self":[{"href":"https:\/\/exceedlimits.de\/en\/wp-json\/wp\/v2\/product\/1929","targetHints":{"allow":["GET"]}}],"collection":[{"href":"https:\/\/exceedlimits.de\/en\/wp-json\/wp\/v2\/product"}],"about":[{"href":"https:\/\/exceedlimits.de\/en\/wp-json\/wp\/v2\/types\/product"}],"replies":[{"embeddable":true,"href":"https:\/\/exceedlimits.de\/en\/wp-json\/wp\/v2\/comments?post=1929"}],"version-history":[{"count":1,"href":"https:\/\/exceedlimits.de\/en\/wp-json\/wp\/v2\/product\/1929\/revisions"}],"predecessor-version":[{"id":46659,"href":"https:\/\/exceedlimits.de\/en\/wp-json\/wp\/v2\/product\/1929\/revisions\/46659"}],"wp:featuredmedia":[{"embeddable":true,"href":"https:\/\/exceedlimits.de\/en\/wp-json\/wp\/v2\/media\/46658"}],"wp:attachment":[{"href":"https:\/\/exceedlimits.de\/en\/wp-json\/wp\/v2\/media?parent=1929"}],"wp:term":[{"taxonomy":"product_brand","embeddable":true,"href":"https:\/\/exceedlimits.de\/en\/wp-json\/wp\/v2\/product_brand?post=1929"},{"taxonomy":"product_cat","embeddable":true,"href":"https:\/\/exceedlimits.de\/en\/wp-json\/wp\/v2\/product_cat?post=1929"},{"taxonomy":"product_tag","embeddable":true,"href":"https:\/\/exceedlimits.de\/en\/wp-json\/wp\/v2\/product_tag?post=1929"}],"curies":[{"name":"wp","href":"https:\/\/api.w.org\/{rel}","templated":true}]}}