{"id":1987,"date":"2018-11-19T00:44:11","date_gmt":"2018-11-18T23:44:11","guid":{"rendered":"https:\/\/exceedlimits.eu\/?post_type=product&#038;p=1987"},"modified":"2026-04-08T20:58:04","modified_gmt":"2026-04-08T18:58:04","slug":"exceed-limits-womens-shorts-jet-black","status":"publish","type":"product","link":"https:\/\/exceedlimits.de\/en\/shop\/frauen\/leggings-hosen\/exceed-limits-womens-shorts-jet-black\/","title":{"rendered":"Exceed Limits Women&#8217;s Shorts &#8211; Jet Black"},"content":{"rendered":"<p><strong>EXCEED LIMITS WOMEN&#8217;S SHORTS &#8211; JET BLACK<\/strong><\/p>\n<p>Um deine Grenze zu \u00fcberschreiten und dein Ziel zu erreichen, brauchst du die richtige Kleidung. Mit der Exceed Limits Shorts kannst du dein Training und deinen Alltag optimal gestalten. Mit dem Exceed Limits Logo reiht sie sich in unsere Exceed Limit Reihe ein, die sich zum Ziel gesetzt hat, mit dir alle Grenzen, die zwischen dir und deinen Zielen stehen, zu \u00fcberschreiten.<\/p>\n<p><strong>Material<\/strong>: 100% Baumwolle<br \/>\n<strong>Passform<\/strong>: Regular Fit<br \/>\n<strong>Pflegehinweise<\/strong>: Maschinenw\u00e4sche auf links bei 30\u00b0C<\/p>\n<p><strong>HIGHLIGHTS DIE \u00dcBERZEUGEN<\/strong><\/p>\n<ul>\n<li>Optimal f\u00fcr Training und Alltag<\/li>\n<li>Hoher Tragekomfort<\/li>\n<li>Sportliches Design<\/li>\n<li>Strapazierf\u00e4higes Material<\/li>\n<li>Exceed Limits Logo betont deine Ambition<\/li>\n<\/ul>","protected":false},"excerpt":{"rendered":"<p>Artikelnummer:\u00a0200702<br \/>\nLieferzeit: <span style=\"color: #00ff00;\">2-3 Werktage<\/span><\/p>\n<p>Gr\u00f6\u00dfenreferenz:<\/p>\n<p>Unser Team tr\u00e4gt Gr\u00f6\u00dfe S bei 1,65m 53kg<\/p>","protected":false},"featured_media":1992,"comment_status":"open","ping_status":"closed","template":"","meta":{"om_disable_all_campaigns":false,"_monsterinsights_skip_tracking":false,"_monsterinsights_sitenote_active":false,"_monsterinsights_sitenote_note":"","_monsterinsights_sitenote_category":0,"_uf_show_specific_survey":0,"_uf_disable_surveys":false},"product_brand":[],"product_cat":[158],"product_tag":[39,107,179,186,26,206,209,187,210,55,67,203,24,207,208,162,161],"class_list":{"0":"post-1987","1":"product","2":"type-product","3":"status-publish","4":"has-post-thumbnail","6":"product_cat-leggings-hosen","7":"product_tag-black","8":"product_tag-exceed-limits","9":"product_tag-exceedlimits","10":"product_tag-frauen","11":"product_tag-gym","12":"product_tag-gymshorts","13":"product_tag-high","14":"product_tag-jet-black","15":"product_tag-quality","16":"product_tag-schwarz","17":"product_tag-schwarz-weiss","18":"product_tag-shorts","19":"product_tag-sport","20":"product_tag-sportshorts","21":"product_tag-weiss","22":"product_tag-woman","23":"product_tag-women","25":"first","26":"instock","27":"shipping-taxable","28":"purchasable","29":"product-type-variable"},"aioseo_notices":[],"yoast_head":"<!-- This site is optimized with the Yoast SEO plugin v24.9 - https:\/\/yoast.com\/wordpress\/plugins\/seo\/ -->\n<title>Exceed Limits Women&#039;s Shorts - Jet Black - Exceed Limits<\/title>\n<meta name=\"robots\" content=\"index, follow, max-snippet:-1, max-image-preview:large, max-video-preview:-1\" \/>\n<link rel=\"canonical\" href=\"https:\/\/exceedlimits.de\/en\/shop\/frauen\/leggings-hosen\/exceed-limits-womens-shorts-jet-black\/\" \/>\n<meta property=\"og:locale\" content=\"en_US\" \/>\n<meta property=\"og:type\" content=\"article\" \/>\n<meta property=\"og:title\" content=\"Exceed Limits Women&#039;s Shorts - Jet Black - Exceed Limits\" \/>\n<meta property=\"og:description\" content=\"Artikelnummer:\u00a0200702 Lieferzeit: 2-3 Werktage  Gr\u00f6\u00dfenreferenz:  Unser Team tr\u00e4gt Gr\u00f6\u00dfe S bei 1,65m 53kg\" \/>\n<meta property=\"og:url\" content=\"https:\/\/exceedlimits.de\/en\/shop\/frauen\/leggings-hosen\/exceed-limits-womens-shorts-jet-black\/\" \/>\n<meta property=\"og:site_name\" content=\"Exceed Limits\" \/>\n<meta property=\"article:modified_time\" content=\"2026-04-08T18:58:04+00:00\" \/>\n<meta property=\"og:image\" content=\"https:\/\/exceedlimits.de\/wp-content\/uploads\/2018\/11\/Shorts-schwarz-frauen.jpg\" \/>\n\t<meta property=\"og:image:width\" content=\"400\" \/>\n\t<meta property=\"og:image:height\" content=\"351\" \/>\n\t<meta property=\"og:image:type\" content=\"image\/jpeg\" \/>\n<meta name=\"twitter:card\" content=\"summary_large_image\" \/>\n<meta name=\"twitter:label1\" content=\"Est. reading time\" \/>\n\t<meta name=\"twitter:data1\" content=\"1 minute\" \/>\n<script type=\"application\/ld+json\" class=\"yoast-schema-graph\">{\"@context\":\"https:\/\/schema.org\",\"@graph\":[{\"@type\":\"WebPage\",\"@id\":\"https:\/\/exceedlimits.de\/shop\/frauen\/leggings-hosen\/exceed-limits-womens-shorts-jet-black\/\",\"url\":\"https:\/\/exceedlimits.de\/shop\/frauen\/leggings-hosen\/exceed-limits-womens-shorts-jet-black\/\",\"name\":\"Exceed Limits Women's Shorts - Jet Black - Exceed Limits\",\"isPartOf\":{\"@id\":\"https:\/\/exceedlimits.de\/#website\"},\"primaryImageOfPage\":{\"@id\":\"https:\/\/exceedlimits.de\/shop\/frauen\/leggings-hosen\/exceed-limits-womens-shorts-jet-black\/#primaryimage\"},\"image\":{\"@id\":\"https:\/\/exceedlimits.de\/shop\/frauen\/leggings-hosen\/exceed-limits-womens-shorts-jet-black\/#primaryimage\"},\"thumbnailUrl\":\"https:\/\/exceedlimits.de\/wp-content\/uploads\/2018\/11\/Shorts-schwarz-frauen.jpg\",\"datePublished\":\"2018-11-18T23:44:11+00:00\",\"dateModified\":\"2026-04-08T18:58:04+00:00\",\"breadcrumb\":{\"@id\":\"https:\/\/exceedlimits.de\/shop\/frauen\/leggings-hosen\/exceed-limits-womens-shorts-jet-black\/#breadcrumb\"},\"inLanguage\":\"en-US\",\"potentialAction\":[{\"@type\":\"ReadAction\",\"target\":[\"https:\/\/exceedlimits.de\/shop\/frauen\/leggings-hosen\/exceed-limits-womens-shorts-jet-black\/\"]}]},{\"@type\":\"ImageObject\",\"inLanguage\":\"en-US\",\"@id\":\"https:\/\/exceedlimits.de\/shop\/frauen\/leggings-hosen\/exceed-limits-womens-shorts-jet-black\/#primaryimage\",\"url\":\"https:\/\/exceedlimits.de\/wp-content\/uploads\/2018\/11\/Shorts-schwarz-frauen.jpg\",\"contentUrl\":\"https:\/\/exceedlimits.de\/wp-content\/uploads\/2018\/11\/Shorts-schwarz-frauen.jpg\",\"width\":400,\"height\":351},{\"@type\":\"BreadcrumbList\",\"@id\":\"https:\/\/exceedlimits.de\/shop\/frauen\/leggings-hosen\/exceed-limits-womens-shorts-jet-black\/#breadcrumb\",\"itemListElement\":[{\"@type\":\"ListItem\",\"position\":1,\"name\":\"Startseite\",\"item\":\"https:\/\/exceedlimits.de\/\"},{\"@type\":\"ListItem\",\"position\":2,\"name\":\"Shop\",\"item\":\"https:\/\/exceedlimits.de\/shop\/\"},{\"@type\":\"ListItem\",\"position\":3,\"name\":\"Exceed Limits Women&#8217;s Shorts &#8211; Jet Black\"}]},{\"@type\":\"WebSite\",\"@id\":\"https:\/\/exceedlimits.de\/#website\",\"url\":\"https:\/\/exceedlimits.de\/\",\"name\":\"Exceed Limits\",\"description\":\"Exceed your limits to succeed your dreams\",\"publisher\":{\"@id\":\"https:\/\/exceedlimits.de\/#organization\"},\"potentialAction\":[{\"@type\":\"SearchAction\",\"target\":{\"@type\":\"EntryPoint\",\"urlTemplate\":\"https:\/\/exceedlimits.de\/?s={search_term_string}\"},\"query-input\":{\"@type\":\"PropertyValueSpecification\",\"valueRequired\":true,\"valueName\":\"search_term_string\"}}],\"inLanguage\":\"en-US\"},{\"@type\":\"Organization\",\"@id\":\"https:\/\/exceedlimits.de\/#organization\",\"name\":\"Exceed Limit\",\"url\":\"https:\/\/exceedlimits.de\/\",\"logo\":{\"@type\":\"ImageObject\",\"inLanguage\":\"en-US\",\"@id\":\"https:\/\/exceedlimits.de\/#\/schema\/logo\/image\/\",\"url\":\"https:\/\/exceedlimits.eu\/wp-content\/uploads\/2018\/02\/cropped-favicon.jpg\",\"contentUrl\":\"https:\/\/exceedlimits.eu\/wp-content\/uploads\/2018\/02\/cropped-favicon.jpg\",\"width\":512,\"height\":512,\"caption\":\"Exceed Limit\"},\"image\":{\"@id\":\"https:\/\/exceedlimits.de\/#\/schema\/logo\/image\/\"},\"sameAs\":[\"https:\/\/www.instagram.com\/exlimit_official\/\"]}]}<\/script>\n<!-- \/ Yoast SEO plugin. -->","yoast_head_json":{"title":"Exceed Limits Women's Shorts - Jet Black - Exceed Limits","robots":{"index":"index","follow":"follow","max-snippet":"max-snippet:-1","max-image-preview":"max-image-preview:large","max-video-preview":"max-video-preview:-1"},"canonical":"https:\/\/exceedlimits.de\/en\/shop\/frauen\/leggings-hosen\/exceed-limits-womens-shorts-jet-black\/","og_locale":"en_US","og_type":"article","og_title":"Exceed Limits Women's Shorts - Jet Black - Exceed Limits","og_description":"Artikelnummer:\u00a0200702 Lieferzeit: 2-3 Werktage  Gr\u00f6\u00dfenreferenz:  Unser Team tr\u00e4gt Gr\u00f6\u00dfe S bei 1,65m 53kg","og_url":"https:\/\/exceedlimits.de\/en\/shop\/frauen\/leggings-hosen\/exceed-limits-womens-shorts-jet-black\/","og_site_name":"Exceed Limits","article_modified_time":"2026-04-08T18:58:04+00:00","og_image":[{"width":400,"height":351,"url":"https:\/\/exceedlimits.de\/wp-content\/uploads\/2018\/11\/Shorts-schwarz-frauen.jpg","type":"image\/jpeg"}],"twitter_card":"summary_large_image","twitter_misc":{"Est. reading time":"1 minute"},"schema":{"@context":"https:\/\/schema.org","@graph":[{"@type":"WebPage","@id":"https:\/\/exceedlimits.de\/shop\/frauen\/leggings-hosen\/exceed-limits-womens-shorts-jet-black\/","url":"https:\/\/exceedlimits.de\/shop\/frauen\/leggings-hosen\/exceed-limits-womens-shorts-jet-black\/","name":"Exceed Limits Women's Shorts - Jet Black - Exceed Limits","isPartOf":{"@id":"https:\/\/exceedlimits.de\/#website"},"primaryImageOfPage":{"@id":"https:\/\/exceedlimits.de\/shop\/frauen\/leggings-hosen\/exceed-limits-womens-shorts-jet-black\/#primaryimage"},"image":{"@id":"https:\/\/exceedlimits.de\/shop\/frauen\/leggings-hosen\/exceed-limits-womens-shorts-jet-black\/#primaryimage"},"thumbnailUrl":"https:\/\/exceedlimits.de\/wp-content\/uploads\/2018\/11\/Shorts-schwarz-frauen.jpg","datePublished":"2018-11-18T23:44:11+00:00","dateModified":"2026-04-08T18:58:04+00:00","breadcrumb":{"@id":"https:\/\/exceedlimits.de\/shop\/frauen\/leggings-hosen\/exceed-limits-womens-shorts-jet-black\/#breadcrumb"},"inLanguage":"en-US","potentialAction":[{"@type":"ReadAction","target":["https:\/\/exceedlimits.de\/shop\/frauen\/leggings-hosen\/exceed-limits-womens-shorts-jet-black\/"]}]},{"@type":"ImageObject","inLanguage":"en-US","@id":"https:\/\/exceedlimits.de\/shop\/frauen\/leggings-hosen\/exceed-limits-womens-shorts-jet-black\/#primaryimage","url":"https:\/\/exceedlimits.de\/wp-content\/uploads\/2018\/11\/Shorts-schwarz-frauen.jpg","contentUrl":"https:\/\/exceedlimits.de\/wp-content\/uploads\/2018\/11\/Shorts-schwarz-frauen.jpg","width":400,"height":351},{"@type":"BreadcrumbList","@id":"https:\/\/exceedlimits.de\/shop\/frauen\/leggings-hosen\/exceed-limits-womens-shorts-jet-black\/#breadcrumb","itemListElement":[{"@type":"ListItem","position":1,"name":"Startseite","item":"https:\/\/exceedlimits.de\/"},{"@type":"ListItem","position":2,"name":"Shop","item":"https:\/\/exceedlimits.de\/shop\/"},{"@type":"ListItem","position":3,"name":"Exceed Limits Women&#8217;s Shorts &#8211; Jet Black"}]},{"@type":"WebSite","@id":"https:\/\/exceedlimits.de\/#website","url":"https:\/\/exceedlimits.de\/","name":"Exceed Limits","description":"Exceed your limits to succeed your dreams","publisher":{"@id":"https:\/\/exceedlimits.de\/#organization"},"potentialAction":[{"@type":"SearchAction","target":{"@type":"EntryPoint","urlTemplate":"https:\/\/exceedlimits.de\/?s={search_term_string}"},"query-input":{"@type":"PropertyValueSpecification","valueRequired":true,"valueName":"search_term_string"}}],"inLanguage":"en-US"},{"@type":"Organization","@id":"https:\/\/exceedlimits.de\/#organization","name":"Exceed Limit","url":"https:\/\/exceedlimits.de\/","logo":{"@type":"ImageObject","inLanguage":"en-US","@id":"https:\/\/exceedlimits.de\/#\/schema\/logo\/image\/","url":"https:\/\/exceedlimits.eu\/wp-content\/uploads\/2018\/02\/cropped-favicon.jpg","contentUrl":"https:\/\/exceedlimits.eu\/wp-content\/uploads\/2018\/02\/cropped-favicon.jpg","width":512,"height":512,"caption":"Exceed Limit"},"image":{"@id":"https:\/\/exceedlimits.de\/#\/schema\/logo\/image\/"},"sameAs":["https:\/\/www.instagram.com\/exlimit_official\/"]}]}},"_links":{"self":[{"href":"https:\/\/exceedlimits.de\/en\/wp-json\/wp\/v2\/product\/1987","targetHints":{"allow":["GET"]}}],"collection":[{"href":"https:\/\/exceedlimits.de\/en\/wp-json\/wp\/v2\/product"}],"about":[{"href":"https:\/\/exceedlimits.de\/en\/wp-json\/wp\/v2\/types\/product"}],"replies":[{"embeddable":true,"href":"https:\/\/exceedlimits.de\/en\/wp-json\/wp\/v2\/comments?post=1987"}],"version-history":[{"count":1,"href":"https:\/\/exceedlimits.de\/en\/wp-json\/wp\/v2\/product\/1987\/revisions"}],"predecessor-version":[{"id":1993,"href":"https:\/\/exceedlimits.de\/en\/wp-json\/wp\/v2\/product\/1987\/revisions\/1993"}],"wp:featuredmedia":[{"embeddable":true,"href":"https:\/\/exceedlimits.de\/en\/wp-json\/wp\/v2\/media\/1992"}],"wp:attachment":[{"href":"https:\/\/exceedlimits.de\/en\/wp-json\/wp\/v2\/media?parent=1987"}],"wp:term":[{"taxonomy":"product_brand","embeddable":true,"href":"https:\/\/exceedlimits.de\/en\/wp-json\/wp\/v2\/product_brand?post=1987"},{"taxonomy":"product_cat","embeddable":true,"href":"https:\/\/exceedlimits.de\/en\/wp-json\/wp\/v2\/product_cat?post=1987"},{"taxonomy":"product_tag","embeddable":true,"href":"https:\/\/exceedlimits.de\/en\/wp-json\/wp\/v2\/product_tag?post=1987"}],"curies":[{"name":"wp","href":"https:\/\/api.w.org\/{rel}","templated":true}]}}