{"id":2017,"date":"2018-11-19T20:05:49","date_gmt":"2018-11-19T18:05:49","guid":{"rendered":"https:\/\/exceedlimits.eu\/?post_type=product&#038;p=2017"},"modified":"2026-04-18T17:01:16","modified_gmt":"2026-04-18T15:01:16","slug":"exceed-shirt-blackfire","status":"publish","type":"product","link":"https:\/\/exceedlimits.de\/en\/shop\/herren\/t-shirts-maenner\/exceed-shirt-blackfire\/","title":{"rendered":"Exceed Shirt &#8211; Blackfire Vulcan Edition"},"content":{"rendered":"<p><strong>EXCEED SHIRT &#8211; BLACKFIRE<\/strong><\/p>\n<p>Um deine Grenze zu \u00fcberschreiten und dein Ziel zu erreichen, brauchst du die richtige Kleidung. Mit dem Exceed Shirt in der limitierten Blackfire Edition kannst du dein Training und deinen Alltag optimal gestalten. Mit dem Exceed Limits Schriftzug reiht er sich in unsere Exceed Limit Reihe ein, die sich zum Ziel gesetzt hat, mit dir alle Grenzen, die zwischen dir und deinen Zielen stehen, zu \u00fcberschreiten.<\/p>\n<p><strong>Material<\/strong>: 100% Baumwolle<br \/>\n<strong>Passform<\/strong>: Slim Fit<br \/>\n<strong>Pflegehinweise<\/strong>: Maschinenw\u00e4sche auf links bei 30\u00b0C<\/p>\n<p><strong>HIGHLIGHTS DIE \u00dcBERZEUGEN<\/strong><\/p>\n<ul>\n<li>Optimal f\u00fcr Training und Alltag<\/li>\n<li>Hoher Tragekomfort<\/li>\n<li>Sportlicher V-Schnitt<\/li>\n<li>Exceed Limits Schriftzug betont deine Ambition<\/li>\n<li>Limitierte Blackfire Edition<\/li>\n<\/ul>","protected":false},"excerpt":{"rendered":"<p>Artikelnummer:\u00a0210202<br \/>\nLieferzeit: <span style=\"color: #00ff00;\">5-7 Werktage<\/span><\/p>\n<p>&nbsp;<\/p>\n<p>Gr\u00f6\u00dfenreferenz:<\/p>\n<p>Unser Team tr\u00e4gt Gr\u00f6\u00dfe M bei 1,78m 80kg<\/p>","protected":false},"featured_media":47711,"comment_status":"open","ping_status":"closed","template":"","meta":{"om_disable_all_campaigns":false,"_monsterinsights_skip_tracking":false,"_monsterinsights_sitenote_active":false,"_monsterinsights_sitenote_note":"","_monsterinsights_sitenote_category":0,"_uf_show_specific_survey":0,"_uf_disable_surveys":false},"product_brand":[],"product_cat":[429,27],"product_tag":[39,278,280,279,282,286,285,235,216,214,215,243,231,284,55,281,283,208,41],"class_list":{"0":"post-2017","1":"product","2":"type-product","3":"status-publish","4":"has-post-thumbnail","6":"product_cat-sponsoring","7":"product_cat-t-shirts-maenner","8":"product_tag-black","9":"product_tag-black-fire","10":"product_tag-black-red-white","11":"product_tag-blackfire","12":"product_tag-exceed-limits-schriftzug","13":"product_tag-fire","14":"product_tag-freestyle","15":"product_tag-herren","16":"product_tag-man","17":"product_tag-maenner","18":"product_tag-men","19":"product_tag-red","20":"product_tag-rot","21":"product_tag-schnoerkel","22":"product_tag-schwarz","23":"product_tag-schwarz-rot-weiss","24":"product_tag-v2","25":"product_tag-weiss","26":"product_tag-white","28":"first","29":"instock","30":"featured","31":"shipping-taxable","32":"purchasable","33":"product-type-variable"},"aioseo_notices":[],"yoast_head":"<!-- This site is optimized with the Yoast SEO plugin v24.9 - https:\/\/yoast.com\/wordpress\/plugins\/seo\/ -->\n<title>Exceed Shirt - Blackfire Vulcan Edition - Exceed Limits<\/title>\n<meta name=\"robots\" content=\"index, follow, max-snippet:-1, max-image-preview:large, max-video-preview:-1\" \/>\n<link rel=\"canonical\" href=\"https:\/\/exceedlimits.de\/en\/shop\/herren\/t-shirts-maenner\/exceed-shirt-blackfire\/\" \/>\n<meta property=\"og:locale\" content=\"en_US\" \/>\n<meta property=\"og:type\" content=\"article\" \/>\n<meta property=\"og:title\" content=\"Exceed Shirt - Blackfire Vulcan Edition - Exceed Limits\" \/>\n<meta property=\"og:description\" content=\"Artikelnummer:\u00a0210202 Lieferzeit: 5-7 Werktage  &nbsp;  Gr\u00f6\u00dfenreferenz:  Unser Team tr\u00e4gt Gr\u00f6\u00dfe M bei 1,78m 80kg\" \/>\n<meta property=\"og:url\" content=\"https:\/\/exceedlimits.de\/en\/shop\/herren\/t-shirts-maenner\/exceed-shirt-blackfire\/\" \/>\n<meta property=\"og:site_name\" content=\"Exceed Limits\" \/>\n<meta property=\"article:modified_time\" content=\"2026-04-18T15:01:16+00:00\" \/>\n<meta property=\"og:image\" content=\"https:\/\/exceedlimits.de\/wp-content\/uploads\/2019\/05\/exceed-shirt-blackfire-vulcan-edition.webp\" \/>\n\t<meta property=\"og:image:width\" content=\"1728\" \/>\n\t<meta property=\"og:image:height\" content=\"2160\" \/>\n\t<meta property=\"og:image:type\" content=\"image\/webp\" \/>\n<meta name=\"twitter:card\" content=\"summary_large_image\" \/>\n<meta name=\"twitter:label1\" content=\"Est. reading time\" \/>\n\t<meta name=\"twitter:data1\" content=\"1 minute\" \/>\n<script type=\"application\/ld+json\" class=\"yoast-schema-graph\">{\"@context\":\"https:\/\/schema.org\",\"@graph\":[{\"@type\":\"WebPage\",\"@id\":\"https:\/\/exceedlimits.de\/shop\/herren\/t-shirts-maenner\/exceed-shirt-blackfire\/\",\"url\":\"https:\/\/exceedlimits.de\/shop\/herren\/t-shirts-maenner\/exceed-shirt-blackfire\/\",\"name\":\"Exceed Shirt - Blackfire Vulcan Edition - Exceed Limits\",\"isPartOf\":{\"@id\":\"https:\/\/exceedlimits.de\/#website\"},\"primaryImageOfPage\":{\"@id\":\"https:\/\/exceedlimits.de\/shop\/herren\/t-shirts-maenner\/exceed-shirt-blackfire\/#primaryimage\"},\"image\":{\"@id\":\"https:\/\/exceedlimits.de\/shop\/herren\/t-shirts-maenner\/exceed-shirt-blackfire\/#primaryimage\"},\"thumbnailUrl\":\"https:\/\/exceedlimits.de\/wp-content\/uploads\/2019\/05\/exceed-shirt-blackfire-vulcan-edition.webp\",\"datePublished\":\"2018-11-19T18:05:49+00:00\",\"dateModified\":\"2026-04-18T15:01:16+00:00\",\"breadcrumb\":{\"@id\":\"https:\/\/exceedlimits.de\/shop\/herren\/t-shirts-maenner\/exceed-shirt-blackfire\/#breadcrumb\"},\"inLanguage\":\"en-US\",\"potentialAction\":[{\"@type\":\"ReadAction\",\"target\":[\"https:\/\/exceedlimits.de\/shop\/herren\/t-shirts-maenner\/exceed-shirt-blackfire\/\"]}]},{\"@type\":\"ImageObject\",\"inLanguage\":\"en-US\",\"@id\":\"https:\/\/exceedlimits.de\/shop\/herren\/t-shirts-maenner\/exceed-shirt-blackfire\/#primaryimage\",\"url\":\"https:\/\/exceedlimits.de\/wp-content\/uploads\/2019\/05\/exceed-shirt-blackfire-vulcan-edition.webp\",\"contentUrl\":\"https:\/\/exceedlimits.de\/wp-content\/uploads\/2019\/05\/exceed-shirt-blackfire-vulcan-edition.webp\",\"width\":1728,\"height\":2160},{\"@type\":\"BreadcrumbList\",\"@id\":\"https:\/\/exceedlimits.de\/shop\/herren\/t-shirts-maenner\/exceed-shirt-blackfire\/#breadcrumb\",\"itemListElement\":[{\"@type\":\"ListItem\",\"position\":1,\"name\":\"Startseite\",\"item\":\"https:\/\/exceedlimits.de\/\"},{\"@type\":\"ListItem\",\"position\":2,\"name\":\"Shop\",\"item\":\"https:\/\/exceedlimits.de\/shop\/\"},{\"@type\":\"ListItem\",\"position\":3,\"name\":\"Exceed Shirt &#8211; Blackfire Vulcan Edition\"}]},{\"@type\":\"WebSite\",\"@id\":\"https:\/\/exceedlimits.de\/#website\",\"url\":\"https:\/\/exceedlimits.de\/\",\"name\":\"Exceed Limits\",\"description\":\"Exceed your limits to succeed your dreams\",\"publisher\":{\"@id\":\"https:\/\/exceedlimits.de\/#organization\"},\"potentialAction\":[{\"@type\":\"SearchAction\",\"target\":{\"@type\":\"EntryPoint\",\"urlTemplate\":\"https:\/\/exceedlimits.de\/?s={search_term_string}\"},\"query-input\":{\"@type\":\"PropertyValueSpecification\",\"valueRequired\":true,\"valueName\":\"search_term_string\"}}],\"inLanguage\":\"en-US\"},{\"@type\":\"Organization\",\"@id\":\"https:\/\/exceedlimits.de\/#organization\",\"name\":\"Exceed Limit\",\"url\":\"https:\/\/exceedlimits.de\/\",\"logo\":{\"@type\":\"ImageObject\",\"inLanguage\":\"en-US\",\"@id\":\"https:\/\/exceedlimits.de\/#\/schema\/logo\/image\/\",\"url\":\"https:\/\/exceedlimits.eu\/wp-content\/uploads\/2018\/02\/cropped-favicon.jpg\",\"contentUrl\":\"https:\/\/exceedlimits.eu\/wp-content\/uploads\/2018\/02\/cropped-favicon.jpg\",\"width\":512,\"height\":512,\"caption\":\"Exceed Limit\"},\"image\":{\"@id\":\"https:\/\/exceedlimits.de\/#\/schema\/logo\/image\/\"},\"sameAs\":[\"https:\/\/www.instagram.com\/exlimit_official\/\"]}]}<\/script>\n<!-- \/ Yoast SEO plugin. -->","yoast_head_json":{"title":"Exceed Shirt - Blackfire Vulcan Edition - Exceed Limits","robots":{"index":"index","follow":"follow","max-snippet":"max-snippet:-1","max-image-preview":"max-image-preview:large","max-video-preview":"max-video-preview:-1"},"canonical":"https:\/\/exceedlimits.de\/en\/shop\/herren\/t-shirts-maenner\/exceed-shirt-blackfire\/","og_locale":"en_US","og_type":"article","og_title":"Exceed Shirt - Blackfire Vulcan Edition - Exceed Limits","og_description":"Artikelnummer:\u00a0210202 Lieferzeit: 5-7 Werktage  &nbsp;  Gr\u00f6\u00dfenreferenz:  Unser Team tr\u00e4gt Gr\u00f6\u00dfe M bei 1,78m 80kg","og_url":"https:\/\/exceedlimits.de\/en\/shop\/herren\/t-shirts-maenner\/exceed-shirt-blackfire\/","og_site_name":"Exceed Limits","article_modified_time":"2026-04-18T15:01:16+00:00","og_image":[{"width":1728,"height":2160,"url":"https:\/\/exceedlimits.de\/wp-content\/uploads\/2019\/05\/exceed-shirt-blackfire-vulcan-edition.webp","type":"image\/webp"}],"twitter_card":"summary_large_image","twitter_misc":{"Est. reading time":"1 minute"},"schema":{"@context":"https:\/\/schema.org","@graph":[{"@type":"WebPage","@id":"https:\/\/exceedlimits.de\/shop\/herren\/t-shirts-maenner\/exceed-shirt-blackfire\/","url":"https:\/\/exceedlimits.de\/shop\/herren\/t-shirts-maenner\/exceed-shirt-blackfire\/","name":"Exceed Shirt - Blackfire Vulcan Edition - Exceed Limits","isPartOf":{"@id":"https:\/\/exceedlimits.de\/#website"},"primaryImageOfPage":{"@id":"https:\/\/exceedlimits.de\/shop\/herren\/t-shirts-maenner\/exceed-shirt-blackfire\/#primaryimage"},"image":{"@id":"https:\/\/exceedlimits.de\/shop\/herren\/t-shirts-maenner\/exceed-shirt-blackfire\/#primaryimage"},"thumbnailUrl":"https:\/\/exceedlimits.de\/wp-content\/uploads\/2019\/05\/exceed-shirt-blackfire-vulcan-edition.webp","datePublished":"2018-11-19T18:05:49+00:00","dateModified":"2026-04-18T15:01:16+00:00","breadcrumb":{"@id":"https:\/\/exceedlimits.de\/shop\/herren\/t-shirts-maenner\/exceed-shirt-blackfire\/#breadcrumb"},"inLanguage":"en-US","potentialAction":[{"@type":"ReadAction","target":["https:\/\/exceedlimits.de\/shop\/herren\/t-shirts-maenner\/exceed-shirt-blackfire\/"]}]},{"@type":"ImageObject","inLanguage":"en-US","@id":"https:\/\/exceedlimits.de\/shop\/herren\/t-shirts-maenner\/exceed-shirt-blackfire\/#primaryimage","url":"https:\/\/exceedlimits.de\/wp-content\/uploads\/2019\/05\/exceed-shirt-blackfire-vulcan-edition.webp","contentUrl":"https:\/\/exceedlimits.de\/wp-content\/uploads\/2019\/05\/exceed-shirt-blackfire-vulcan-edition.webp","width":1728,"height":2160},{"@type":"BreadcrumbList","@id":"https:\/\/exceedlimits.de\/shop\/herren\/t-shirts-maenner\/exceed-shirt-blackfire\/#breadcrumb","itemListElement":[{"@type":"ListItem","position":1,"name":"Startseite","item":"https:\/\/exceedlimits.de\/"},{"@type":"ListItem","position":2,"name":"Shop","item":"https:\/\/exceedlimits.de\/shop\/"},{"@type":"ListItem","position":3,"name":"Exceed Shirt &#8211; Blackfire Vulcan Edition"}]},{"@type":"WebSite","@id":"https:\/\/exceedlimits.de\/#website","url":"https:\/\/exceedlimits.de\/","name":"Exceed Limits","description":"Exceed your limits to succeed your dreams","publisher":{"@id":"https:\/\/exceedlimits.de\/#organization"},"potentialAction":[{"@type":"SearchAction","target":{"@type":"EntryPoint","urlTemplate":"https:\/\/exceedlimits.de\/?s={search_term_string}"},"query-input":{"@type":"PropertyValueSpecification","valueRequired":true,"valueName":"search_term_string"}}],"inLanguage":"en-US"},{"@type":"Organization","@id":"https:\/\/exceedlimits.de\/#organization","name":"Exceed Limit","url":"https:\/\/exceedlimits.de\/","logo":{"@type":"ImageObject","inLanguage":"en-US","@id":"https:\/\/exceedlimits.de\/#\/schema\/logo\/image\/","url":"https:\/\/exceedlimits.eu\/wp-content\/uploads\/2018\/02\/cropped-favicon.jpg","contentUrl":"https:\/\/exceedlimits.eu\/wp-content\/uploads\/2018\/02\/cropped-favicon.jpg","width":512,"height":512,"caption":"Exceed Limit"},"image":{"@id":"https:\/\/exceedlimits.de\/#\/schema\/logo\/image\/"},"sameAs":["https:\/\/www.instagram.com\/exlimit_official\/"]}]}},"_links":{"self":[{"href":"https:\/\/exceedlimits.de\/en\/wp-json\/wp\/v2\/product\/2017","targetHints":{"allow":["GET"]}}],"collection":[{"href":"https:\/\/exceedlimits.de\/en\/wp-json\/wp\/v2\/product"}],"about":[{"href":"https:\/\/exceedlimits.de\/en\/wp-json\/wp\/v2\/types\/product"}],"replies":[{"embeddable":true,"href":"https:\/\/exceedlimits.de\/en\/wp-json\/wp\/v2\/comments?post=2017"}],"version-history":[{"count":2,"href":"https:\/\/exceedlimits.de\/en\/wp-json\/wp\/v2\/product\/2017\/revisions"}],"predecessor-version":[{"id":27356,"href":"https:\/\/exceedlimits.de\/en\/wp-json\/wp\/v2\/product\/2017\/revisions\/27356"}],"wp:featuredmedia":[{"embeddable":true,"href":"https:\/\/exceedlimits.de\/en\/wp-json\/wp\/v2\/media\/47711"}],"wp:attachment":[{"href":"https:\/\/exceedlimits.de\/en\/wp-json\/wp\/v2\/media?parent=2017"}],"wp:term":[{"taxonomy":"product_brand","embeddable":true,"href":"https:\/\/exceedlimits.de\/en\/wp-json\/wp\/v2\/product_brand?post=2017"},{"taxonomy":"product_cat","embeddable":true,"href":"https:\/\/exceedlimits.de\/en\/wp-json\/wp\/v2\/product_cat?post=2017"},{"taxonomy":"product_tag","embeddable":true,"href":"https:\/\/exceedlimits.de\/en\/wp-json\/wp\/v2\/product_tag?post=2017"}],"curies":[{"name":"wp","href":"https:\/\/api.w.org\/{rel}","templated":true}]}}