{"id":2104,"date":"2018-11-20T06:50:49","date_gmt":"2018-11-20T04:50:49","guid":{"rendered":"https:\/\/exceedlimits.eu\/?post_type=product&#038;p=2104"},"modified":"2025-03-09T01:12:52","modified_gmt":"2025-03-08T23:12:52","slug":"exceed-stringer-white-platinum-edition","status":"publish","type":"product","link":"https:\/\/exceedlimits.de\/en\/shop\/herren\/stringer\/exceed-stringer-white-platinum-edition\/","title":{"rendered":"Exceed Stringer White &#8211; Platinum Edition"},"content":{"rendered":"<p><strong>EXCEED STRINGER WHITE &#8211; PLATINUM EDITION<\/strong><\/p>\n<p>Um deine Grenze zu \u00fcberschreiten und dein Ziel zu erreichen, brauchst du die richtige Kleidung. Mit dem Exceed Stringer in der Platinum Edition kannst du dein Training und deinen Alltag optimal gestalten. Mit dem neuen Exceed Limits Logo reiht er sich in unsere Exceed Limit Reihe ein, die sich zum Ziel gesetzt hat, mit dir alle Grenzen, die zwischen dir und deinen Zielen stehen, zu \u00fcberschreiten.<\/p>\n<p><strong>Material<\/strong>: 100% Polyester<br \/>\n<strong>Passform<\/strong>: Regular Fit<br \/>\n<strong>Pflegehinweise<\/strong>: Maschinenw\u00e4sche auf links bei 30\u00b0C, nicht zum B\u00fcgeln geeignet, nicht f\u00fcr den Trockner geeignet<\/p>\n<p><strong>HIGHLIGHTS DIE \u00dcBERZEUGEN<\/strong><\/p>\n<ul>\n<li>Optimal f\u00fcr dein Training<\/li>\n<li>Hoher Tragekomfort<\/li>\n<li>Sportliches und modernes Design<\/li>\n<li>Strapazierf\u00e4higes Material<\/li>\n<li>Gold Edition<\/li>\n<\/ul>","protected":false},"excerpt":{"rendered":"<p>Artikelnummer:\u00a0210303<br \/>\nLieferzeit: <span style=\"color: #00ff00;\">2-3 Werktage<\/span><\/p>\n<p>&nbsp;<\/p>\n<p>Gr\u00f6\u00dfenreferenz:<\/p>\n<p>Unser Team tr\u00e4gt Gr\u00f6\u00dfe M bei 1,82m 85kg<\/p>","protected":false},"featured_media":46803,"comment_status":"open","ping_status":"closed","template":"","meta":{"om_disable_all_campaigns":false,"_monsterinsights_skip_tracking":false,"_monsterinsights_sitenote_active":false,"_monsterinsights_sitenote_note":"","_monsterinsights_sitenote_category":0,"_uf_show_specific_survey":0,"_uf_disable_surveys":false},"product_brand":[],"product_cat":[429,149],"product_tag":[107,26,235,216,214,215,24,313,311,71],"class_list":{"0":"post-2104","1":"product","2":"type-product","3":"status-publish","4":"has-post-thumbnail","6":"product_cat-sponsoring","7":"product_cat-stringer","8":"product_tag-exceed-limits","9":"product_tag-gym","10":"product_tag-herren","11":"product_tag-man","12":"product_tag-maenner","13":"product_tag-men","14":"product_tag-sport","15":"product_tag-sportbekleidung","16":"product_tag-stringer","17":"product_tag-tank-top","19":"first","20":"instock","21":"shipping-taxable","22":"purchasable","23":"product-type-variable"},"aioseo_notices":[],"yoast_head":"<!-- This site is optimized with the Yoast SEO plugin v24.9 - https:\/\/yoast.com\/wordpress\/plugins\/seo\/ -->\n<title>Exceed Stringer White - Platinum Edition - Exceed Limits<\/title>\n<meta name=\"robots\" content=\"index, follow, max-snippet:-1, max-image-preview:large, max-video-preview:-1\" \/>\n<link rel=\"canonical\" href=\"https:\/\/exceedlimits.de\/en\/shop\/herren\/stringer\/exceed-stringer-white-platinum-edition\/\" \/>\n<meta property=\"og:locale\" content=\"en_US\" \/>\n<meta property=\"og:type\" content=\"article\" \/>\n<meta property=\"og:title\" content=\"Exceed Stringer White - Platinum Edition - Exceed Limits\" \/>\n<meta property=\"og:description\" content=\"Artikelnummer:\u00a0210303 Lieferzeit: 2-3 Werktage  &nbsp;  Gr\u00f6\u00dfenreferenz:  Unser Team tr\u00e4gt Gr\u00f6\u00dfe M bei 1,82m 85kg\" \/>\n<meta property=\"og:url\" content=\"https:\/\/exceedlimits.de\/en\/shop\/herren\/stringer\/exceed-stringer-white-platinum-edition\/\" \/>\n<meta property=\"og:site_name\" content=\"Exceed Limits\" \/>\n<meta property=\"article:modified_time\" content=\"2025-03-08T23:12:52+00:00\" \/>\n<meta property=\"og:image\" content=\"https:\/\/exceedlimits.de\/wp-content\/uploads\/2022\/07\/exceed-stringer-white-platinum-edition.webp\" \/>\n\t<meta property=\"og:image:width\" content=\"1728\" \/>\n\t<meta property=\"og:image:height\" content=\"2160\" \/>\n\t<meta property=\"og:image:type\" content=\"image\/webp\" \/>\n<meta name=\"twitter:card\" content=\"summary_large_image\" \/>\n<meta name=\"twitter:label1\" content=\"Est. reading time\" \/>\n\t<meta name=\"twitter:data1\" content=\"1 minute\" \/>\n<script type=\"application\/ld+json\" class=\"yoast-schema-graph\">{\"@context\":\"https:\/\/schema.org\",\"@graph\":[{\"@type\":\"WebPage\",\"@id\":\"https:\/\/exceedlimits.de\/shop\/herren\/stringer\/exceed-stringer-white-platinum-edition\/\",\"url\":\"https:\/\/exceedlimits.de\/shop\/herren\/stringer\/exceed-stringer-white-platinum-edition\/\",\"name\":\"Exceed Stringer White - Platinum Edition - Exceed Limits\",\"isPartOf\":{\"@id\":\"https:\/\/exceedlimits.de\/#website\"},\"primaryImageOfPage\":{\"@id\":\"https:\/\/exceedlimits.de\/shop\/herren\/stringer\/exceed-stringer-white-platinum-edition\/#primaryimage\"},\"image\":{\"@id\":\"https:\/\/exceedlimits.de\/shop\/herren\/stringer\/exceed-stringer-white-platinum-edition\/#primaryimage\"},\"thumbnailUrl\":\"https:\/\/exceedlimits.de\/wp-content\/uploads\/2022\/07\/exceed-stringer-white-platinum-edition.webp\",\"datePublished\":\"2018-11-20T04:50:49+00:00\",\"dateModified\":\"2025-03-08T23:12:52+00:00\",\"breadcrumb\":{\"@id\":\"https:\/\/exceedlimits.de\/shop\/herren\/stringer\/exceed-stringer-white-platinum-edition\/#breadcrumb\"},\"inLanguage\":\"en-US\",\"potentialAction\":[{\"@type\":\"ReadAction\",\"target\":[\"https:\/\/exceedlimits.de\/shop\/herren\/stringer\/exceed-stringer-white-platinum-edition\/\"]}]},{\"@type\":\"ImageObject\",\"inLanguage\":\"en-US\",\"@id\":\"https:\/\/exceedlimits.de\/shop\/herren\/stringer\/exceed-stringer-white-platinum-edition\/#primaryimage\",\"url\":\"https:\/\/exceedlimits.de\/wp-content\/uploads\/2022\/07\/exceed-stringer-white-platinum-edition.webp\",\"contentUrl\":\"https:\/\/exceedlimits.de\/wp-content\/uploads\/2022\/07\/exceed-stringer-white-platinum-edition.webp\",\"width\":1728,\"height\":2160},{\"@type\":\"BreadcrumbList\",\"@id\":\"https:\/\/exceedlimits.de\/shop\/herren\/stringer\/exceed-stringer-white-platinum-edition\/#breadcrumb\",\"itemListElement\":[{\"@type\":\"ListItem\",\"position\":1,\"name\":\"Startseite\",\"item\":\"https:\/\/exceedlimits.de\/\"},{\"@type\":\"ListItem\",\"position\":2,\"name\":\"Shop\",\"item\":\"https:\/\/exceedlimits.de\/shop\/\"},{\"@type\":\"ListItem\",\"position\":3,\"name\":\"Exceed Stringer White &#8211; Platinum Edition\"}]},{\"@type\":\"WebSite\",\"@id\":\"https:\/\/exceedlimits.de\/#website\",\"url\":\"https:\/\/exceedlimits.de\/\",\"name\":\"Exceed Limits\",\"description\":\"Exceed your limits to succeed your dreams\",\"publisher\":{\"@id\":\"https:\/\/exceedlimits.de\/#organization\"},\"potentialAction\":[{\"@type\":\"SearchAction\",\"target\":{\"@type\":\"EntryPoint\",\"urlTemplate\":\"https:\/\/exceedlimits.de\/?s={search_term_string}\"},\"query-input\":{\"@type\":\"PropertyValueSpecification\",\"valueRequired\":true,\"valueName\":\"search_term_string\"}}],\"inLanguage\":\"en-US\"},{\"@type\":\"Organization\",\"@id\":\"https:\/\/exceedlimits.de\/#organization\",\"name\":\"Exceed Limit\",\"url\":\"https:\/\/exceedlimits.de\/\",\"logo\":{\"@type\":\"ImageObject\",\"inLanguage\":\"en-US\",\"@id\":\"https:\/\/exceedlimits.de\/#\/schema\/logo\/image\/\",\"url\":\"https:\/\/exceedlimits.eu\/wp-content\/uploads\/2018\/02\/cropped-favicon.jpg\",\"contentUrl\":\"https:\/\/exceedlimits.eu\/wp-content\/uploads\/2018\/02\/cropped-favicon.jpg\",\"width\":512,\"height\":512,\"caption\":\"Exceed Limit\"},\"image\":{\"@id\":\"https:\/\/exceedlimits.de\/#\/schema\/logo\/image\/\"},\"sameAs\":[\"https:\/\/www.instagram.com\/exlimit_official\/\"]}]}<\/script>\n<!-- \/ Yoast SEO plugin. -->","yoast_head_json":{"title":"Exceed Stringer White - Platinum Edition - Exceed Limits","robots":{"index":"index","follow":"follow","max-snippet":"max-snippet:-1","max-image-preview":"max-image-preview:large","max-video-preview":"max-video-preview:-1"},"canonical":"https:\/\/exceedlimits.de\/en\/shop\/herren\/stringer\/exceed-stringer-white-platinum-edition\/","og_locale":"en_US","og_type":"article","og_title":"Exceed Stringer White - Platinum Edition - Exceed Limits","og_description":"Artikelnummer:\u00a0210303 Lieferzeit: 2-3 Werktage  &nbsp;  Gr\u00f6\u00dfenreferenz:  Unser Team tr\u00e4gt Gr\u00f6\u00dfe M bei 1,82m 85kg","og_url":"https:\/\/exceedlimits.de\/en\/shop\/herren\/stringer\/exceed-stringer-white-platinum-edition\/","og_site_name":"Exceed Limits","article_modified_time":"2025-03-08T23:12:52+00:00","og_image":[{"width":1728,"height":2160,"url":"https:\/\/exceedlimits.de\/wp-content\/uploads\/2022\/07\/exceed-stringer-white-platinum-edition.webp","type":"image\/webp"}],"twitter_card":"summary_large_image","twitter_misc":{"Est. reading time":"1 minute"},"schema":{"@context":"https:\/\/schema.org","@graph":[{"@type":"WebPage","@id":"https:\/\/exceedlimits.de\/shop\/herren\/stringer\/exceed-stringer-white-platinum-edition\/","url":"https:\/\/exceedlimits.de\/shop\/herren\/stringer\/exceed-stringer-white-platinum-edition\/","name":"Exceed Stringer White - Platinum Edition - Exceed Limits","isPartOf":{"@id":"https:\/\/exceedlimits.de\/#website"},"primaryImageOfPage":{"@id":"https:\/\/exceedlimits.de\/shop\/herren\/stringer\/exceed-stringer-white-platinum-edition\/#primaryimage"},"image":{"@id":"https:\/\/exceedlimits.de\/shop\/herren\/stringer\/exceed-stringer-white-platinum-edition\/#primaryimage"},"thumbnailUrl":"https:\/\/exceedlimits.de\/wp-content\/uploads\/2022\/07\/exceed-stringer-white-platinum-edition.webp","datePublished":"2018-11-20T04:50:49+00:00","dateModified":"2025-03-08T23:12:52+00:00","breadcrumb":{"@id":"https:\/\/exceedlimits.de\/shop\/herren\/stringer\/exceed-stringer-white-platinum-edition\/#breadcrumb"},"inLanguage":"en-US","potentialAction":[{"@type":"ReadAction","target":["https:\/\/exceedlimits.de\/shop\/herren\/stringer\/exceed-stringer-white-platinum-edition\/"]}]},{"@type":"ImageObject","inLanguage":"en-US","@id":"https:\/\/exceedlimits.de\/shop\/herren\/stringer\/exceed-stringer-white-platinum-edition\/#primaryimage","url":"https:\/\/exceedlimits.de\/wp-content\/uploads\/2022\/07\/exceed-stringer-white-platinum-edition.webp","contentUrl":"https:\/\/exceedlimits.de\/wp-content\/uploads\/2022\/07\/exceed-stringer-white-platinum-edition.webp","width":1728,"height":2160},{"@type":"BreadcrumbList","@id":"https:\/\/exceedlimits.de\/shop\/herren\/stringer\/exceed-stringer-white-platinum-edition\/#breadcrumb","itemListElement":[{"@type":"ListItem","position":1,"name":"Startseite","item":"https:\/\/exceedlimits.de\/"},{"@type":"ListItem","position":2,"name":"Shop","item":"https:\/\/exceedlimits.de\/shop\/"},{"@type":"ListItem","position":3,"name":"Exceed Stringer White &#8211; Platinum Edition"}]},{"@type":"WebSite","@id":"https:\/\/exceedlimits.de\/#website","url":"https:\/\/exceedlimits.de\/","name":"Exceed Limits","description":"Exceed your limits to succeed your dreams","publisher":{"@id":"https:\/\/exceedlimits.de\/#organization"},"potentialAction":[{"@type":"SearchAction","target":{"@type":"EntryPoint","urlTemplate":"https:\/\/exceedlimits.de\/?s={search_term_string}"},"query-input":{"@type":"PropertyValueSpecification","valueRequired":true,"valueName":"search_term_string"}}],"inLanguage":"en-US"},{"@type":"Organization","@id":"https:\/\/exceedlimits.de\/#organization","name":"Exceed Limit","url":"https:\/\/exceedlimits.de\/","logo":{"@type":"ImageObject","inLanguage":"en-US","@id":"https:\/\/exceedlimits.de\/#\/schema\/logo\/image\/","url":"https:\/\/exceedlimits.eu\/wp-content\/uploads\/2018\/02\/cropped-favicon.jpg","contentUrl":"https:\/\/exceedlimits.eu\/wp-content\/uploads\/2018\/02\/cropped-favicon.jpg","width":512,"height":512,"caption":"Exceed Limit"},"image":{"@id":"https:\/\/exceedlimits.de\/#\/schema\/logo\/image\/"},"sameAs":["https:\/\/www.instagram.com\/exlimit_official\/"]}]}},"_links":{"self":[{"href":"https:\/\/exceedlimits.de\/en\/wp-json\/wp\/v2\/product\/2104","targetHints":{"allow":["GET"]}}],"collection":[{"href":"https:\/\/exceedlimits.de\/en\/wp-json\/wp\/v2\/product"}],"about":[{"href":"https:\/\/exceedlimits.de\/en\/wp-json\/wp\/v2\/types\/product"}],"replies":[{"embeddable":true,"href":"https:\/\/exceedlimits.de\/en\/wp-json\/wp\/v2\/comments?post=2104"}],"version-history":[{"count":2,"href":"https:\/\/exceedlimits.de\/en\/wp-json\/wp\/v2\/product\/2104\/revisions"}],"predecessor-version":[{"id":2160,"href":"https:\/\/exceedlimits.de\/en\/wp-json\/wp\/v2\/product\/2104\/revisions\/2160"}],"wp:featuredmedia":[{"embeddable":true,"href":"https:\/\/exceedlimits.de\/en\/wp-json\/wp\/v2\/media\/46803"}],"wp:attachment":[{"href":"https:\/\/exceedlimits.de\/en\/wp-json\/wp\/v2\/media?parent=2104"}],"wp:term":[{"taxonomy":"product_brand","embeddable":true,"href":"https:\/\/exceedlimits.de\/en\/wp-json\/wp\/v2\/product_brand?post=2104"},{"taxonomy":"product_cat","embeddable":true,"href":"https:\/\/exceedlimits.de\/en\/wp-json\/wp\/v2\/product_cat?post=2104"},{"taxonomy":"product_tag","embeddable":true,"href":"https:\/\/exceedlimits.de\/en\/wp-json\/wp\/v2\/product_tag?post=2104"}],"curies":[{"name":"wp","href":"https:\/\/api.w.org\/{rel}","templated":true}]}}