{"id":2147,"date":"2018-11-20T15:44:43","date_gmt":"2018-11-20T13:44:43","guid":{"rendered":"https:\/\/exceedlimits.eu\/?post_type=product&#038;p=2147"},"modified":"2025-03-09T01:15:14","modified_gmt":"2025-03-08T23:15:14","slug":"exceed-tank-top-fire-red","status":"publish","type":"product","link":"https:\/\/exceedlimits.de\/en\/shop\/herren\/tank-tops\/exceed-tank-top-fire-red\/","title":{"rendered":"Exceed Tank Top &#8211; Fire Red"},"content":{"rendered":"<p><strong>EXCEED TANK TOP &#8211; FIRE RED<\/strong><\/p>\n<p>Um deine Grenze zu \u00fcberschreiten und dein Ziel zu erreichen, brauchst du die richtige Kleidung. Das Exceed Tank Top ist optimal f\u00fcr dein Training aber auch in deinem Alltag einsetzbar. Mit dem gro\u00dfen Exceed Logo reiht sie sich in unsere Exceed Limit Reihe ein, die sich zum Ziel gesetzt hat, mit dir alle Grenzen, die zwischen dir und deinen Zielen stehen, zu \u00fcberschreiten.<\/p>\n<p><strong>Material<\/strong>: 100% Baumwolle<br \/>\n<strong>Passform<\/strong>: Regular Fit<br \/>\n<strong>Pflegehinweise<\/strong>: Maschinenw\u00e4sche auf links bei 30\u00b0C<\/p>\n<p><strong>HIGHLIGHTS DIE \u00dcBERZEUGEN<\/strong><\/p>\n<ul>\n<li>Optimal f\u00fcr Alltag und Trainingssession<\/li>\n<li>Hoher Tragekomfort<\/li>\n<li>Sportliches Design<\/li>\n<li>Strapazierf\u00e4higes Material<\/li>\n<li>Exceed Logo zeigt St\u00e4rke<\/li>\n<\/ul>","protected":false},"excerpt":{"rendered":"<p>Artikelnummer:\u00a0210503<br \/>\nLieferzeit: <span style=\"color: #00ff00;\">2-3 Werktage<\/span><\/p>\n<p>&nbsp;<\/p>\n<p>Gr\u00f6\u00dfenreferenz:<\/p>\n<p>Unser Team tr\u00e4gt Gr\u00f6\u00dfe M bei 1,81m 83kg<\/p>","protected":false},"featured_media":2900,"comment_status":"open","ping_status":"closed","template":"","meta":{"om_disable_all_campaigns":false,"_monsterinsights_skip_tracking":false,"_monsterinsights_sitenote_active":false,"_monsterinsights_sitenote_note":"","_monsterinsights_sitenote_category":0,"_uf_show_specific_survey":0,"_uf_disable_surveys":false},"product_brand":[],"product_cat":[429,273],"product_tag":[39,100,107,286,318,26,243,319,84,231,55,24,71,297,268],"class_list":{"0":"post-2147","1":"product","2":"type-product","3":"status-publish","4":"has-post-thumbnail","6":"product_cat-sponsoring","7":"product_cat-tank-tops","8":"product_tag-black","9":"product_tag-design","10":"product_tag-exceed-limits","11":"product_tag-fire","12":"product_tag-fire-red","13":"product_tag-gym","14":"product_tag-red","15":"product_tag-red-black","16":"product_tag-regular-fit","17":"product_tag-rot","18":"product_tag-schwarz","19":"product_tag-sport","20":"product_tag-tank-top","21":"product_tag-tanktop","22":"product_tag-top","24":"first","25":"instock","26":"shipping-taxable","27":"purchasable","28":"product-type-variable"},"aioseo_notices":[],"yoast_head":"<!-- This site is optimized with the Yoast SEO plugin v24.9 - https:\/\/yoast.com\/wordpress\/plugins\/seo\/ -->\n<title>Exceed Tank Top - Fire Red - Exceed Limits<\/title>\n<meta name=\"robots\" content=\"index, follow, max-snippet:-1, max-image-preview:large, max-video-preview:-1\" \/>\n<link rel=\"canonical\" href=\"https:\/\/exceedlimits.de\/en\/shop\/herren\/tank-tops\/exceed-tank-top-fire-red\/\" \/>\n<meta property=\"og:locale\" content=\"en_US\" \/>\n<meta property=\"og:type\" content=\"article\" \/>\n<meta property=\"og:title\" content=\"Exceed Tank Top - Fire Red - Exceed Limits\" \/>\n<meta property=\"og:description\" content=\"Artikelnummer:\u00a0210503 Lieferzeit: 2-3 Werktage  &nbsp;  Gr\u00f6\u00dfenreferenz:  Unser Team tr\u00e4gt Gr\u00f6\u00dfe M bei 1,81m 83kg\" \/>\n<meta property=\"og:url\" content=\"https:\/\/exceedlimits.de\/en\/shop\/herren\/tank-tops\/exceed-tank-top-fire-red\/\" \/>\n<meta property=\"og:site_name\" content=\"Exceed Limits\" \/>\n<meta property=\"article:modified_time\" content=\"2025-03-08T23:15:14+00:00\" \/>\n<meta property=\"og:image\" content=\"https:\/\/exceedlimits.de\/wp-content\/uploads\/2018\/11\/Tank-Top-Rot-3.jpg\" \/>\n\t<meta property=\"og:image:width\" content=\"1000\" \/>\n\t<meta property=\"og:image:height\" content=\"1000\" \/>\n\t<meta property=\"og:image:type\" content=\"image\/jpeg\" \/>\n<meta name=\"twitter:card\" content=\"summary_large_image\" \/>\n<meta name=\"twitter:label1\" content=\"Est. reading time\" \/>\n\t<meta name=\"twitter:data1\" content=\"1 minute\" \/>\n<script type=\"application\/ld+json\" class=\"yoast-schema-graph\">{\"@context\":\"https:\/\/schema.org\",\"@graph\":[{\"@type\":\"WebPage\",\"@id\":\"https:\/\/exceedlimits.de\/shop\/herren\/tank-tops\/exceed-tank-top-fire-red\/\",\"url\":\"https:\/\/exceedlimits.de\/shop\/herren\/tank-tops\/exceed-tank-top-fire-red\/\",\"name\":\"Exceed Tank Top - Fire Red - Exceed Limits\",\"isPartOf\":{\"@id\":\"https:\/\/exceedlimits.de\/#website\"},\"primaryImageOfPage\":{\"@id\":\"https:\/\/exceedlimits.de\/shop\/herren\/tank-tops\/exceed-tank-top-fire-red\/#primaryimage\"},\"image\":{\"@id\":\"https:\/\/exceedlimits.de\/shop\/herren\/tank-tops\/exceed-tank-top-fire-red\/#primaryimage\"},\"thumbnailUrl\":\"https:\/\/exceedlimits.de\/wp-content\/uploads\/2018\/11\/Tank-Top-Rot-3.jpg\",\"datePublished\":\"2018-11-20T13:44:43+00:00\",\"dateModified\":\"2025-03-08T23:15:14+00:00\",\"breadcrumb\":{\"@id\":\"https:\/\/exceedlimits.de\/shop\/herren\/tank-tops\/exceed-tank-top-fire-red\/#breadcrumb\"},\"inLanguage\":\"en-US\",\"potentialAction\":[{\"@type\":\"ReadAction\",\"target\":[\"https:\/\/exceedlimits.de\/shop\/herren\/tank-tops\/exceed-tank-top-fire-red\/\"]}]},{\"@type\":\"ImageObject\",\"inLanguage\":\"en-US\",\"@id\":\"https:\/\/exceedlimits.de\/shop\/herren\/tank-tops\/exceed-tank-top-fire-red\/#primaryimage\",\"url\":\"https:\/\/exceedlimits.de\/wp-content\/uploads\/2018\/11\/Tank-Top-Rot-3.jpg\",\"contentUrl\":\"https:\/\/exceedlimits.de\/wp-content\/uploads\/2018\/11\/Tank-Top-Rot-3.jpg\",\"width\":1000,\"height\":1000},{\"@type\":\"BreadcrumbList\",\"@id\":\"https:\/\/exceedlimits.de\/shop\/herren\/tank-tops\/exceed-tank-top-fire-red\/#breadcrumb\",\"itemListElement\":[{\"@type\":\"ListItem\",\"position\":1,\"name\":\"Startseite\",\"item\":\"https:\/\/exceedlimits.de\/\"},{\"@type\":\"ListItem\",\"position\":2,\"name\":\"Shop\",\"item\":\"https:\/\/exceedlimits.de\/shop\/\"},{\"@type\":\"ListItem\",\"position\":3,\"name\":\"Exceed Tank Top &#8211; Fire Red\"}]},{\"@type\":\"WebSite\",\"@id\":\"https:\/\/exceedlimits.de\/#website\",\"url\":\"https:\/\/exceedlimits.de\/\",\"name\":\"Exceed Limits\",\"description\":\"Exceed your limits to succeed your dreams\",\"publisher\":{\"@id\":\"https:\/\/exceedlimits.de\/#organization\"},\"potentialAction\":[{\"@type\":\"SearchAction\",\"target\":{\"@type\":\"EntryPoint\",\"urlTemplate\":\"https:\/\/exceedlimits.de\/?s={search_term_string}\"},\"query-input\":{\"@type\":\"PropertyValueSpecification\",\"valueRequired\":true,\"valueName\":\"search_term_string\"}}],\"inLanguage\":\"en-US\"},{\"@type\":\"Organization\",\"@id\":\"https:\/\/exceedlimits.de\/#organization\",\"name\":\"Exceed Limit\",\"url\":\"https:\/\/exceedlimits.de\/\",\"logo\":{\"@type\":\"ImageObject\",\"inLanguage\":\"en-US\",\"@id\":\"https:\/\/exceedlimits.de\/#\/schema\/logo\/image\/\",\"url\":\"https:\/\/exceedlimits.eu\/wp-content\/uploads\/2018\/02\/cropped-favicon.jpg\",\"contentUrl\":\"https:\/\/exceedlimits.eu\/wp-content\/uploads\/2018\/02\/cropped-favicon.jpg\",\"width\":512,\"height\":512,\"caption\":\"Exceed Limit\"},\"image\":{\"@id\":\"https:\/\/exceedlimits.de\/#\/schema\/logo\/image\/\"},\"sameAs\":[\"https:\/\/www.instagram.com\/exlimit_official\/\"]}]}<\/script>\n<!-- \/ Yoast SEO plugin. -->","yoast_head_json":{"title":"Exceed Tank Top - Fire Red - Exceed Limits","robots":{"index":"index","follow":"follow","max-snippet":"max-snippet:-1","max-image-preview":"max-image-preview:large","max-video-preview":"max-video-preview:-1"},"canonical":"https:\/\/exceedlimits.de\/en\/shop\/herren\/tank-tops\/exceed-tank-top-fire-red\/","og_locale":"en_US","og_type":"article","og_title":"Exceed Tank Top - Fire Red - Exceed Limits","og_description":"Artikelnummer:\u00a0210503 Lieferzeit: 2-3 Werktage  &nbsp;  Gr\u00f6\u00dfenreferenz:  Unser Team tr\u00e4gt Gr\u00f6\u00dfe M bei 1,81m 83kg","og_url":"https:\/\/exceedlimits.de\/en\/shop\/herren\/tank-tops\/exceed-tank-top-fire-red\/","og_site_name":"Exceed Limits","article_modified_time":"2025-03-08T23:15:14+00:00","og_image":[{"width":1000,"height":1000,"url":"https:\/\/exceedlimits.de\/wp-content\/uploads\/2018\/11\/Tank-Top-Rot-3.jpg","type":"image\/jpeg"}],"twitter_card":"summary_large_image","twitter_misc":{"Est. reading time":"1 minute"},"schema":{"@context":"https:\/\/schema.org","@graph":[{"@type":"WebPage","@id":"https:\/\/exceedlimits.de\/shop\/herren\/tank-tops\/exceed-tank-top-fire-red\/","url":"https:\/\/exceedlimits.de\/shop\/herren\/tank-tops\/exceed-tank-top-fire-red\/","name":"Exceed Tank Top - Fire Red - Exceed Limits","isPartOf":{"@id":"https:\/\/exceedlimits.de\/#website"},"primaryImageOfPage":{"@id":"https:\/\/exceedlimits.de\/shop\/herren\/tank-tops\/exceed-tank-top-fire-red\/#primaryimage"},"image":{"@id":"https:\/\/exceedlimits.de\/shop\/herren\/tank-tops\/exceed-tank-top-fire-red\/#primaryimage"},"thumbnailUrl":"https:\/\/exceedlimits.de\/wp-content\/uploads\/2018\/11\/Tank-Top-Rot-3.jpg","datePublished":"2018-11-20T13:44:43+00:00","dateModified":"2025-03-08T23:15:14+00:00","breadcrumb":{"@id":"https:\/\/exceedlimits.de\/shop\/herren\/tank-tops\/exceed-tank-top-fire-red\/#breadcrumb"},"inLanguage":"en-US","potentialAction":[{"@type":"ReadAction","target":["https:\/\/exceedlimits.de\/shop\/herren\/tank-tops\/exceed-tank-top-fire-red\/"]}]},{"@type":"ImageObject","inLanguage":"en-US","@id":"https:\/\/exceedlimits.de\/shop\/herren\/tank-tops\/exceed-tank-top-fire-red\/#primaryimage","url":"https:\/\/exceedlimits.de\/wp-content\/uploads\/2018\/11\/Tank-Top-Rot-3.jpg","contentUrl":"https:\/\/exceedlimits.de\/wp-content\/uploads\/2018\/11\/Tank-Top-Rot-3.jpg","width":1000,"height":1000},{"@type":"BreadcrumbList","@id":"https:\/\/exceedlimits.de\/shop\/herren\/tank-tops\/exceed-tank-top-fire-red\/#breadcrumb","itemListElement":[{"@type":"ListItem","position":1,"name":"Startseite","item":"https:\/\/exceedlimits.de\/"},{"@type":"ListItem","position":2,"name":"Shop","item":"https:\/\/exceedlimits.de\/shop\/"},{"@type":"ListItem","position":3,"name":"Exceed Tank Top &#8211; Fire Red"}]},{"@type":"WebSite","@id":"https:\/\/exceedlimits.de\/#website","url":"https:\/\/exceedlimits.de\/","name":"Exceed Limits","description":"Exceed your limits to succeed your dreams","publisher":{"@id":"https:\/\/exceedlimits.de\/#organization"},"potentialAction":[{"@type":"SearchAction","target":{"@type":"EntryPoint","urlTemplate":"https:\/\/exceedlimits.de\/?s={search_term_string}"},"query-input":{"@type":"PropertyValueSpecification","valueRequired":true,"valueName":"search_term_string"}}],"inLanguage":"en-US"},{"@type":"Organization","@id":"https:\/\/exceedlimits.de\/#organization","name":"Exceed Limit","url":"https:\/\/exceedlimits.de\/","logo":{"@type":"ImageObject","inLanguage":"en-US","@id":"https:\/\/exceedlimits.de\/#\/schema\/logo\/image\/","url":"https:\/\/exceedlimits.eu\/wp-content\/uploads\/2018\/02\/cropped-favicon.jpg","contentUrl":"https:\/\/exceedlimits.eu\/wp-content\/uploads\/2018\/02\/cropped-favicon.jpg","width":512,"height":512,"caption":"Exceed Limit"},"image":{"@id":"https:\/\/exceedlimits.de\/#\/schema\/logo\/image\/"},"sameAs":["https:\/\/www.instagram.com\/exlimit_official\/"]}]}},"_links":{"self":[{"href":"https:\/\/exceedlimits.de\/en\/wp-json\/wp\/v2\/product\/2147","targetHints":{"allow":["GET"]}}],"collection":[{"href":"https:\/\/exceedlimits.de\/en\/wp-json\/wp\/v2\/product"}],"about":[{"href":"https:\/\/exceedlimits.de\/en\/wp-json\/wp\/v2\/types\/product"}],"replies":[{"embeddable":true,"href":"https:\/\/exceedlimits.de\/en\/wp-json\/wp\/v2\/comments?post=2147"}],"version-history":[{"count":2,"href":"https:\/\/exceedlimits.de\/en\/wp-json\/wp\/v2\/product\/2147\/revisions"}],"predecessor-version":[{"id":49382,"href":"https:\/\/exceedlimits.de\/en\/wp-json\/wp\/v2\/product\/2147\/revisions\/49382"}],"wp:featuredmedia":[{"embeddable":true,"href":"https:\/\/exceedlimits.de\/en\/wp-json\/wp\/v2\/media\/2900"}],"wp:attachment":[{"href":"https:\/\/exceedlimits.de\/en\/wp-json\/wp\/v2\/media?parent=2147"}],"wp:term":[{"taxonomy":"product_brand","embeddable":true,"href":"https:\/\/exceedlimits.de\/en\/wp-json\/wp\/v2\/product_brand?post=2147"},{"taxonomy":"product_cat","embeddable":true,"href":"https:\/\/exceedlimits.de\/en\/wp-json\/wp\/v2\/product_cat?post=2147"},{"taxonomy":"product_tag","embeddable":true,"href":"https:\/\/exceedlimits.de\/en\/wp-json\/wp\/v2\/product_tag?post=2147"}],"curies":[{"name":"wp","href":"https:\/\/api.w.org\/{rel}","templated":true}]}}