{"id":240,"date":"2018-02-13T21:10:07","date_gmt":"2018-02-13T19:10:07","guid":{"rendered":"https:\/\/exceedlimits.eu\/?post_type=product&#038;p=240"},"modified":"2023-09-04T12:41:19","modified_gmt":"2023-09-04T10:41:19","slug":"ex-limit-premium-shirt","status":"publish","type":"product","link":"https:\/\/exceedlimits.de\/en\/shop\/herren\/t-shirts-maenner\/ex-limit-premium-shirt\/","title":{"rendered":"EX Limit Shirt &#8211; Arctic White"},"content":{"rendered":"<p><strong>EX LIMIT SHIRT &#8211; ARCTIC WHITE<\/strong><\/p>\n<p>Um deine Grenze zu \u00fcberschreiten und dein Ziel zu erreichen, brauchst du die richtige Kleidung. Das EX Limit Shirt eignet sich perfekt f\u00fcr Training und Alltag. Mit dem <strong>EX LIMIT<\/strong> Schriftzug und unserem <strong>Exceed<\/strong> Logo reiht er sich in unsere Exceed Limit Reihe ein, die sich zum Ziel gesetzt hat, mit dir alle Grenzen, die zwischen dir und deinen Zielen stehen, zu \u00fcberschreiten.<\/p>\n<p><strong>Material<\/strong>: 100% Baumwolle<br \/>\n<strong>Passform<\/strong>: Regular Fit<br \/>\n<strong>Pflegehinweise<\/strong>: Maschinenw\u00e4sche auf links bei 30\u00b0C, B\u00fcgeln auf links m\u00f6glich, nicht f\u00fcr den Trockner geeignet<\/p>\n<p><strong>HIGHLIGHTS DIE \u00dcBERZEUGEN<\/strong><\/p>\n<ul>\n<li>F\u00fcr Training und Alltag<\/li>\n<li>Sportliches Design<\/li>\n<li>Sportlicher V-Ausschnitt<\/li>\n<li>Exceed Logo unten demonstriert St\u00e4rke<\/li>\n<li>Ex Limit Schriftzug zeigt, dass du kein Limit kennst<\/li>\n<\/ul>","protected":false},"excerpt":{"rendered":"<p>Artikelnummer:\u00a0110204<br \/>\nLieferzeit: <span style=\"color: #4fe05b;\">5-7 Werktage<br \/>\n<span style=\"color: #000000;\"><br \/>\n<\/span><\/span><\/p>\n<p>Gr\u00f6\u00dfenreferenz:<\/p>\n<p>Unser Team tr\u00e4gt Gr\u00f6\u00dfe M bei 1,78m 80kg<\/p>","protected":false},"featured_media":46651,"comment_status":"closed","ping_status":"closed","template":"","meta":{"om_disable_all_campaigns":false,"_monsterinsights_skip_tracking":false,"_monsterinsights_sitenote_active":false,"_monsterinsights_sitenote_note":"","_monsterinsights_sitenote_category":0,"_uf_show_specific_survey":0,"_uf_disable_surveys":false},"product_brand":[],"product_cat":[429,27],"product_tag":[102,83,109,49,110,107,53,84,28,41],"class_list":{"0":"post-240","1":"product","2":"type-product","3":"status-publish","4":"has-post-thumbnail","6":"product_cat-sponsoring","7":"product_cat-t-shirts-maenner","8":"product_tag-arctic","9":"product_tag-arctic-white","10":"product_tag-baumwole","11":"product_tag-cotton","12":"product_tag-ex-limit","13":"product_tag-exceed-limits","14":"product_tag-logo","15":"product_tag-regular-fit","16":"product_tag-t-shirt","17":"product_tag-white","19":"first","20":"instock","21":"purchasable","22":"product-type-variable"},"aioseo_notices":[],"yoast_head":"<!-- This site is optimized with the Yoast SEO plugin v24.9 - https:\/\/yoast.com\/wordpress\/plugins\/seo\/ -->\n<title>EX Limit Shirt - Arctic White - Exceed Limits<\/title>\n<meta name=\"robots\" content=\"index, follow, max-snippet:-1, max-image-preview:large, max-video-preview:-1\" \/>\n<link rel=\"canonical\" href=\"https:\/\/exceedlimits.de\/en\/shop\/herren\/t-shirts-maenner\/ex-limit-premium-shirt\/\" \/>\n<meta property=\"og:locale\" content=\"en_US\" \/>\n<meta property=\"og:type\" content=\"article\" \/>\n<meta property=\"og:title\" content=\"EX Limit Shirt - Arctic White - Exceed Limits\" \/>\n<meta property=\"og:description\" content=\"Artikelnummer:\u00a0110204 Lieferzeit: 5-7 Werktage    Gr\u00f6\u00dfenreferenz:  Unser Team tr\u00e4gt Gr\u00f6\u00dfe M bei 1,78m 80kg\" \/>\n<meta property=\"og:url\" content=\"https:\/\/exceedlimits.de\/en\/shop\/herren\/t-shirts-maenner\/ex-limit-premium-shirt\/\" \/>\n<meta property=\"og:site_name\" content=\"Exceed Limits\" \/>\n<meta property=\"article:modified_time\" content=\"2023-09-04T10:41:19+00:00\" \/>\n<meta property=\"og:image\" content=\"https:\/\/exceedlimits.de\/wp-content\/uploads\/2018\/02\/ex-limit-shirt-front-mockup-gymshirt-arctic-white.webp\" \/>\n\t<meta property=\"og:image:width\" content=\"1728\" \/>\n\t<meta property=\"og:image:height\" content=\"2160\" \/>\n\t<meta property=\"og:image:type\" content=\"image\/webp\" \/>\n<meta name=\"twitter:card\" content=\"summary_large_image\" \/>\n<meta name=\"twitter:label1\" content=\"Est. reading time\" \/>\n\t<meta name=\"twitter:data1\" content=\"1 minute\" \/>\n<script type=\"application\/ld+json\" class=\"yoast-schema-graph\">{\"@context\":\"https:\/\/schema.org\",\"@graph\":[{\"@type\":\"WebPage\",\"@id\":\"https:\/\/exceedlimits.de\/shop\/herren\/t-shirts-maenner\/ex-limit-premium-shirt\/\",\"url\":\"https:\/\/exceedlimits.de\/shop\/herren\/t-shirts-maenner\/ex-limit-premium-shirt\/\",\"name\":\"EX Limit Shirt - Arctic White - Exceed Limits\",\"isPartOf\":{\"@id\":\"https:\/\/exceedlimits.de\/#website\"},\"primaryImageOfPage\":{\"@id\":\"https:\/\/exceedlimits.de\/shop\/herren\/t-shirts-maenner\/ex-limit-premium-shirt\/#primaryimage\"},\"image\":{\"@id\":\"https:\/\/exceedlimits.de\/shop\/herren\/t-shirts-maenner\/ex-limit-premium-shirt\/#primaryimage\"},\"thumbnailUrl\":\"https:\/\/exceedlimits.de\/wp-content\/uploads\/2018\/02\/ex-limit-shirt-front-mockup-gymshirt-arctic-white.webp\",\"datePublished\":\"2018-02-13T19:10:07+00:00\",\"dateModified\":\"2023-09-04T10:41:19+00:00\",\"breadcrumb\":{\"@id\":\"https:\/\/exceedlimits.de\/shop\/herren\/t-shirts-maenner\/ex-limit-premium-shirt\/#breadcrumb\"},\"inLanguage\":\"en-US\",\"potentialAction\":[{\"@type\":\"ReadAction\",\"target\":[\"https:\/\/exceedlimits.de\/shop\/herren\/t-shirts-maenner\/ex-limit-premium-shirt\/\"]}]},{\"@type\":\"ImageObject\",\"inLanguage\":\"en-US\",\"@id\":\"https:\/\/exceedlimits.de\/shop\/herren\/t-shirts-maenner\/ex-limit-premium-shirt\/#primaryimage\",\"url\":\"https:\/\/exceedlimits.de\/wp-content\/uploads\/2018\/02\/ex-limit-shirt-front-mockup-gymshirt-arctic-white.webp\",\"contentUrl\":\"https:\/\/exceedlimits.de\/wp-content\/uploads\/2018\/02\/ex-limit-shirt-front-mockup-gymshirt-arctic-white.webp\",\"width\":1728,\"height\":2160},{\"@type\":\"BreadcrumbList\",\"@id\":\"https:\/\/exceedlimits.de\/shop\/herren\/t-shirts-maenner\/ex-limit-premium-shirt\/#breadcrumb\",\"itemListElement\":[{\"@type\":\"ListItem\",\"position\":1,\"name\":\"Startseite\",\"item\":\"https:\/\/exceedlimits.de\/\"},{\"@type\":\"ListItem\",\"position\":2,\"name\":\"Shop\",\"item\":\"https:\/\/exceedlimits.de\/shop\/\"},{\"@type\":\"ListItem\",\"position\":3,\"name\":\"EX Limit Shirt &#8211; Arctic White\"}]},{\"@type\":\"WebSite\",\"@id\":\"https:\/\/exceedlimits.de\/#website\",\"url\":\"https:\/\/exceedlimits.de\/\",\"name\":\"Exceed Limits\",\"description\":\"Exceed your limits to succeed your dreams\",\"publisher\":{\"@id\":\"https:\/\/exceedlimits.de\/#organization\"},\"potentialAction\":[{\"@type\":\"SearchAction\",\"target\":{\"@type\":\"EntryPoint\",\"urlTemplate\":\"https:\/\/exceedlimits.de\/?s={search_term_string}\"},\"query-input\":{\"@type\":\"PropertyValueSpecification\",\"valueRequired\":true,\"valueName\":\"search_term_string\"}}],\"inLanguage\":\"en-US\"},{\"@type\":\"Organization\",\"@id\":\"https:\/\/exceedlimits.de\/#organization\",\"name\":\"Exceed Limit\",\"url\":\"https:\/\/exceedlimits.de\/\",\"logo\":{\"@type\":\"ImageObject\",\"inLanguage\":\"en-US\",\"@id\":\"https:\/\/exceedlimits.de\/#\/schema\/logo\/image\/\",\"url\":\"https:\/\/exceedlimits.eu\/wp-content\/uploads\/2018\/02\/cropped-favicon.jpg\",\"contentUrl\":\"https:\/\/exceedlimits.eu\/wp-content\/uploads\/2018\/02\/cropped-favicon.jpg\",\"width\":512,\"height\":512,\"caption\":\"Exceed Limit\"},\"image\":{\"@id\":\"https:\/\/exceedlimits.de\/#\/schema\/logo\/image\/\"},\"sameAs\":[\"https:\/\/www.instagram.com\/exlimit_official\/\"]}]}<\/script>\n<!-- \/ Yoast SEO plugin. -->","yoast_head_json":{"title":"EX Limit Shirt - Arctic White - Exceed Limits","robots":{"index":"index","follow":"follow","max-snippet":"max-snippet:-1","max-image-preview":"max-image-preview:large","max-video-preview":"max-video-preview:-1"},"canonical":"https:\/\/exceedlimits.de\/en\/shop\/herren\/t-shirts-maenner\/ex-limit-premium-shirt\/","og_locale":"en_US","og_type":"article","og_title":"EX Limit Shirt - Arctic White - Exceed Limits","og_description":"Artikelnummer:\u00a0110204 Lieferzeit: 5-7 Werktage    Gr\u00f6\u00dfenreferenz:  Unser Team tr\u00e4gt Gr\u00f6\u00dfe M bei 1,78m 80kg","og_url":"https:\/\/exceedlimits.de\/en\/shop\/herren\/t-shirts-maenner\/ex-limit-premium-shirt\/","og_site_name":"Exceed Limits","article_modified_time":"2023-09-04T10:41:19+00:00","og_image":[{"width":1728,"height":2160,"url":"https:\/\/exceedlimits.de\/wp-content\/uploads\/2018\/02\/ex-limit-shirt-front-mockup-gymshirt-arctic-white.webp","type":"image\/webp"}],"twitter_card":"summary_large_image","twitter_misc":{"Est. reading time":"1 minute"},"schema":{"@context":"https:\/\/schema.org","@graph":[{"@type":"WebPage","@id":"https:\/\/exceedlimits.de\/shop\/herren\/t-shirts-maenner\/ex-limit-premium-shirt\/","url":"https:\/\/exceedlimits.de\/shop\/herren\/t-shirts-maenner\/ex-limit-premium-shirt\/","name":"EX Limit Shirt - Arctic White - Exceed Limits","isPartOf":{"@id":"https:\/\/exceedlimits.de\/#website"},"primaryImageOfPage":{"@id":"https:\/\/exceedlimits.de\/shop\/herren\/t-shirts-maenner\/ex-limit-premium-shirt\/#primaryimage"},"image":{"@id":"https:\/\/exceedlimits.de\/shop\/herren\/t-shirts-maenner\/ex-limit-premium-shirt\/#primaryimage"},"thumbnailUrl":"https:\/\/exceedlimits.de\/wp-content\/uploads\/2018\/02\/ex-limit-shirt-front-mockup-gymshirt-arctic-white.webp","datePublished":"2018-02-13T19:10:07+00:00","dateModified":"2023-09-04T10:41:19+00:00","breadcrumb":{"@id":"https:\/\/exceedlimits.de\/shop\/herren\/t-shirts-maenner\/ex-limit-premium-shirt\/#breadcrumb"},"inLanguage":"en-US","potentialAction":[{"@type":"ReadAction","target":["https:\/\/exceedlimits.de\/shop\/herren\/t-shirts-maenner\/ex-limit-premium-shirt\/"]}]},{"@type":"ImageObject","inLanguage":"en-US","@id":"https:\/\/exceedlimits.de\/shop\/herren\/t-shirts-maenner\/ex-limit-premium-shirt\/#primaryimage","url":"https:\/\/exceedlimits.de\/wp-content\/uploads\/2018\/02\/ex-limit-shirt-front-mockup-gymshirt-arctic-white.webp","contentUrl":"https:\/\/exceedlimits.de\/wp-content\/uploads\/2018\/02\/ex-limit-shirt-front-mockup-gymshirt-arctic-white.webp","width":1728,"height":2160},{"@type":"BreadcrumbList","@id":"https:\/\/exceedlimits.de\/shop\/herren\/t-shirts-maenner\/ex-limit-premium-shirt\/#breadcrumb","itemListElement":[{"@type":"ListItem","position":1,"name":"Startseite","item":"https:\/\/exceedlimits.de\/"},{"@type":"ListItem","position":2,"name":"Shop","item":"https:\/\/exceedlimits.de\/shop\/"},{"@type":"ListItem","position":3,"name":"EX Limit Shirt &#8211; Arctic White"}]},{"@type":"WebSite","@id":"https:\/\/exceedlimits.de\/#website","url":"https:\/\/exceedlimits.de\/","name":"Exceed Limits","description":"Exceed your limits to succeed your dreams","publisher":{"@id":"https:\/\/exceedlimits.de\/#organization"},"potentialAction":[{"@type":"SearchAction","target":{"@type":"EntryPoint","urlTemplate":"https:\/\/exceedlimits.de\/?s={search_term_string}"},"query-input":{"@type":"PropertyValueSpecification","valueRequired":true,"valueName":"search_term_string"}}],"inLanguage":"en-US"},{"@type":"Organization","@id":"https:\/\/exceedlimits.de\/#organization","name":"Exceed Limit","url":"https:\/\/exceedlimits.de\/","logo":{"@type":"ImageObject","inLanguage":"en-US","@id":"https:\/\/exceedlimits.de\/#\/schema\/logo\/image\/","url":"https:\/\/exceedlimits.eu\/wp-content\/uploads\/2018\/02\/cropped-favicon.jpg","contentUrl":"https:\/\/exceedlimits.eu\/wp-content\/uploads\/2018\/02\/cropped-favicon.jpg","width":512,"height":512,"caption":"Exceed Limit"},"image":{"@id":"https:\/\/exceedlimits.de\/#\/schema\/logo\/image\/"},"sameAs":["https:\/\/www.instagram.com\/exlimit_official\/"]}]}},"_links":{"self":[{"href":"https:\/\/exceedlimits.de\/en\/wp-json\/wp\/v2\/product\/240","targetHints":{"allow":["GET"]}}],"collection":[{"href":"https:\/\/exceedlimits.de\/en\/wp-json\/wp\/v2\/product"}],"about":[{"href":"https:\/\/exceedlimits.de\/en\/wp-json\/wp\/v2\/types\/product"}],"replies":[{"embeddable":true,"href":"https:\/\/exceedlimits.de\/en\/wp-json\/wp\/v2\/comments?post=240"}],"version-history":[{"count":2,"href":"https:\/\/exceedlimits.de\/en\/wp-json\/wp\/v2\/product\/240\/revisions"}],"predecessor-version":[{"id":49391,"href":"https:\/\/exceedlimits.de\/en\/wp-json\/wp\/v2\/product\/240\/revisions\/49391"}],"wp:featuredmedia":[{"embeddable":true,"href":"https:\/\/exceedlimits.de\/en\/wp-json\/wp\/v2\/media\/46651"}],"wp:attachment":[{"href":"https:\/\/exceedlimits.de\/en\/wp-json\/wp\/v2\/media?parent=240"}],"wp:term":[{"taxonomy":"product_brand","embeddable":true,"href":"https:\/\/exceedlimits.de\/en\/wp-json\/wp\/v2\/product_brand?post=240"},{"taxonomy":"product_cat","embeddable":true,"href":"https:\/\/exceedlimits.de\/en\/wp-json\/wp\/v2\/product_cat?post=240"},{"taxonomy":"product_tag","embeddable":true,"href":"https:\/\/exceedlimits.de\/en\/wp-json\/wp\/v2\/product_tag?post=240"}],"curies":[{"name":"wp","href":"https:\/\/api.w.org\/{rel}","templated":true}]}}