{"id":244,"date":"2018-02-13T21:25:33","date_gmt":"2018-02-13T21:25:33","guid":{"rendered":"https:\/\/exceedlimits.eu\/?post_type=product&#038;p=244"},"modified":"2025-01-28T14:10:59","modified_gmt":"2025-01-28T12:10:59","slug":"exlimit-premium-shirt-black","status":"publish","type":"product","link":"https:\/\/exceedlimits.de\/en\/shop\/herren\/t-shirts-maenner\/exlimit-premium-shirt-black\/","title":{"rendered":"EX Limit Shirt &#8211; Raven Black"},"content":{"rendered":"<p><strong>EX LIMIT SHIRT &#8211; RAVEN BLACK<\/strong><\/p>\n<p>Um deine Grenze zu \u00fcberschreiten und dein Ziel zu erreichen, brauchst du die richtige Kleidung. Das EX Limit Shirt eignet sich perfekt f\u00fcr Training und Alltag. Mit dem <strong>EX LIMIT<\/strong> Schriftzug und unserem <strong>Exceed<\/strong> Logo reiht er sich in unsere Exceed Limit Reihe ein, die sich zum Ziel gesetzt hat, mit dir alle Grenzen, die zwischen dir und deinen Zielen stehen, zu \u00fcberschreiten.<\/p>\n<p><strong>Material<\/strong>: 100% Baumwolle<br \/>\n<strong>Passform<\/strong>: Slim Fit<br \/>\n<strong>Pflegehinweise<\/strong>: Maschinenw\u00e4sche auf links bei 30\u00b0C, B\u00fcgeln auf links m\u00f6glich, nicht f\u00fcr den Trockner geeignet<\/p>\n<p><strong>HIGHLIGHTS DIE \u00dcBERZEUGEN<\/strong><\/p>\n<ul>\n<li>Figurbetont (Slim Fit)<\/li>\n<li>Sportliches Design<\/li>\n<li>Sportlicher V-Ausschnitt<\/li>\n<li>F\u00fcr Training und Alltag<\/li>\n<li>Exceed Logo unten demonstriert St\u00e4rke<\/li>\n<li>Ex Limit Schriftzug zeigt, dass du kein Limit kennst<\/li>\n<\/ul>","protected":false},"excerpt":{"rendered":"<p>Artikelnummer:\u00a0110202<br \/>\nLieferzeit: <span style=\"color: #4fe05b;\">5-7 Werktage<br \/>\n<span style=\"color: #000000;\"><br \/>\n<\/span><\/span><\/p>\n<p>Gr\u00f6\u00dfenreferenz:<\/p>\n<p>Unser Team tr\u00e4gt Gr\u00f6\u00dfe M bei 1,78m 80kg<\/p>","protected":false},"featured_media":47708,"comment_status":"closed","ping_status":"closed","template":"","meta":{"om_disable_all_campaigns":false,"_monsterinsights_skip_tracking":false,"_monsterinsights_sitenote_active":false,"_monsterinsights_sitenote_note":"","_monsterinsights_sitenote_category":0,"_uf_show_specific_survey":0,"_uf_disable_surveys":false},"product_brand":[],"product_cat":[429,27],"product_tag":[69,66,30,65,68,55,67,28,29],"class_list":{"0":"post-244","1":"product","2":"type-product","3":"status-publish","4":"has-post-thumbnail","6":"product_cat-sponsoring","7":"product_cat-t-shirts-maenner","8":"product_tag-baumwolle","9":"product_tag-durchgestrichen","10":"product_tag-elastan","11":"product_tag-exlimit","12":"product_tag-figurbetont","13":"product_tag-schwarz","14":"product_tag-schwarz-weiss","15":"product_tag-t-shirt","16":"product_tag-tshirt","18":"first","19":"instock","20":"purchasable","21":"product-type-variable"},"aioseo_notices":[],"yoast_head":"<!-- This site is optimized with the Yoast SEO plugin v24.9 - https:\/\/yoast.com\/wordpress\/plugins\/seo\/ -->\n<title>EX Limit Shirt - Raven Black - Exceed Limits<\/title>\n<meta name=\"description\" content=\"Sportshirt f\u00fcr jeden Anlass. Schlichtes Design, hoher Comfort, \u00fcberragende Qualit\u00e4t. Passform: Regular Fit, Material: 100% Baumwolle, Schnelle Lieferung, Startup Unternehmen der Fitness Branche aus Deutschland. Designed in Germany. Exceed your limit, exceed your expectations.\" \/>\n<meta name=\"robots\" content=\"index, follow, max-snippet:-1, max-image-preview:large, max-video-preview:-1\" \/>\n<link rel=\"canonical\" href=\"https:\/\/exceedlimits.de\/en\/shop\/herren\/t-shirts-maenner\/exlimit-premium-shirt-black\/\" \/>\n<meta property=\"og:locale\" content=\"en_US\" \/>\n<meta property=\"og:type\" content=\"article\" \/>\n<meta property=\"og:title\" content=\"EX Limit Shirt - Raven Black - Exceed Limits\" \/>\n<meta property=\"og:description\" content=\"Sportshirt f\u00fcr jeden Anlass. Schlichtes Design, hoher Comfort, \u00fcberragende Qualit\u00e4t. Passform: Regular Fit, Material: 100% Baumwolle, Schnelle Lieferung, Startup Unternehmen der Fitness Branche aus Deutschland. Designed in Germany. Exceed your limit, exceed your expectations.\" \/>\n<meta property=\"og:url\" content=\"https:\/\/exceedlimits.de\/en\/shop\/herren\/t-shirts-maenner\/exlimit-premium-shirt-black\/\" \/>\n<meta property=\"og:site_name\" content=\"Exceed Limits\" \/>\n<meta property=\"article:modified_time\" content=\"2025-01-28T12:10:59+00:00\" \/>\n<meta property=\"og:image\" content=\"https:\/\/exceedlimits.de\/wp-content\/uploads\/2019\/05\/ex-limit-shirt-raven-black.webp\" \/>\n\t<meta property=\"og:image:width\" content=\"1728\" \/>\n\t<meta property=\"og:image:height\" content=\"2160\" \/>\n\t<meta property=\"og:image:type\" content=\"image\/webp\" \/>\n<meta name=\"twitter:card\" content=\"summary_large_image\" \/>\n<meta name=\"twitter:label1\" content=\"Est. reading time\" \/>\n\t<meta name=\"twitter:data1\" content=\"1 minute\" \/>\n<script type=\"application\/ld+json\" class=\"yoast-schema-graph\">{\"@context\":\"https:\/\/schema.org\",\"@graph\":[{\"@type\":\"WebPage\",\"@id\":\"https:\/\/exceedlimits.de\/shop\/herren\/t-shirts-maenner\/exlimit-premium-shirt-black\/\",\"url\":\"https:\/\/exceedlimits.de\/shop\/herren\/t-shirts-maenner\/exlimit-premium-shirt-black\/\",\"name\":\"EX Limit Shirt - Raven Black - Exceed Limits\",\"isPartOf\":{\"@id\":\"https:\/\/exceedlimits.de\/#website\"},\"primaryImageOfPage\":{\"@id\":\"https:\/\/exceedlimits.de\/shop\/herren\/t-shirts-maenner\/exlimit-premium-shirt-black\/#primaryimage\"},\"image\":{\"@id\":\"https:\/\/exceedlimits.de\/shop\/herren\/t-shirts-maenner\/exlimit-premium-shirt-black\/#primaryimage\"},\"thumbnailUrl\":\"https:\/\/exceedlimits.de\/wp-content\/uploads\/2019\/05\/ex-limit-shirt-raven-black.webp\",\"datePublished\":\"2018-02-13T21:25:33+00:00\",\"dateModified\":\"2025-01-28T12:10:59+00:00\",\"description\":\"Sportshirt f\u00fcr jeden Anlass. Schlichtes Design, hoher Comfort, \u00fcberragende Qualit\u00e4t. Passform: Regular Fit, Material: 100% Baumwolle, Schnelle Lieferung, Startup Unternehmen der Fitness Branche aus Deutschland. Designed in Germany. Exceed your limit, exceed your expectations.\",\"breadcrumb\":{\"@id\":\"https:\/\/exceedlimits.de\/shop\/herren\/t-shirts-maenner\/exlimit-premium-shirt-black\/#breadcrumb\"},\"inLanguage\":\"en-US\",\"potentialAction\":[{\"@type\":\"ReadAction\",\"target\":[\"https:\/\/exceedlimits.de\/shop\/herren\/t-shirts-maenner\/exlimit-premium-shirt-black\/\"]}]},{\"@type\":\"ImageObject\",\"inLanguage\":\"en-US\",\"@id\":\"https:\/\/exceedlimits.de\/shop\/herren\/t-shirts-maenner\/exlimit-premium-shirt-black\/#primaryimage\",\"url\":\"https:\/\/exceedlimits.de\/wp-content\/uploads\/2019\/05\/ex-limit-shirt-raven-black.webp\",\"contentUrl\":\"https:\/\/exceedlimits.de\/wp-content\/uploads\/2019\/05\/ex-limit-shirt-raven-black.webp\",\"width\":1728,\"height\":2160},{\"@type\":\"BreadcrumbList\",\"@id\":\"https:\/\/exceedlimits.de\/shop\/herren\/t-shirts-maenner\/exlimit-premium-shirt-black\/#breadcrumb\",\"itemListElement\":[{\"@type\":\"ListItem\",\"position\":1,\"name\":\"Startseite\",\"item\":\"https:\/\/exceedlimits.de\/\"},{\"@type\":\"ListItem\",\"position\":2,\"name\":\"Shop\",\"item\":\"https:\/\/exceedlimits.de\/shop\/\"},{\"@type\":\"ListItem\",\"position\":3,\"name\":\"EX Limit Shirt &#8211; Raven Black\"}]},{\"@type\":\"WebSite\",\"@id\":\"https:\/\/exceedlimits.de\/#website\",\"url\":\"https:\/\/exceedlimits.de\/\",\"name\":\"Exceed Limits\",\"description\":\"Exceed your limits to succeed your dreams\",\"publisher\":{\"@id\":\"https:\/\/exceedlimits.de\/#organization\"},\"potentialAction\":[{\"@type\":\"SearchAction\",\"target\":{\"@type\":\"EntryPoint\",\"urlTemplate\":\"https:\/\/exceedlimits.de\/?s={search_term_string}\"},\"query-input\":{\"@type\":\"PropertyValueSpecification\",\"valueRequired\":true,\"valueName\":\"search_term_string\"}}],\"inLanguage\":\"en-US\"},{\"@type\":\"Organization\",\"@id\":\"https:\/\/exceedlimits.de\/#organization\",\"name\":\"Exceed Limit\",\"url\":\"https:\/\/exceedlimits.de\/\",\"logo\":{\"@type\":\"ImageObject\",\"inLanguage\":\"en-US\",\"@id\":\"https:\/\/exceedlimits.de\/#\/schema\/logo\/image\/\",\"url\":\"https:\/\/exceedlimits.eu\/wp-content\/uploads\/2018\/02\/cropped-favicon.jpg\",\"contentUrl\":\"https:\/\/exceedlimits.eu\/wp-content\/uploads\/2018\/02\/cropped-favicon.jpg\",\"width\":512,\"height\":512,\"caption\":\"Exceed Limit\"},\"image\":{\"@id\":\"https:\/\/exceedlimits.de\/#\/schema\/logo\/image\/\"},\"sameAs\":[\"https:\/\/www.instagram.com\/exlimit_official\/\"]}]}<\/script>\n<!-- \/ Yoast SEO plugin. -->","yoast_head_json":{"title":"EX Limit Shirt - Raven Black - Exceed Limits","description":"Sportshirt f\u00fcr jeden Anlass. Schlichtes Design, hoher Comfort, \u00fcberragende Qualit\u00e4t. Passform: Regular Fit, Material: 100% Baumwolle, Schnelle Lieferung, Startup Unternehmen der Fitness Branche aus Deutschland. Designed in Germany. Exceed your limit, exceed your expectations.","robots":{"index":"index","follow":"follow","max-snippet":"max-snippet:-1","max-image-preview":"max-image-preview:large","max-video-preview":"max-video-preview:-1"},"canonical":"https:\/\/exceedlimits.de\/en\/shop\/herren\/t-shirts-maenner\/exlimit-premium-shirt-black\/","og_locale":"en_US","og_type":"article","og_title":"EX Limit Shirt - Raven Black - Exceed Limits","og_description":"Sportshirt f\u00fcr jeden Anlass. Schlichtes Design, hoher Comfort, \u00fcberragende Qualit\u00e4t. Passform: Regular Fit, Material: 100% Baumwolle, Schnelle Lieferung, Startup Unternehmen der Fitness Branche aus Deutschland. Designed in Germany. Exceed your limit, exceed your expectations.","og_url":"https:\/\/exceedlimits.de\/en\/shop\/herren\/t-shirts-maenner\/exlimit-premium-shirt-black\/","og_site_name":"Exceed Limits","article_modified_time":"2025-01-28T12:10:59+00:00","og_image":[{"width":1728,"height":2160,"url":"https:\/\/exceedlimits.de\/wp-content\/uploads\/2019\/05\/ex-limit-shirt-raven-black.webp","type":"image\/webp"}],"twitter_card":"summary_large_image","twitter_misc":{"Est. reading time":"1 minute"},"schema":{"@context":"https:\/\/schema.org","@graph":[{"@type":"WebPage","@id":"https:\/\/exceedlimits.de\/shop\/herren\/t-shirts-maenner\/exlimit-premium-shirt-black\/","url":"https:\/\/exceedlimits.de\/shop\/herren\/t-shirts-maenner\/exlimit-premium-shirt-black\/","name":"EX Limit Shirt - Raven Black - Exceed Limits","isPartOf":{"@id":"https:\/\/exceedlimits.de\/#website"},"primaryImageOfPage":{"@id":"https:\/\/exceedlimits.de\/shop\/herren\/t-shirts-maenner\/exlimit-premium-shirt-black\/#primaryimage"},"image":{"@id":"https:\/\/exceedlimits.de\/shop\/herren\/t-shirts-maenner\/exlimit-premium-shirt-black\/#primaryimage"},"thumbnailUrl":"https:\/\/exceedlimits.de\/wp-content\/uploads\/2019\/05\/ex-limit-shirt-raven-black.webp","datePublished":"2018-02-13T21:25:33+00:00","dateModified":"2025-01-28T12:10:59+00:00","description":"Sportshirt f\u00fcr jeden Anlass. Schlichtes Design, hoher Comfort, \u00fcberragende Qualit\u00e4t. Passform: Regular Fit, Material: 100% Baumwolle, Schnelle Lieferung, Startup Unternehmen der Fitness Branche aus Deutschland. Designed in Germany. Exceed your limit, exceed your expectations.","breadcrumb":{"@id":"https:\/\/exceedlimits.de\/shop\/herren\/t-shirts-maenner\/exlimit-premium-shirt-black\/#breadcrumb"},"inLanguage":"en-US","potentialAction":[{"@type":"ReadAction","target":["https:\/\/exceedlimits.de\/shop\/herren\/t-shirts-maenner\/exlimit-premium-shirt-black\/"]}]},{"@type":"ImageObject","inLanguage":"en-US","@id":"https:\/\/exceedlimits.de\/shop\/herren\/t-shirts-maenner\/exlimit-premium-shirt-black\/#primaryimage","url":"https:\/\/exceedlimits.de\/wp-content\/uploads\/2019\/05\/ex-limit-shirt-raven-black.webp","contentUrl":"https:\/\/exceedlimits.de\/wp-content\/uploads\/2019\/05\/ex-limit-shirt-raven-black.webp","width":1728,"height":2160},{"@type":"BreadcrumbList","@id":"https:\/\/exceedlimits.de\/shop\/herren\/t-shirts-maenner\/exlimit-premium-shirt-black\/#breadcrumb","itemListElement":[{"@type":"ListItem","position":1,"name":"Startseite","item":"https:\/\/exceedlimits.de\/"},{"@type":"ListItem","position":2,"name":"Shop","item":"https:\/\/exceedlimits.de\/shop\/"},{"@type":"ListItem","position":3,"name":"EX Limit Shirt &#8211; Raven Black"}]},{"@type":"WebSite","@id":"https:\/\/exceedlimits.de\/#website","url":"https:\/\/exceedlimits.de\/","name":"Exceed Limits","description":"Exceed your limits to succeed your dreams","publisher":{"@id":"https:\/\/exceedlimits.de\/#organization"},"potentialAction":[{"@type":"SearchAction","target":{"@type":"EntryPoint","urlTemplate":"https:\/\/exceedlimits.de\/?s={search_term_string}"},"query-input":{"@type":"PropertyValueSpecification","valueRequired":true,"valueName":"search_term_string"}}],"inLanguage":"en-US"},{"@type":"Organization","@id":"https:\/\/exceedlimits.de\/#organization","name":"Exceed Limit","url":"https:\/\/exceedlimits.de\/","logo":{"@type":"ImageObject","inLanguage":"en-US","@id":"https:\/\/exceedlimits.de\/#\/schema\/logo\/image\/","url":"https:\/\/exceedlimits.eu\/wp-content\/uploads\/2018\/02\/cropped-favicon.jpg","contentUrl":"https:\/\/exceedlimits.eu\/wp-content\/uploads\/2018\/02\/cropped-favicon.jpg","width":512,"height":512,"caption":"Exceed Limit"},"image":{"@id":"https:\/\/exceedlimits.de\/#\/schema\/logo\/image\/"},"sameAs":["https:\/\/www.instagram.com\/exlimit_official\/"]}]}},"_links":{"self":[{"href":"https:\/\/exceedlimits.de\/en\/wp-json\/wp\/v2\/product\/244","targetHints":{"allow":["GET"]}}],"collection":[{"href":"https:\/\/exceedlimits.de\/en\/wp-json\/wp\/v2\/product"}],"about":[{"href":"https:\/\/exceedlimits.de\/en\/wp-json\/wp\/v2\/types\/product"}],"replies":[{"embeddable":true,"href":"https:\/\/exceedlimits.de\/en\/wp-json\/wp\/v2\/comments?post=244"}],"version-history":[{"count":2,"href":"https:\/\/exceedlimits.de\/en\/wp-json\/wp\/v2\/product\/244\/revisions"}],"predecessor-version":[{"id":47727,"href":"https:\/\/exceedlimits.de\/en\/wp-json\/wp\/v2\/product\/244\/revisions\/47727"}],"wp:featuredmedia":[{"embeddable":true,"href":"https:\/\/exceedlimits.de\/en\/wp-json\/wp\/v2\/media\/47708"}],"wp:attachment":[{"href":"https:\/\/exceedlimits.de\/en\/wp-json\/wp\/v2\/media?parent=244"}],"wp:term":[{"taxonomy":"product_brand","embeddable":true,"href":"https:\/\/exceedlimits.de\/en\/wp-json\/wp\/v2\/product_brand?post=244"},{"taxonomy":"product_cat","embeddable":true,"href":"https:\/\/exceedlimits.de\/en\/wp-json\/wp\/v2\/product_cat?post=244"},{"taxonomy":"product_tag","embeddable":true,"href":"https:\/\/exceedlimits.de\/en\/wp-json\/wp\/v2\/product_tag?post=244"}],"curies":[{"name":"wp","href":"https:\/\/api.w.org\/{rel}","templated":true}]}}