{"id":28016,"date":"2020-04-26T11:08:48","date_gmt":"2020-04-26T09:08:48","guid":{"rendered":"https:\/\/exceedlimits.eu\/?post_type=product&#038;p=28016"},"modified":"2025-01-21T04:56:26","modified_gmt":"2025-01-21T02:56:26","slug":"unleashed-t-shirt-olive-v-neck","status":"publish","type":"product","link":"https:\/\/exceedlimits.de\/en\/shop\/herren\/t-shirts-maenner\/unleashed-t-shirt-olive-v-neck\/","title":{"rendered":"Unleashed &#8211; T-Shirt Olive V-Neck"},"content":{"rendered":"<p><strong>UNLEASHED &#8211; T-SHIRT OLIVE V-NECK<\/strong><\/p>\n<p>Endlich ist es soweit! Die neue <strong>UNLEASHED<\/strong> Kollektion trumpft mit noch nie da gewesener Vielfalt auf. Dieses Produkt ist Teil unserer nostalgischen <strong>Exceed Limits &#8211; Black&#8217;n&#8217;White<\/strong> Reihe. Und wieder sucht die Qualit\u00e4t seinesgleichen: Super Material mit treffenden Designs begleiten dich in deinem sportlichen Alltag und pushen dich weiter als jemals zuvor!<\/p>\n<p><strong>HIGHLIGHTS DIE \u00dcBERZEUGEN<\/strong><\/p>\n<ul>\n<li>Perfekte Passform<\/li>\n<li>Sportliches Design<\/li>\n<li>Strapazierf\u00e4higes Material<\/li>\n<li>Hoher Tragekomfort<\/li>\n<\/ul>","protected":false},"excerpt":{"rendered":"<p>Gr\u00f6\u00dfenreferenz:<\/p>\n<p>Unser Team tr\u00e4gt Gr\u00f6\u00dfe M bei 1,78m 80kg<\/p>","protected":false},"featured_media":28018,"comment_status":"open","ping_status":"closed","template":"","meta":{"om_disable_all_campaigns":false,"_monsterinsights_skip_tracking":false,"_monsterinsights_sitenote_active":false,"_monsterinsights_sitenote_note":"","_monsterinsights_sitenote_category":0,"_uf_show_specific_survey":0,"_uf_disable_surveys":false},"product_brand":[],"product_cat":[429,401,96,27],"product_tag":[],"class_list":{"0":"post-28016","1":"product","2":"type-product","3":"status-publish","4":"has-post-thumbnail","6":"product_cat-sponsoring","7":"product_cat-team","8":"product_cat-herren","9":"product_cat-t-shirts-maenner","11":"first","12":"instock","13":"shipping-taxable","14":"purchasable","15":"product-type-variable"},"aioseo_notices":[],"yoast_head":"<!-- This site is optimized with the Yoast SEO plugin v24.9 - https:\/\/yoast.com\/wordpress\/plugins\/seo\/ -->\n<title>Unleashed - T-Shirt Olive V-Neck - Exceed Limits<\/title>\n<meta name=\"robots\" content=\"index, follow, max-snippet:-1, max-image-preview:large, max-video-preview:-1\" \/>\n<link rel=\"canonical\" href=\"https:\/\/exceedlimits.de\/en\/shop\/herren\/t-shirts-maenner\/unleashed-t-shirt-olive-v-neck\/\" \/>\n<meta property=\"og:locale\" content=\"en_US\" \/>\n<meta property=\"og:type\" content=\"article\" \/>\n<meta property=\"og:title\" content=\"Unleashed - T-Shirt Olive V-Neck - Exceed Limits\" \/>\n<meta property=\"og:description\" content=\"Gr\u00f6\u00dfenreferenz:  Unser Team tr\u00e4gt Gr\u00f6\u00dfe M bei 1,78m 80kg\" \/>\n<meta property=\"og:url\" content=\"https:\/\/exceedlimits.de\/en\/shop\/herren\/t-shirts-maenner\/unleashed-t-shirt-olive-v-neck\/\" \/>\n<meta property=\"og:site_name\" content=\"Exceed Limits\" \/>\n<meta property=\"article:modified_time\" content=\"2025-01-21T02:56:26+00:00\" \/>\n<meta property=\"og:image\" content=\"https:\/\/exceedlimits.de\/wp-content\/uploads\/2020\/04\/olive-shirt.jpg\" \/>\n\t<meta property=\"og:image:width\" content=\"1400\" \/>\n\t<meta property=\"og:image:height\" content=\"1800\" \/>\n\t<meta property=\"og:image:type\" content=\"image\/jpeg\" \/>\n<meta name=\"twitter:card\" content=\"summary_large_image\" \/>\n<meta name=\"twitter:label1\" content=\"Est. reading time\" \/>\n\t<meta name=\"twitter:data1\" content=\"1 minute\" \/>\n<script type=\"application\/ld+json\" class=\"yoast-schema-graph\">{\"@context\":\"https:\/\/schema.org\",\"@graph\":[{\"@type\":\"WebPage\",\"@id\":\"https:\/\/exceedlimits.de\/shop\/herren\/t-shirts-maenner\/unleashed-t-shirt-olive-v-neck\/\",\"url\":\"https:\/\/exceedlimits.de\/shop\/herren\/t-shirts-maenner\/unleashed-t-shirt-olive-v-neck\/\",\"name\":\"Unleashed - T-Shirt Olive V-Neck - Exceed Limits\",\"isPartOf\":{\"@id\":\"https:\/\/exceedlimits.de\/#website\"},\"primaryImageOfPage\":{\"@id\":\"https:\/\/exceedlimits.de\/shop\/herren\/t-shirts-maenner\/unleashed-t-shirt-olive-v-neck\/#primaryimage\"},\"image\":{\"@id\":\"https:\/\/exceedlimits.de\/shop\/herren\/t-shirts-maenner\/unleashed-t-shirt-olive-v-neck\/#primaryimage\"},\"thumbnailUrl\":\"https:\/\/exceedlimits.de\/wp-content\/uploads\/2020\/04\/olive-shirt.jpg\",\"datePublished\":\"2020-04-26T09:08:48+00:00\",\"dateModified\":\"2025-01-21T02:56:26+00:00\",\"breadcrumb\":{\"@id\":\"https:\/\/exceedlimits.de\/shop\/herren\/t-shirts-maenner\/unleashed-t-shirt-olive-v-neck\/#breadcrumb\"},\"inLanguage\":\"en-US\",\"potentialAction\":[{\"@type\":\"ReadAction\",\"target\":[\"https:\/\/exceedlimits.de\/shop\/herren\/t-shirts-maenner\/unleashed-t-shirt-olive-v-neck\/\"]}]},{\"@type\":\"ImageObject\",\"inLanguage\":\"en-US\",\"@id\":\"https:\/\/exceedlimits.de\/shop\/herren\/t-shirts-maenner\/unleashed-t-shirt-olive-v-neck\/#primaryimage\",\"url\":\"https:\/\/exceedlimits.de\/wp-content\/uploads\/2020\/04\/olive-shirt.jpg\",\"contentUrl\":\"https:\/\/exceedlimits.de\/wp-content\/uploads\/2020\/04\/olive-shirt.jpg\",\"width\":1400,\"height\":1800},{\"@type\":\"BreadcrumbList\",\"@id\":\"https:\/\/exceedlimits.de\/shop\/herren\/t-shirts-maenner\/unleashed-t-shirt-olive-v-neck\/#breadcrumb\",\"itemListElement\":[{\"@type\":\"ListItem\",\"position\":1,\"name\":\"Startseite\",\"item\":\"https:\/\/exceedlimits.de\/\"},{\"@type\":\"ListItem\",\"position\":2,\"name\":\"Shop\",\"item\":\"https:\/\/exceedlimits.de\/shop\/\"},{\"@type\":\"ListItem\",\"position\":3,\"name\":\"Unleashed &#8211; T-Shirt Olive V-Neck\"}]},{\"@type\":\"WebSite\",\"@id\":\"https:\/\/exceedlimits.de\/#website\",\"url\":\"https:\/\/exceedlimits.de\/\",\"name\":\"Exceed Limits\",\"description\":\"Exceed your limits to succeed your dreams\",\"publisher\":{\"@id\":\"https:\/\/exceedlimits.de\/#organization\"},\"potentialAction\":[{\"@type\":\"SearchAction\",\"target\":{\"@type\":\"EntryPoint\",\"urlTemplate\":\"https:\/\/exceedlimits.de\/?s={search_term_string}\"},\"query-input\":{\"@type\":\"PropertyValueSpecification\",\"valueRequired\":true,\"valueName\":\"search_term_string\"}}],\"inLanguage\":\"en-US\"},{\"@type\":\"Organization\",\"@id\":\"https:\/\/exceedlimits.de\/#organization\",\"name\":\"Exceed Limit\",\"url\":\"https:\/\/exceedlimits.de\/\",\"logo\":{\"@type\":\"ImageObject\",\"inLanguage\":\"en-US\",\"@id\":\"https:\/\/exceedlimits.de\/#\/schema\/logo\/image\/\",\"url\":\"https:\/\/exceedlimits.eu\/wp-content\/uploads\/2018\/02\/cropped-favicon.jpg\",\"contentUrl\":\"https:\/\/exceedlimits.eu\/wp-content\/uploads\/2018\/02\/cropped-favicon.jpg\",\"width\":512,\"height\":512,\"caption\":\"Exceed Limit\"},\"image\":{\"@id\":\"https:\/\/exceedlimits.de\/#\/schema\/logo\/image\/\"},\"sameAs\":[\"https:\/\/www.instagram.com\/exlimit_official\/\"]}]}<\/script>\n<!-- \/ Yoast SEO plugin. -->","yoast_head_json":{"title":"Unleashed - T-Shirt Olive V-Neck - Exceed Limits","robots":{"index":"index","follow":"follow","max-snippet":"max-snippet:-1","max-image-preview":"max-image-preview:large","max-video-preview":"max-video-preview:-1"},"canonical":"https:\/\/exceedlimits.de\/en\/shop\/herren\/t-shirts-maenner\/unleashed-t-shirt-olive-v-neck\/","og_locale":"en_US","og_type":"article","og_title":"Unleashed - T-Shirt Olive V-Neck - Exceed Limits","og_description":"Gr\u00f6\u00dfenreferenz:  Unser Team tr\u00e4gt Gr\u00f6\u00dfe M bei 1,78m 80kg","og_url":"https:\/\/exceedlimits.de\/en\/shop\/herren\/t-shirts-maenner\/unleashed-t-shirt-olive-v-neck\/","og_site_name":"Exceed Limits","article_modified_time":"2025-01-21T02:56:26+00:00","og_image":[{"width":1400,"height":1800,"url":"https:\/\/exceedlimits.de\/wp-content\/uploads\/2020\/04\/olive-shirt.jpg","type":"image\/jpeg"}],"twitter_card":"summary_large_image","twitter_misc":{"Est. reading time":"1 minute"},"schema":{"@context":"https:\/\/schema.org","@graph":[{"@type":"WebPage","@id":"https:\/\/exceedlimits.de\/shop\/herren\/t-shirts-maenner\/unleashed-t-shirt-olive-v-neck\/","url":"https:\/\/exceedlimits.de\/shop\/herren\/t-shirts-maenner\/unleashed-t-shirt-olive-v-neck\/","name":"Unleashed - T-Shirt Olive V-Neck - Exceed Limits","isPartOf":{"@id":"https:\/\/exceedlimits.de\/#website"},"primaryImageOfPage":{"@id":"https:\/\/exceedlimits.de\/shop\/herren\/t-shirts-maenner\/unleashed-t-shirt-olive-v-neck\/#primaryimage"},"image":{"@id":"https:\/\/exceedlimits.de\/shop\/herren\/t-shirts-maenner\/unleashed-t-shirt-olive-v-neck\/#primaryimage"},"thumbnailUrl":"https:\/\/exceedlimits.de\/wp-content\/uploads\/2020\/04\/olive-shirt.jpg","datePublished":"2020-04-26T09:08:48+00:00","dateModified":"2025-01-21T02:56:26+00:00","breadcrumb":{"@id":"https:\/\/exceedlimits.de\/shop\/herren\/t-shirts-maenner\/unleashed-t-shirt-olive-v-neck\/#breadcrumb"},"inLanguage":"en-US","potentialAction":[{"@type":"ReadAction","target":["https:\/\/exceedlimits.de\/shop\/herren\/t-shirts-maenner\/unleashed-t-shirt-olive-v-neck\/"]}]},{"@type":"ImageObject","inLanguage":"en-US","@id":"https:\/\/exceedlimits.de\/shop\/herren\/t-shirts-maenner\/unleashed-t-shirt-olive-v-neck\/#primaryimage","url":"https:\/\/exceedlimits.de\/wp-content\/uploads\/2020\/04\/olive-shirt.jpg","contentUrl":"https:\/\/exceedlimits.de\/wp-content\/uploads\/2020\/04\/olive-shirt.jpg","width":1400,"height":1800},{"@type":"BreadcrumbList","@id":"https:\/\/exceedlimits.de\/shop\/herren\/t-shirts-maenner\/unleashed-t-shirt-olive-v-neck\/#breadcrumb","itemListElement":[{"@type":"ListItem","position":1,"name":"Startseite","item":"https:\/\/exceedlimits.de\/"},{"@type":"ListItem","position":2,"name":"Shop","item":"https:\/\/exceedlimits.de\/shop\/"},{"@type":"ListItem","position":3,"name":"Unleashed &#8211; T-Shirt Olive V-Neck"}]},{"@type":"WebSite","@id":"https:\/\/exceedlimits.de\/#website","url":"https:\/\/exceedlimits.de\/","name":"Exceed Limits","description":"Exceed your limits to succeed your dreams","publisher":{"@id":"https:\/\/exceedlimits.de\/#organization"},"potentialAction":[{"@type":"SearchAction","target":{"@type":"EntryPoint","urlTemplate":"https:\/\/exceedlimits.de\/?s={search_term_string}"},"query-input":{"@type":"PropertyValueSpecification","valueRequired":true,"valueName":"search_term_string"}}],"inLanguage":"en-US"},{"@type":"Organization","@id":"https:\/\/exceedlimits.de\/#organization","name":"Exceed Limit","url":"https:\/\/exceedlimits.de\/","logo":{"@type":"ImageObject","inLanguage":"en-US","@id":"https:\/\/exceedlimits.de\/#\/schema\/logo\/image\/","url":"https:\/\/exceedlimits.eu\/wp-content\/uploads\/2018\/02\/cropped-favicon.jpg","contentUrl":"https:\/\/exceedlimits.eu\/wp-content\/uploads\/2018\/02\/cropped-favicon.jpg","width":512,"height":512,"caption":"Exceed Limit"},"image":{"@id":"https:\/\/exceedlimits.de\/#\/schema\/logo\/image\/"},"sameAs":["https:\/\/www.instagram.com\/exlimit_official\/"]}]}},"_links":{"self":[{"href":"https:\/\/exceedlimits.de\/en\/wp-json\/wp\/v2\/product\/28016","targetHints":{"allow":["GET"]}}],"collection":[{"href":"https:\/\/exceedlimits.de\/en\/wp-json\/wp\/v2\/product"}],"about":[{"href":"https:\/\/exceedlimits.de\/en\/wp-json\/wp\/v2\/types\/product"}],"replies":[{"embeddable":true,"href":"https:\/\/exceedlimits.de\/en\/wp-json\/wp\/v2\/comments?post=28016"}],"version-history":[{"count":1,"href":"https:\/\/exceedlimits.de\/en\/wp-json\/wp\/v2\/product\/28016\/revisions"}],"predecessor-version":[{"id":47928,"href":"https:\/\/exceedlimits.de\/en\/wp-json\/wp\/v2\/product\/28016\/revisions\/47928"}],"wp:featuredmedia":[{"embeddable":true,"href":"https:\/\/exceedlimits.de\/en\/wp-json\/wp\/v2\/media\/28018"}],"wp:attachment":[{"href":"https:\/\/exceedlimits.de\/en\/wp-json\/wp\/v2\/media?parent=28016"}],"wp:term":[{"taxonomy":"product_brand","embeddable":true,"href":"https:\/\/exceedlimits.de\/en\/wp-json\/wp\/v2\/product_brand?post=28016"},{"taxonomy":"product_cat","embeddable":true,"href":"https:\/\/exceedlimits.de\/en\/wp-json\/wp\/v2\/product_cat?post=28016"},{"taxonomy":"product_tag","embeddable":true,"href":"https:\/\/exceedlimits.de\/en\/wp-json\/wp\/v2\/product_tag?post=28016"}],"curies":[{"name":"wp","href":"https:\/\/api.w.org\/{rel}","templated":true}]}}