{"id":30624,"date":"2020-07-31T22:39:20","date_gmt":"2020-07-31T21:39:20","guid":{"rendered":"https:\/\/exceedlimits.eu\/?post_type=product&#038;p=30624"},"modified":"2026-04-17T22:31:08","modified_gmt":"2026-04-17T20:31:08","slug":"unleashed-navywhite-contrast-shorts","status":"publish","type":"product","link":"https:\/\/exceedlimits.de\/en\/shop\/kollektionen\/oceanvibes\/unleashed-navywhite-contrast-shorts\/","title":{"rendered":"Unleashed Navy&#8217;white contrast &#8211; shorts"},"content":{"rendered":"<p>L\u00e4ssige Shorts aus der UNLEASHED Kollektion f\u00fcr den Sommer.<\/p>\n<p>100% Polyester mit einer 140 g\/m\u00b2 Grammatur<\/p>\n<ul>\n<li>Perfekt f\u00fcr dein Training oder sportlichen Alltag.<\/li>\n<li>30\u00b0C\u00a0 Waschbar<\/li>\n<\/ul>","protected":false},"excerpt":{"rendered":"<p>Gr\u00f6\u00dfenreferenz:<\/p>\n<p>Unser Team tr\u00e4gt Gr\u00f6\u00dfe M bei 1,83m 85kg<\/p>","protected":false},"featured_media":31022,"comment_status":"open","ping_status":"closed","template":"","meta":{"om_disable_all_campaigns":false,"_monsterinsights_skip_tracking":false,"_monsterinsights_sitenote_active":false,"_monsterinsights_sitenote_note":"","_monsterinsights_sitenote_category":0,"_uf_show_specific_survey":0,"_uf_disable_surveys":false},"product_brand":[],"product_cat":[430,429,96,260,378],"product_tag":[],"class_list":{"0":"post-30624","1":"product","2":"type-product","3":"status-publish","4":"has-post-thumbnail","6":"product_cat-outdoor","7":"product_cat-sponsoring","8":"product_cat-herren","9":"product_cat-shorts","10":"product_cat-oceanvibes","12":"first","13":"instock","14":"shipping-taxable","15":"purchasable","16":"product-type-variable","17":"has-default-attributes"},"aioseo_notices":[],"yoast_head":"<!-- This site is optimized with the Yoast SEO plugin v24.9 - https:\/\/yoast.com\/wordpress\/plugins\/seo\/ -->\n<title>Unleashed Navy&#039;white contrast - shorts - Exceed Limits<\/title>\n<meta name=\"robots\" content=\"index, follow, max-snippet:-1, max-image-preview:large, max-video-preview:-1\" \/>\n<link rel=\"canonical\" href=\"https:\/\/exceedlimits.de\/en\/shop\/kollektionen\/oceanvibes\/unleashed-navywhite-contrast-shorts\/\" \/>\n<meta property=\"og:locale\" content=\"en_US\" \/>\n<meta property=\"og:type\" content=\"article\" \/>\n<meta property=\"og:title\" content=\"Unleashed Navy&#039;white contrast - shorts - Exceed Limits\" \/>\n<meta property=\"og:description\" content=\"Gr\u00f6\u00dfenreferenz:  Unser Team tr\u00e4gt Gr\u00f6\u00dfe M bei 1,83m 85kg\" \/>\n<meta property=\"og:url\" content=\"https:\/\/exceedlimits.de\/en\/shop\/kollektionen\/oceanvibes\/unleashed-navywhite-contrast-shorts\/\" \/>\n<meta property=\"og:site_name\" content=\"Exceed Limits\" \/>\n<meta property=\"article:modified_time\" content=\"2026-04-17T20:31:08+00:00\" \/>\n<meta property=\"og:image\" content=\"https:\/\/exceedlimits.de\/wp-content\/uploads\/2020\/07\/exceedlimits2.jpg\" \/>\n\t<meta property=\"og:image:width\" content=\"750\" \/>\n\t<meta property=\"og:image:height\" content=\"1000\" \/>\n\t<meta property=\"og:image:type\" content=\"image\/jpeg\" \/>\n<meta name=\"twitter:card\" content=\"summary_large_image\" \/>\n<meta name=\"twitter:label1\" content=\"Est. reading time\" \/>\n\t<meta name=\"twitter:data1\" content=\"1 minute\" \/>\n<script type=\"application\/ld+json\" class=\"yoast-schema-graph\">{\"@context\":\"https:\/\/schema.org\",\"@graph\":[{\"@type\":\"WebPage\",\"@id\":\"https:\/\/exceedlimits.de\/shop\/kollektionen\/oceanvibes\/unleashed-navywhite-contrast-shorts\/\",\"url\":\"https:\/\/exceedlimits.de\/shop\/kollektionen\/oceanvibes\/unleashed-navywhite-contrast-shorts\/\",\"name\":\"Unleashed Navy'white contrast - shorts - Exceed Limits\",\"isPartOf\":{\"@id\":\"https:\/\/exceedlimits.de\/#website\"},\"primaryImageOfPage\":{\"@id\":\"https:\/\/exceedlimits.de\/shop\/kollektionen\/oceanvibes\/unleashed-navywhite-contrast-shorts\/#primaryimage\"},\"image\":{\"@id\":\"https:\/\/exceedlimits.de\/shop\/kollektionen\/oceanvibes\/unleashed-navywhite-contrast-shorts\/#primaryimage\"},\"thumbnailUrl\":\"https:\/\/exceedlimits.de\/wp-content\/uploads\/2020\/07\/exceedlimits2.jpg\",\"datePublished\":\"2020-07-31T21:39:20+00:00\",\"dateModified\":\"2026-04-17T20:31:08+00:00\",\"breadcrumb\":{\"@id\":\"https:\/\/exceedlimits.de\/shop\/kollektionen\/oceanvibes\/unleashed-navywhite-contrast-shorts\/#breadcrumb\"},\"inLanguage\":\"en-US\",\"potentialAction\":[{\"@type\":\"ReadAction\",\"target\":[\"https:\/\/exceedlimits.de\/shop\/kollektionen\/oceanvibes\/unleashed-navywhite-contrast-shorts\/\"]}]},{\"@type\":\"ImageObject\",\"inLanguage\":\"en-US\",\"@id\":\"https:\/\/exceedlimits.de\/shop\/kollektionen\/oceanvibes\/unleashed-navywhite-contrast-shorts\/#primaryimage\",\"url\":\"https:\/\/exceedlimits.de\/wp-content\/uploads\/2020\/07\/exceedlimits2.jpg\",\"contentUrl\":\"https:\/\/exceedlimits.de\/wp-content\/uploads\/2020\/07\/exceedlimits2.jpg\",\"width\":750,\"height\":1000},{\"@type\":\"BreadcrumbList\",\"@id\":\"https:\/\/exceedlimits.de\/shop\/kollektionen\/oceanvibes\/unleashed-navywhite-contrast-shorts\/#breadcrumb\",\"itemListElement\":[{\"@type\":\"ListItem\",\"position\":1,\"name\":\"Startseite\",\"item\":\"https:\/\/exceedlimits.de\/\"},{\"@type\":\"ListItem\",\"position\":2,\"name\":\"Shop\",\"item\":\"https:\/\/exceedlimits.de\/shop\/\"},{\"@type\":\"ListItem\",\"position\":3,\"name\":\"Unleashed Navy&#8217;white contrast &#8211; shorts\"}]},{\"@type\":\"WebSite\",\"@id\":\"https:\/\/exceedlimits.de\/#website\",\"url\":\"https:\/\/exceedlimits.de\/\",\"name\":\"Exceed Limits\",\"description\":\"Exceed your limits to succeed your dreams\",\"publisher\":{\"@id\":\"https:\/\/exceedlimits.de\/#organization\"},\"potentialAction\":[{\"@type\":\"SearchAction\",\"target\":{\"@type\":\"EntryPoint\",\"urlTemplate\":\"https:\/\/exceedlimits.de\/?s={search_term_string}\"},\"query-input\":{\"@type\":\"PropertyValueSpecification\",\"valueRequired\":true,\"valueName\":\"search_term_string\"}}],\"inLanguage\":\"en-US\"},{\"@type\":\"Organization\",\"@id\":\"https:\/\/exceedlimits.de\/#organization\",\"name\":\"Exceed Limit\",\"url\":\"https:\/\/exceedlimits.de\/\",\"logo\":{\"@type\":\"ImageObject\",\"inLanguage\":\"en-US\",\"@id\":\"https:\/\/exceedlimits.de\/#\/schema\/logo\/image\/\",\"url\":\"https:\/\/exceedlimits.eu\/wp-content\/uploads\/2018\/02\/cropped-favicon.jpg\",\"contentUrl\":\"https:\/\/exceedlimits.eu\/wp-content\/uploads\/2018\/02\/cropped-favicon.jpg\",\"width\":512,\"height\":512,\"caption\":\"Exceed Limit\"},\"image\":{\"@id\":\"https:\/\/exceedlimits.de\/#\/schema\/logo\/image\/\"},\"sameAs\":[\"https:\/\/www.instagram.com\/exlimit_official\/\"]}]}<\/script>\n<!-- \/ Yoast SEO plugin. -->","yoast_head_json":{"title":"Unleashed Navy'white contrast - shorts - Exceed Limits","robots":{"index":"index","follow":"follow","max-snippet":"max-snippet:-1","max-image-preview":"max-image-preview:large","max-video-preview":"max-video-preview:-1"},"canonical":"https:\/\/exceedlimits.de\/en\/shop\/kollektionen\/oceanvibes\/unleashed-navywhite-contrast-shorts\/","og_locale":"en_US","og_type":"article","og_title":"Unleashed Navy'white contrast - shorts - Exceed Limits","og_description":"Gr\u00f6\u00dfenreferenz:  Unser Team tr\u00e4gt Gr\u00f6\u00dfe M bei 1,83m 85kg","og_url":"https:\/\/exceedlimits.de\/en\/shop\/kollektionen\/oceanvibes\/unleashed-navywhite-contrast-shorts\/","og_site_name":"Exceed Limits","article_modified_time":"2026-04-17T20:31:08+00:00","og_image":[{"width":750,"height":1000,"url":"https:\/\/exceedlimits.de\/wp-content\/uploads\/2020\/07\/exceedlimits2.jpg","type":"image\/jpeg"}],"twitter_card":"summary_large_image","twitter_misc":{"Est. reading time":"1 minute"},"schema":{"@context":"https:\/\/schema.org","@graph":[{"@type":"WebPage","@id":"https:\/\/exceedlimits.de\/shop\/kollektionen\/oceanvibes\/unleashed-navywhite-contrast-shorts\/","url":"https:\/\/exceedlimits.de\/shop\/kollektionen\/oceanvibes\/unleashed-navywhite-contrast-shorts\/","name":"Unleashed Navy'white contrast - shorts - Exceed Limits","isPartOf":{"@id":"https:\/\/exceedlimits.de\/#website"},"primaryImageOfPage":{"@id":"https:\/\/exceedlimits.de\/shop\/kollektionen\/oceanvibes\/unleashed-navywhite-contrast-shorts\/#primaryimage"},"image":{"@id":"https:\/\/exceedlimits.de\/shop\/kollektionen\/oceanvibes\/unleashed-navywhite-contrast-shorts\/#primaryimage"},"thumbnailUrl":"https:\/\/exceedlimits.de\/wp-content\/uploads\/2020\/07\/exceedlimits2.jpg","datePublished":"2020-07-31T21:39:20+00:00","dateModified":"2026-04-17T20:31:08+00:00","breadcrumb":{"@id":"https:\/\/exceedlimits.de\/shop\/kollektionen\/oceanvibes\/unleashed-navywhite-contrast-shorts\/#breadcrumb"},"inLanguage":"en-US","potentialAction":[{"@type":"ReadAction","target":["https:\/\/exceedlimits.de\/shop\/kollektionen\/oceanvibes\/unleashed-navywhite-contrast-shorts\/"]}]},{"@type":"ImageObject","inLanguage":"en-US","@id":"https:\/\/exceedlimits.de\/shop\/kollektionen\/oceanvibes\/unleashed-navywhite-contrast-shorts\/#primaryimage","url":"https:\/\/exceedlimits.de\/wp-content\/uploads\/2020\/07\/exceedlimits2.jpg","contentUrl":"https:\/\/exceedlimits.de\/wp-content\/uploads\/2020\/07\/exceedlimits2.jpg","width":750,"height":1000},{"@type":"BreadcrumbList","@id":"https:\/\/exceedlimits.de\/shop\/kollektionen\/oceanvibes\/unleashed-navywhite-contrast-shorts\/#breadcrumb","itemListElement":[{"@type":"ListItem","position":1,"name":"Startseite","item":"https:\/\/exceedlimits.de\/"},{"@type":"ListItem","position":2,"name":"Shop","item":"https:\/\/exceedlimits.de\/shop\/"},{"@type":"ListItem","position":3,"name":"Unleashed Navy&#8217;white contrast &#8211; shorts"}]},{"@type":"WebSite","@id":"https:\/\/exceedlimits.de\/#website","url":"https:\/\/exceedlimits.de\/","name":"Exceed Limits","description":"Exceed your limits to succeed your dreams","publisher":{"@id":"https:\/\/exceedlimits.de\/#organization"},"potentialAction":[{"@type":"SearchAction","target":{"@type":"EntryPoint","urlTemplate":"https:\/\/exceedlimits.de\/?s={search_term_string}"},"query-input":{"@type":"PropertyValueSpecification","valueRequired":true,"valueName":"search_term_string"}}],"inLanguage":"en-US"},{"@type":"Organization","@id":"https:\/\/exceedlimits.de\/#organization","name":"Exceed Limit","url":"https:\/\/exceedlimits.de\/","logo":{"@type":"ImageObject","inLanguage":"en-US","@id":"https:\/\/exceedlimits.de\/#\/schema\/logo\/image\/","url":"https:\/\/exceedlimits.eu\/wp-content\/uploads\/2018\/02\/cropped-favicon.jpg","contentUrl":"https:\/\/exceedlimits.eu\/wp-content\/uploads\/2018\/02\/cropped-favicon.jpg","width":512,"height":512,"caption":"Exceed Limit"},"image":{"@id":"https:\/\/exceedlimits.de\/#\/schema\/logo\/image\/"},"sameAs":["https:\/\/www.instagram.com\/exlimit_official\/"]}]}},"_links":{"self":[{"href":"https:\/\/exceedlimits.de\/en\/wp-json\/wp\/v2\/product\/30624","targetHints":{"allow":["GET"]}}],"collection":[{"href":"https:\/\/exceedlimits.de\/en\/wp-json\/wp\/v2\/product"}],"about":[{"href":"https:\/\/exceedlimits.de\/en\/wp-json\/wp\/v2\/types\/product"}],"replies":[{"embeddable":true,"href":"https:\/\/exceedlimits.de\/en\/wp-json\/wp\/v2\/comments?post=30624"}],"version-history":[{"count":2,"href":"https:\/\/exceedlimits.de\/en\/wp-json\/wp\/v2\/product\/30624\/revisions"}],"predecessor-version":[{"id":49245,"href":"https:\/\/exceedlimits.de\/en\/wp-json\/wp\/v2\/product\/30624\/revisions\/49245"}],"wp:featuredmedia":[{"embeddable":true,"href":"https:\/\/exceedlimits.de\/en\/wp-json\/wp\/v2\/media\/31022"}],"wp:attachment":[{"href":"https:\/\/exceedlimits.de\/en\/wp-json\/wp\/v2\/media?parent=30624"}],"wp:term":[{"taxonomy":"product_brand","embeddable":true,"href":"https:\/\/exceedlimits.de\/en\/wp-json\/wp\/v2\/product_brand?post=30624"},{"taxonomy":"product_cat","embeddable":true,"href":"https:\/\/exceedlimits.de\/en\/wp-json\/wp\/v2\/product_cat?post=30624"},{"taxonomy":"product_tag","embeddable":true,"href":"https:\/\/exceedlimits.de\/en\/wp-json\/wp\/v2\/product_tag?post=30624"}],"curies":[{"name":"wp","href":"https:\/\/api.w.org\/{rel}","templated":true}]}}