{"id":354,"date":"2018-02-22T19:43:29","date_gmt":"2018-02-22T17:43:29","guid":{"rendered":"https:\/\/exceedlimits.eu\/?post_type=product&#038;p=354"},"modified":"2025-12-22T23:02:56","modified_gmt":"2025-12-22T21:02:56","slug":"exceedlimit-tanktop-grau","status":"publish","type":"product","link":"https:\/\/exceedlimits.de\/en\/shop\/herren\/stringer\/exceedlimit-tanktop-grau\/","title":{"rendered":"Exceed Limit Stringer &#8211; Jet Black"},"content":{"rendered":"<p><strong>EXCEED LIMIT STRINGER &#8211; JET BLACK<\/strong><\/p>\n<p>Um deine Grenze zu \u00fcberschreiten und dein Ziel zu erreichen, brauchst du die richtige Kleidung. Der Exceed Stringer eignet sich perfekt f\u00fcr dein Training. Mit dem <strong>EXCEED<\/strong> Logo reiht er sich in unsere Exceed Limit Reihe ein, die sich zum Ziel gesetzt hat, mit dir alle Grenzen, die zwischen dir und deinen Zielen stehen, zu \u00fcberschreiten.<\/p>\n<p><strong>Material<\/strong>: 100% Polyester<br \/>\n<strong>Passform<\/strong>: Slim Fit<br \/>\n<strong>Pflegehinweise<\/strong>:\u00a0Maschinenw\u00e4sche auf links bei 30\u00b0C, B\u00fcgeln nicht m\u00f6glich, nicht f\u00fcr den Trockner geeignet<\/p>\n<p><strong>HIGHLIGHTS DIE \u00dcBERZEUGEN<\/strong><\/p>\n<ul>\n<li>Eng anliegend (Slim Fit)<\/li>\n<li>Sportliches Design<\/li>\n<li>Strapazierf\u00e4higes Material<\/li>\n<li>Gro\u00dfes Exceed Logo vorne demonstriert St\u00e4rke<\/li>\n<\/ul>","protected":false},"excerpt":{"rendered":"<p>Artikelnummer:\u00a0110302<br \/>\nLieferzeit: <span style=\"color: #4fe05b;\">Sofort versandfertig<br \/>\n<span style=\"color: #000000;\"><br \/>\n<\/span><\/span><\/p>\n<p>Gr\u00f6\u00dfenreferenz:<\/p>\n<p>Unser Team tr\u00e4gt Gr\u00f6\u00dfe M bei 1,82m 85kg<\/p>","protected":false},"featured_media":46800,"comment_status":"closed","ping_status":"closed","template":"","meta":{"om_disable_all_campaigns":false,"_monsterinsights_skip_tracking":false,"_monsterinsights_sitenote_active":false,"_monsterinsights_sitenote_note":"","_monsterinsights_sitenote_category":0,"_uf_show_specific_survey":0,"_uf_disable_surveys":false},"product_brand":[],"product_cat":[429,149],"product_tag":[76,77,72,73,78,74,71,75],"class_list":{"0":"post-354","1":"product","2":"type-product","3":"status-publish","4":"has-post-thumbnail","6":"product_cat-sponsoring","7":"product_cat-stringer","8":"product_tag-aerlemlos","9":"product_tag-aufdruck","10":"product_tag-grau","11":"product_tag-hell","12":"product_tag-logo-exceedlimit","13":"product_tag-premium","14":"product_tag-tank-top","15":"product_tag-traegershirt","17":"first","18":"instock","19":"purchasable","20":"product-type-variable"},"aioseo_notices":[],"yoast_head":"<!-- This site is optimized with the Yoast SEO plugin v24.9 - https:\/\/yoast.com\/wordpress\/plugins\/seo\/ -->\n<title>Exceed Limit Stringer - Jet Black - Exceed Limits<\/title>\n<meta name=\"robots\" content=\"index, follow, max-snippet:-1, max-image-preview:large, max-video-preview:-1\" \/>\n<link rel=\"canonical\" href=\"https:\/\/exceedlimits.de\/en\/shop\/herren\/stringer\/exceedlimit-tanktop-grau\/\" \/>\n<meta property=\"og:locale\" content=\"en_US\" \/>\n<meta property=\"og:type\" content=\"article\" \/>\n<meta property=\"og:title\" content=\"Exceed Limit Stringer - Jet Black - Exceed Limits\" \/>\n<meta property=\"og:description\" content=\"Artikelnummer:\u00a0110302 Lieferzeit: Sofort versandfertig    Gr\u00f6\u00dfenreferenz:  Unser Team tr\u00e4gt Gr\u00f6\u00dfe M bei 1,82m 85kg\" \/>\n<meta property=\"og:url\" content=\"https:\/\/exceedlimits.de\/en\/shop\/herren\/stringer\/exceedlimit-tanktop-grau\/\" \/>\n<meta property=\"og:site_name\" content=\"Exceed Limits\" \/>\n<meta property=\"article:modified_time\" content=\"2025-12-22T21:02:56+00:00\" \/>\n<meta property=\"og:image\" content=\"https:\/\/exceedlimits.de\/wp-content\/uploads\/2022\/07\/Exceed-limit-stringer-original-jet-black.webp\" \/>\n\t<meta property=\"og:image:width\" content=\"1728\" \/>\n\t<meta property=\"og:image:height\" content=\"2160\" \/>\n\t<meta property=\"og:image:type\" content=\"image\/webp\" \/>\n<meta name=\"twitter:card\" content=\"summary_large_image\" \/>\n<meta name=\"twitter:label1\" content=\"Est. reading time\" \/>\n\t<meta name=\"twitter:data1\" content=\"1 minute\" \/>\n<script type=\"application\/ld+json\" class=\"yoast-schema-graph\">{\"@context\":\"https:\/\/schema.org\",\"@graph\":[{\"@type\":\"WebPage\",\"@id\":\"https:\/\/exceedlimits.de\/shop\/herren\/stringer\/exceedlimit-tanktop-grau\/\",\"url\":\"https:\/\/exceedlimits.de\/shop\/herren\/stringer\/exceedlimit-tanktop-grau\/\",\"name\":\"Exceed Limit Stringer - Jet Black - Exceed Limits\",\"isPartOf\":{\"@id\":\"https:\/\/exceedlimits.de\/#website\"},\"primaryImageOfPage\":{\"@id\":\"https:\/\/exceedlimits.de\/shop\/herren\/stringer\/exceedlimit-tanktop-grau\/#primaryimage\"},\"image\":{\"@id\":\"https:\/\/exceedlimits.de\/shop\/herren\/stringer\/exceedlimit-tanktop-grau\/#primaryimage\"},\"thumbnailUrl\":\"https:\/\/exceedlimits.de\/wp-content\/uploads\/2022\/07\/Exceed-limit-stringer-original-jet-black.webp\",\"datePublished\":\"2018-02-22T17:43:29+00:00\",\"dateModified\":\"2025-12-22T21:02:56+00:00\",\"breadcrumb\":{\"@id\":\"https:\/\/exceedlimits.de\/shop\/herren\/stringer\/exceedlimit-tanktop-grau\/#breadcrumb\"},\"inLanguage\":\"en-US\",\"potentialAction\":[{\"@type\":\"ReadAction\",\"target\":[\"https:\/\/exceedlimits.de\/shop\/herren\/stringer\/exceedlimit-tanktop-grau\/\"]}]},{\"@type\":\"ImageObject\",\"inLanguage\":\"en-US\",\"@id\":\"https:\/\/exceedlimits.de\/shop\/herren\/stringer\/exceedlimit-tanktop-grau\/#primaryimage\",\"url\":\"https:\/\/exceedlimits.de\/wp-content\/uploads\/2022\/07\/Exceed-limit-stringer-original-jet-black.webp\",\"contentUrl\":\"https:\/\/exceedlimits.de\/wp-content\/uploads\/2022\/07\/Exceed-limit-stringer-original-jet-black.webp\",\"width\":1728,\"height\":2160},{\"@type\":\"BreadcrumbList\",\"@id\":\"https:\/\/exceedlimits.de\/shop\/herren\/stringer\/exceedlimit-tanktop-grau\/#breadcrumb\",\"itemListElement\":[{\"@type\":\"ListItem\",\"position\":1,\"name\":\"Startseite\",\"item\":\"https:\/\/exceedlimits.de\/\"},{\"@type\":\"ListItem\",\"position\":2,\"name\":\"Shop\",\"item\":\"https:\/\/exceedlimits.de\/shop\/\"},{\"@type\":\"ListItem\",\"position\":3,\"name\":\"Exceed Limit Stringer &#8211; Jet Black\"}]},{\"@type\":\"WebSite\",\"@id\":\"https:\/\/exceedlimits.de\/#website\",\"url\":\"https:\/\/exceedlimits.de\/\",\"name\":\"Exceed Limits\",\"description\":\"Exceed your limits to succeed your dreams\",\"publisher\":{\"@id\":\"https:\/\/exceedlimits.de\/#organization\"},\"potentialAction\":[{\"@type\":\"SearchAction\",\"target\":{\"@type\":\"EntryPoint\",\"urlTemplate\":\"https:\/\/exceedlimits.de\/?s={search_term_string}\"},\"query-input\":{\"@type\":\"PropertyValueSpecification\",\"valueRequired\":true,\"valueName\":\"search_term_string\"}}],\"inLanguage\":\"en-US\"},{\"@type\":\"Organization\",\"@id\":\"https:\/\/exceedlimits.de\/#organization\",\"name\":\"Exceed Limit\",\"url\":\"https:\/\/exceedlimits.de\/\",\"logo\":{\"@type\":\"ImageObject\",\"inLanguage\":\"en-US\",\"@id\":\"https:\/\/exceedlimits.de\/#\/schema\/logo\/image\/\",\"url\":\"https:\/\/exceedlimits.eu\/wp-content\/uploads\/2018\/02\/cropped-favicon.jpg\",\"contentUrl\":\"https:\/\/exceedlimits.eu\/wp-content\/uploads\/2018\/02\/cropped-favicon.jpg\",\"width\":512,\"height\":512,\"caption\":\"Exceed Limit\"},\"image\":{\"@id\":\"https:\/\/exceedlimits.de\/#\/schema\/logo\/image\/\"},\"sameAs\":[\"https:\/\/www.instagram.com\/exlimit_official\/\"]}]}<\/script>\n<!-- \/ Yoast SEO plugin. -->","yoast_head_json":{"title":"Exceed Limit Stringer - Jet Black - Exceed Limits","robots":{"index":"index","follow":"follow","max-snippet":"max-snippet:-1","max-image-preview":"max-image-preview:large","max-video-preview":"max-video-preview:-1"},"canonical":"https:\/\/exceedlimits.de\/en\/shop\/herren\/stringer\/exceedlimit-tanktop-grau\/","og_locale":"en_US","og_type":"article","og_title":"Exceed Limit Stringer - Jet Black - Exceed Limits","og_description":"Artikelnummer:\u00a0110302 Lieferzeit: Sofort versandfertig    Gr\u00f6\u00dfenreferenz:  Unser Team tr\u00e4gt Gr\u00f6\u00dfe M bei 1,82m 85kg","og_url":"https:\/\/exceedlimits.de\/en\/shop\/herren\/stringer\/exceedlimit-tanktop-grau\/","og_site_name":"Exceed Limits","article_modified_time":"2025-12-22T21:02:56+00:00","og_image":[{"width":1728,"height":2160,"url":"https:\/\/exceedlimits.de\/wp-content\/uploads\/2022\/07\/Exceed-limit-stringer-original-jet-black.webp","type":"image\/webp"}],"twitter_card":"summary_large_image","twitter_misc":{"Est. reading time":"1 minute"},"schema":{"@context":"https:\/\/schema.org","@graph":[{"@type":"WebPage","@id":"https:\/\/exceedlimits.de\/shop\/herren\/stringer\/exceedlimit-tanktop-grau\/","url":"https:\/\/exceedlimits.de\/shop\/herren\/stringer\/exceedlimit-tanktop-grau\/","name":"Exceed Limit Stringer - Jet Black - Exceed Limits","isPartOf":{"@id":"https:\/\/exceedlimits.de\/#website"},"primaryImageOfPage":{"@id":"https:\/\/exceedlimits.de\/shop\/herren\/stringer\/exceedlimit-tanktop-grau\/#primaryimage"},"image":{"@id":"https:\/\/exceedlimits.de\/shop\/herren\/stringer\/exceedlimit-tanktop-grau\/#primaryimage"},"thumbnailUrl":"https:\/\/exceedlimits.de\/wp-content\/uploads\/2022\/07\/Exceed-limit-stringer-original-jet-black.webp","datePublished":"2018-02-22T17:43:29+00:00","dateModified":"2025-12-22T21:02:56+00:00","breadcrumb":{"@id":"https:\/\/exceedlimits.de\/shop\/herren\/stringer\/exceedlimit-tanktop-grau\/#breadcrumb"},"inLanguage":"en-US","potentialAction":[{"@type":"ReadAction","target":["https:\/\/exceedlimits.de\/shop\/herren\/stringer\/exceedlimit-tanktop-grau\/"]}]},{"@type":"ImageObject","inLanguage":"en-US","@id":"https:\/\/exceedlimits.de\/shop\/herren\/stringer\/exceedlimit-tanktop-grau\/#primaryimage","url":"https:\/\/exceedlimits.de\/wp-content\/uploads\/2022\/07\/Exceed-limit-stringer-original-jet-black.webp","contentUrl":"https:\/\/exceedlimits.de\/wp-content\/uploads\/2022\/07\/Exceed-limit-stringer-original-jet-black.webp","width":1728,"height":2160},{"@type":"BreadcrumbList","@id":"https:\/\/exceedlimits.de\/shop\/herren\/stringer\/exceedlimit-tanktop-grau\/#breadcrumb","itemListElement":[{"@type":"ListItem","position":1,"name":"Startseite","item":"https:\/\/exceedlimits.de\/"},{"@type":"ListItem","position":2,"name":"Shop","item":"https:\/\/exceedlimits.de\/shop\/"},{"@type":"ListItem","position":3,"name":"Exceed Limit Stringer &#8211; Jet Black"}]},{"@type":"WebSite","@id":"https:\/\/exceedlimits.de\/#website","url":"https:\/\/exceedlimits.de\/","name":"Exceed Limits","description":"Exceed your limits to succeed your dreams","publisher":{"@id":"https:\/\/exceedlimits.de\/#organization"},"potentialAction":[{"@type":"SearchAction","target":{"@type":"EntryPoint","urlTemplate":"https:\/\/exceedlimits.de\/?s={search_term_string}"},"query-input":{"@type":"PropertyValueSpecification","valueRequired":true,"valueName":"search_term_string"}}],"inLanguage":"en-US"},{"@type":"Organization","@id":"https:\/\/exceedlimits.de\/#organization","name":"Exceed Limit","url":"https:\/\/exceedlimits.de\/","logo":{"@type":"ImageObject","inLanguage":"en-US","@id":"https:\/\/exceedlimits.de\/#\/schema\/logo\/image\/","url":"https:\/\/exceedlimits.eu\/wp-content\/uploads\/2018\/02\/cropped-favicon.jpg","contentUrl":"https:\/\/exceedlimits.eu\/wp-content\/uploads\/2018\/02\/cropped-favicon.jpg","width":512,"height":512,"caption":"Exceed Limit"},"image":{"@id":"https:\/\/exceedlimits.de\/#\/schema\/logo\/image\/"},"sameAs":["https:\/\/www.instagram.com\/exlimit_official\/"]}]}},"_links":{"self":[{"href":"https:\/\/exceedlimits.de\/en\/wp-json\/wp\/v2\/product\/354","targetHints":{"allow":["GET"]}}],"collection":[{"href":"https:\/\/exceedlimits.de\/en\/wp-json\/wp\/v2\/product"}],"about":[{"href":"https:\/\/exceedlimits.de\/en\/wp-json\/wp\/v2\/types\/product"}],"replies":[{"embeddable":true,"href":"https:\/\/exceedlimits.de\/en\/wp-json\/wp\/v2\/comments?post=354"}],"version-history":[{"count":2,"href":"https:\/\/exceedlimits.de\/en\/wp-json\/wp\/v2\/product\/354\/revisions"}],"predecessor-version":[{"id":49390,"href":"https:\/\/exceedlimits.de\/en\/wp-json\/wp\/v2\/product\/354\/revisions\/49390"}],"wp:featuredmedia":[{"embeddable":true,"href":"https:\/\/exceedlimits.de\/en\/wp-json\/wp\/v2\/media\/46800"}],"wp:attachment":[{"href":"https:\/\/exceedlimits.de\/en\/wp-json\/wp\/v2\/media?parent=354"}],"wp:term":[{"taxonomy":"product_brand","embeddable":true,"href":"https:\/\/exceedlimits.de\/en\/wp-json\/wp\/v2\/product_brand?post=354"},{"taxonomy":"product_cat","embeddable":true,"href":"https:\/\/exceedlimits.de\/en\/wp-json\/wp\/v2\/product_cat?post=354"},{"taxonomy":"product_tag","embeddable":true,"href":"https:\/\/exceedlimits.de\/en\/wp-json\/wp\/v2\/product_tag?post=354"}],"curies":[{"name":"wp","href":"https:\/\/api.w.org\/{rel}","templated":true}]}}