{"id":38749,"date":"2021-02-24T03:49:38","date_gmt":"2021-02-24T01:49:38","guid":{"rendered":"https:\/\/exceedlimits.eu\/?post_type=product&#038;p=38749"},"modified":"2025-04-26T13:47:18","modified_gmt":"2025-04-26T11:47:18","slug":"limitless-frozen-jogger-2","status":"publish","type":"product","link":"https:\/\/exceedlimits.de\/en\/shop\/frauen\/leggings-hosen\/limitless-frozen-jogger-2\/","title":{"rendered":"Limitless Frozen Jogger"},"content":{"rendered":"<ul class=\"accordion\" role=\"tablist\" data-accordion=\"\" data-allow-all-closed=\"true\" data-e=\"erv8qw-e\">\n<li id=\"tab-title-description\" class=\"accordion-item is-active\" role=\"tab\" aria-controls=\"tab-description\" data-accordion-item=\"\" aria-expanded=\"true\" aria-selected=\"true\">\n<div id=\"tab-description\" class=\"accordion-content woocommerce-Tabs-panel woocommerce-Tabs-panel--description panel entry-content wc-tab\" role=\"tabpanel\" aria-labelledby=\"tab-title-description\" data-tab-content=\"\" aria-hidden=\"false\">\n<p>Endlich ist es soweit! Die neue\u00a0<strong>LIMITLESS<\/strong>\u00a0Kollektion trumpft mit noch nie da gewesener Vielfalt auf. Dieses Produkt ist Teil unserer nostalgischen\u00a0<strong>Exceed Limits \u2013 Frozen Berry\u00a0<\/strong>Reihe. Und wieder sucht die Qualit\u00e4t seinesgleichen: Super Material mit treffenden Designs begleiten dich in deinem sportlichen Alltag und pushen dich weiter als jemals zuvor!<\/p>\n<p><strong>HIGHLIGHTS DIE \u00dcBERZEUGEN<\/strong><\/p>\n<ul>\n<li>Perfekte Passform<\/li>\n<li>Sportliches Design<\/li>\n<li>Strapazierf\u00e4higes Material<\/li>\n<li>Hoher Tragekomfort<\/li>\n<\/ul>\n<\/div>\n<\/li>\n<\/ul>","protected":false},"excerpt":{"rendered":"<p>60% Polyester \/ 35% Baumwolle \/ 5% Elasthan<\/p>\n<ul>\n<li>Taillierte Passform und zwei Seitentaschen mit Rei\u00dfverschluss<\/li>\n<li>Rei\u00dfverschluss am Kn\u00f6chel<\/li>\n<li>Elastischer Bund mit unifarbenem Tunnelzug au\u00dfen<\/li>\n<\/ul>","protected":false},"featured_media":38825,"comment_status":"open","ping_status":"closed","template":"","meta":{"om_disable_all_campaigns":false,"_monsterinsights_skip_tracking":false,"_monsterinsights_sitenote_active":false,"_monsterinsights_sitenote_note":"","_monsterinsights_sitenote_category":0,"_uf_show_specific_survey":0,"_uf_disable_surveys":false},"product_brand":[],"product_cat":[430,151,158],"product_tag":[],"class_list":{"0":"post-38749","1":"product","2":"type-product","3":"status-publish","4":"has-post-thumbnail","6":"product_cat-outdoor","7":"product_cat-frauen","8":"product_cat-leggings-hosen","10":"first","11":"instock","12":"shipping-taxable","13":"purchasable","14":"product-type-variable"},"aioseo_notices":[],"yoast_head":"<!-- This site is optimized with the Yoast SEO plugin v24.9 - https:\/\/yoast.com\/wordpress\/plugins\/seo\/ -->\n<title>Limitless Frozen Jogger - Exceed Limits<\/title>\n<meta name=\"robots\" content=\"index, follow, max-snippet:-1, max-image-preview:large, max-video-preview:-1\" \/>\n<link rel=\"canonical\" href=\"https:\/\/exceedlimits.de\/en\/shop\/frauen\/leggings-hosen\/limitless-frozen-jogger-2\/\" \/>\n<meta property=\"og:locale\" content=\"en_US\" \/>\n<meta property=\"og:type\" content=\"article\" \/>\n<meta property=\"og:title\" content=\"Limitless Frozen Jogger - Exceed Limits\" \/>\n<meta property=\"og:description\" content=\"60% Polyester \/ 35% Baumwolle \/ 5% Elasthan   Taillierte Passform und zwei Seitentaschen mit Rei\u00dfverschluss  Rei\u00dfverschluss am Kn\u00f6chel  Elastischer Bund mit unifarbenem Tunnelzug au\u00dfen\" \/>\n<meta property=\"og:url\" content=\"https:\/\/exceedlimits.de\/en\/shop\/frauen\/leggings-hosen\/limitless-frozen-jogger-2\/\" \/>\n<meta property=\"og:site_name\" content=\"Exceed Limits\" \/>\n<meta property=\"article:modified_time\" content=\"2025-04-26T11:47:18+00:00\" \/>\n<meta property=\"og:image\" content=\"https:\/\/exceedlimits.de\/wp-content\/uploads\/2021\/02\/leggings.jpg\" \/>\n\t<meta property=\"og:image:width\" content=\"500\" \/>\n\t<meta property=\"og:image:height\" content=\"700\" \/>\n\t<meta property=\"og:image:type\" content=\"image\/jpeg\" \/>\n<meta name=\"twitter:card\" content=\"summary_large_image\" \/>\n<meta name=\"twitter:label1\" content=\"Est. reading time\" \/>\n\t<meta name=\"twitter:data1\" content=\"1 minute\" \/>\n<script type=\"application\/ld+json\" class=\"yoast-schema-graph\">{\"@context\":\"https:\/\/schema.org\",\"@graph\":[{\"@type\":\"WebPage\",\"@id\":\"https:\/\/exceedlimits.de\/shop\/frauen\/leggings-hosen\/limitless-frozen-jogger-2\/\",\"url\":\"https:\/\/exceedlimits.de\/shop\/frauen\/leggings-hosen\/limitless-frozen-jogger-2\/\",\"name\":\"Limitless Frozen Jogger - Exceed Limits\",\"isPartOf\":{\"@id\":\"https:\/\/exceedlimits.de\/#website\"},\"primaryImageOfPage\":{\"@id\":\"https:\/\/exceedlimits.de\/shop\/frauen\/leggings-hosen\/limitless-frozen-jogger-2\/#primaryimage\"},\"image\":{\"@id\":\"https:\/\/exceedlimits.de\/shop\/frauen\/leggings-hosen\/limitless-frozen-jogger-2\/#primaryimage\"},\"thumbnailUrl\":\"https:\/\/exceedlimits.de\/wp-content\/uploads\/2021\/02\/leggings.jpg\",\"datePublished\":\"2021-02-24T01:49:38+00:00\",\"dateModified\":\"2025-04-26T11:47:18+00:00\",\"breadcrumb\":{\"@id\":\"https:\/\/exceedlimits.de\/shop\/frauen\/leggings-hosen\/limitless-frozen-jogger-2\/#breadcrumb\"},\"inLanguage\":\"en-US\",\"potentialAction\":[{\"@type\":\"ReadAction\",\"target\":[\"https:\/\/exceedlimits.de\/shop\/frauen\/leggings-hosen\/limitless-frozen-jogger-2\/\"]}]},{\"@type\":\"ImageObject\",\"inLanguage\":\"en-US\",\"@id\":\"https:\/\/exceedlimits.de\/shop\/frauen\/leggings-hosen\/limitless-frozen-jogger-2\/#primaryimage\",\"url\":\"https:\/\/exceedlimits.de\/wp-content\/uploads\/2021\/02\/leggings.jpg\",\"contentUrl\":\"https:\/\/exceedlimits.de\/wp-content\/uploads\/2021\/02\/leggings.jpg\",\"width\":500,\"height\":700},{\"@type\":\"BreadcrumbList\",\"@id\":\"https:\/\/exceedlimits.de\/shop\/frauen\/leggings-hosen\/limitless-frozen-jogger-2\/#breadcrumb\",\"itemListElement\":[{\"@type\":\"ListItem\",\"position\":1,\"name\":\"Startseite\",\"item\":\"https:\/\/exceedlimits.de\/\"},{\"@type\":\"ListItem\",\"position\":2,\"name\":\"Shop\",\"item\":\"https:\/\/exceedlimits.de\/shop\/\"},{\"@type\":\"ListItem\",\"position\":3,\"name\":\"Limitless Frozen Jogger\"}]},{\"@type\":\"WebSite\",\"@id\":\"https:\/\/exceedlimits.de\/#website\",\"url\":\"https:\/\/exceedlimits.de\/\",\"name\":\"Exceed Limits\",\"description\":\"Exceed your limits to succeed your dreams\",\"publisher\":{\"@id\":\"https:\/\/exceedlimits.de\/#organization\"},\"potentialAction\":[{\"@type\":\"SearchAction\",\"target\":{\"@type\":\"EntryPoint\",\"urlTemplate\":\"https:\/\/exceedlimits.de\/?s={search_term_string}\"},\"query-input\":{\"@type\":\"PropertyValueSpecification\",\"valueRequired\":true,\"valueName\":\"search_term_string\"}}],\"inLanguage\":\"en-US\"},{\"@type\":\"Organization\",\"@id\":\"https:\/\/exceedlimits.de\/#organization\",\"name\":\"Exceed Limit\",\"url\":\"https:\/\/exceedlimits.de\/\",\"logo\":{\"@type\":\"ImageObject\",\"inLanguage\":\"en-US\",\"@id\":\"https:\/\/exceedlimits.de\/#\/schema\/logo\/image\/\",\"url\":\"https:\/\/exceedlimits.eu\/wp-content\/uploads\/2018\/02\/cropped-favicon.jpg\",\"contentUrl\":\"https:\/\/exceedlimits.eu\/wp-content\/uploads\/2018\/02\/cropped-favicon.jpg\",\"width\":512,\"height\":512,\"caption\":\"Exceed Limit\"},\"image\":{\"@id\":\"https:\/\/exceedlimits.de\/#\/schema\/logo\/image\/\"},\"sameAs\":[\"https:\/\/www.instagram.com\/exlimit_official\/\"]}]}<\/script>\n<!-- \/ Yoast SEO plugin. -->","yoast_head_json":{"title":"Limitless Frozen Jogger - Exceed Limits","robots":{"index":"index","follow":"follow","max-snippet":"max-snippet:-1","max-image-preview":"max-image-preview:large","max-video-preview":"max-video-preview:-1"},"canonical":"https:\/\/exceedlimits.de\/en\/shop\/frauen\/leggings-hosen\/limitless-frozen-jogger-2\/","og_locale":"en_US","og_type":"article","og_title":"Limitless Frozen Jogger - Exceed Limits","og_description":"60% Polyester \/ 35% Baumwolle \/ 5% Elasthan   Taillierte Passform und zwei Seitentaschen mit Rei\u00dfverschluss  Rei\u00dfverschluss am Kn\u00f6chel  Elastischer Bund mit unifarbenem Tunnelzug au\u00dfen","og_url":"https:\/\/exceedlimits.de\/en\/shop\/frauen\/leggings-hosen\/limitless-frozen-jogger-2\/","og_site_name":"Exceed Limits","article_modified_time":"2025-04-26T11:47:18+00:00","og_image":[{"width":500,"height":700,"url":"https:\/\/exceedlimits.de\/wp-content\/uploads\/2021\/02\/leggings.jpg","type":"image\/jpeg"}],"twitter_card":"summary_large_image","twitter_misc":{"Est. reading time":"1 minute"},"schema":{"@context":"https:\/\/schema.org","@graph":[{"@type":"WebPage","@id":"https:\/\/exceedlimits.de\/shop\/frauen\/leggings-hosen\/limitless-frozen-jogger-2\/","url":"https:\/\/exceedlimits.de\/shop\/frauen\/leggings-hosen\/limitless-frozen-jogger-2\/","name":"Limitless Frozen Jogger - Exceed Limits","isPartOf":{"@id":"https:\/\/exceedlimits.de\/#website"},"primaryImageOfPage":{"@id":"https:\/\/exceedlimits.de\/shop\/frauen\/leggings-hosen\/limitless-frozen-jogger-2\/#primaryimage"},"image":{"@id":"https:\/\/exceedlimits.de\/shop\/frauen\/leggings-hosen\/limitless-frozen-jogger-2\/#primaryimage"},"thumbnailUrl":"https:\/\/exceedlimits.de\/wp-content\/uploads\/2021\/02\/leggings.jpg","datePublished":"2021-02-24T01:49:38+00:00","dateModified":"2025-04-26T11:47:18+00:00","breadcrumb":{"@id":"https:\/\/exceedlimits.de\/shop\/frauen\/leggings-hosen\/limitless-frozen-jogger-2\/#breadcrumb"},"inLanguage":"en-US","potentialAction":[{"@type":"ReadAction","target":["https:\/\/exceedlimits.de\/shop\/frauen\/leggings-hosen\/limitless-frozen-jogger-2\/"]}]},{"@type":"ImageObject","inLanguage":"en-US","@id":"https:\/\/exceedlimits.de\/shop\/frauen\/leggings-hosen\/limitless-frozen-jogger-2\/#primaryimage","url":"https:\/\/exceedlimits.de\/wp-content\/uploads\/2021\/02\/leggings.jpg","contentUrl":"https:\/\/exceedlimits.de\/wp-content\/uploads\/2021\/02\/leggings.jpg","width":500,"height":700},{"@type":"BreadcrumbList","@id":"https:\/\/exceedlimits.de\/shop\/frauen\/leggings-hosen\/limitless-frozen-jogger-2\/#breadcrumb","itemListElement":[{"@type":"ListItem","position":1,"name":"Startseite","item":"https:\/\/exceedlimits.de\/"},{"@type":"ListItem","position":2,"name":"Shop","item":"https:\/\/exceedlimits.de\/shop\/"},{"@type":"ListItem","position":3,"name":"Limitless Frozen Jogger"}]},{"@type":"WebSite","@id":"https:\/\/exceedlimits.de\/#website","url":"https:\/\/exceedlimits.de\/","name":"Exceed Limits","description":"Exceed your limits to succeed your dreams","publisher":{"@id":"https:\/\/exceedlimits.de\/#organization"},"potentialAction":[{"@type":"SearchAction","target":{"@type":"EntryPoint","urlTemplate":"https:\/\/exceedlimits.de\/?s={search_term_string}"},"query-input":{"@type":"PropertyValueSpecification","valueRequired":true,"valueName":"search_term_string"}}],"inLanguage":"en-US"},{"@type":"Organization","@id":"https:\/\/exceedlimits.de\/#organization","name":"Exceed Limit","url":"https:\/\/exceedlimits.de\/","logo":{"@type":"ImageObject","inLanguage":"en-US","@id":"https:\/\/exceedlimits.de\/#\/schema\/logo\/image\/","url":"https:\/\/exceedlimits.eu\/wp-content\/uploads\/2018\/02\/cropped-favicon.jpg","contentUrl":"https:\/\/exceedlimits.eu\/wp-content\/uploads\/2018\/02\/cropped-favicon.jpg","width":512,"height":512,"caption":"Exceed Limit"},"image":{"@id":"https:\/\/exceedlimits.de\/#\/schema\/logo\/image\/"},"sameAs":["https:\/\/www.instagram.com\/exlimit_official\/"]}]}},"_links":{"self":[{"href":"https:\/\/exceedlimits.de\/en\/wp-json\/wp\/v2\/product\/38749","targetHints":{"allow":["GET"]}}],"collection":[{"href":"https:\/\/exceedlimits.de\/en\/wp-json\/wp\/v2\/product"}],"about":[{"href":"https:\/\/exceedlimits.de\/en\/wp-json\/wp\/v2\/types\/product"}],"replies":[{"embeddable":true,"href":"https:\/\/exceedlimits.de\/en\/wp-json\/wp\/v2\/comments?post=38749"}],"version-history":[{"count":1,"href":"https:\/\/exceedlimits.de\/en\/wp-json\/wp\/v2\/product\/38749\/revisions"}],"predecessor-version":[{"id":38897,"href":"https:\/\/exceedlimits.de\/en\/wp-json\/wp\/v2\/product\/38749\/revisions\/38897"}],"wp:featuredmedia":[{"embeddable":true,"href":"https:\/\/exceedlimits.de\/en\/wp-json\/wp\/v2\/media\/38825"}],"wp:attachment":[{"href":"https:\/\/exceedlimits.de\/en\/wp-json\/wp\/v2\/media?parent=38749"}],"wp:term":[{"taxonomy":"product_brand","embeddable":true,"href":"https:\/\/exceedlimits.de\/en\/wp-json\/wp\/v2\/product_brand?post=38749"},{"taxonomy":"product_cat","embeddable":true,"href":"https:\/\/exceedlimits.de\/en\/wp-json\/wp\/v2\/product_cat?post=38749"},{"taxonomy":"product_tag","embeddable":true,"href":"https:\/\/exceedlimits.de\/en\/wp-json\/wp\/v2\/product_tag?post=38749"}],"curies":[{"name":"wp","href":"https:\/\/api.w.org\/{rel}","templated":true}]}}