{"id":41483,"date":"2021-07-30T12:58:37","date_gmt":"2021-07-30T10:58:37","guid":{"rendered":"https:\/\/exceedlimits.eu\/?post_type=product&#038;p=41483"},"modified":"2026-04-02T07:39:25","modified_gmt":"2026-04-02T05:39:25","slug":"gain-up-blue-mint-fluffy-seamless-sport-bh","status":"publish","type":"product","link":"https:\/\/exceedlimits.de\/en\/shop\/frauen\/sport-bh\/gain-up-blue-mint-fluffy-seamless-sport-bh\/","title":{"rendered":"GAIN UP! Blue Mint Fluffy SEAMLESS Sport BH"},"content":{"rendered":"<p>Endlich ist es soweit! Die neue GAIN UP! ist erh\u00e4ltlich. Dieses Produkt ist Teil unserer nostalgischen\u00a0<strong>Exceed Limits \u2013 GAIN UP!\u00a0<\/strong>Reihe. Und wieder sucht die Qualit\u00e4t seinesgleichen: Super Material mit treffenden Designs begleiten dich in deinem sportlichen Alltag und pushen dich weiter als jemals zuvor! CHANGE YOUR BODY!<\/p>\n<p><strong>HIGHLIGHTS DIE \u00dcBERZEUGEN<\/strong><\/p>\n<ul>\n<li>Perfekte Passform<\/li>\n<li>Sportliches Design<\/li>\n<li>Strapazierf\u00e4higes Material<\/li>\n<li>Hoher Tragekomfort<\/li>\n<\/ul>","protected":false},"excerpt":{"rendered":"<table class=\"attributes table table-striped table-hover\">\n<tbody>\n<tr>\n<th>Materialzusammensetzung<\/th>\n<td>60% Nylon \/ 32% Polyester \/ 8% Elasthan<\/td>\n<\/tr>\n<\/tbody>\n<\/table>\n<ul>\n<li>Nahtloser BH mit herausnehmbaren gepolsterten Cups und Ringerr\u00fccken<\/li>\n<li>Netzeins\u00e4tze aus Hauptmaterial an den vorderen Tr\u00e4gern, V-Einsatz vorne und Racer-Back-Einsatz<\/li>\n<li>Einfassung aus Hauptmaterial am Kragen, an den Arml\u00f6chern und am R\u00fccken<\/li>\n<\/ul>","protected":false},"featured_media":47652,"comment_status":"open","ping_status":"closed","template":"","meta":{"om_disable_all_campaigns":false,"_monsterinsights_skip_tracking":false,"_monsterinsights_sitenote_active":false,"_monsterinsights_sitenote_note":"","_monsterinsights_sitenote_category":0,"_uf_show_specific_survey":0,"_uf_disable_surveys":false},"product_brand":[],"product_cat":[435,151,369],"product_tag":[],"class_list":{"0":"post-41483","1":"product","2":"type-product","3":"status-publish","4":"has-post-thumbnail","6":"product_cat-gain-up","7":"product_cat-frauen","8":"product_cat-sport-bh","10":"first","11":"instock","12":"shipping-taxable","13":"purchasable","14":"product-type-variable"},"aioseo_notices":[],"yoast_head":"<!-- This site is optimized with the Yoast SEO plugin v24.9 - https:\/\/yoast.com\/wordpress\/plugins\/seo\/ -->\n<title>GAIN UP! Blue Mint Fluffy SEAMLESS Sport BH - Exceed Limits<\/title>\n<meta name=\"robots\" content=\"index, follow, max-snippet:-1, max-image-preview:large, max-video-preview:-1\" \/>\n<link rel=\"canonical\" href=\"https:\/\/exceedlimits.de\/en\/shop\/frauen\/sport-bh\/gain-up-blue-mint-fluffy-seamless-sport-bh\/\" \/>\n<meta property=\"og:locale\" content=\"en_US\" \/>\n<meta property=\"og:type\" content=\"article\" \/>\n<meta property=\"og:title\" content=\"GAIN UP! Blue Mint Fluffy SEAMLESS Sport BH - Exceed Limits\" \/>\n<meta property=\"og:description\" content=\"Materialzusammensetzung 60% Nylon \/ 32% Polyester \/ 8% Elasthan      Nahtloser BH mit herausnehmbaren gepolsterten Cups und Ringerr\u00fccken  Netzeins\u00e4tze aus Hauptmaterial an den vorderen Tr\u00e4gern, V-Einsatz vorne und Racer-Back-Einsatz  Einfassung aus Hauptmaterial am Kragen, an den Arml\u00f6chern und am R\u00fccken\" \/>\n<meta property=\"og:url\" content=\"https:\/\/exceedlimits.de\/en\/shop\/frauen\/sport-bh\/gain-up-blue-mint-fluffy-seamless-sport-bh\/\" \/>\n<meta property=\"og:site_name\" content=\"Exceed Limits\" \/>\n<meta property=\"article:modified_time\" content=\"2026-04-02T05:39:25+00:00\" \/>\n<meta property=\"og:image\" content=\"https:\/\/exceedlimits.de\/wp-content\/uploads\/2021\/07\/gain-up-blue-mint-fluffy-seamless-sport-bh-exceedlimits.webp\" \/>\n\t<meta property=\"og:image:width\" content=\"1728\" \/>\n\t<meta property=\"og:image:height\" content=\"2160\" \/>\n\t<meta property=\"og:image:type\" content=\"image\/webp\" \/>\n<meta name=\"twitter:card\" content=\"summary_large_image\" \/>\n<meta name=\"twitter:label1\" content=\"Est. reading time\" \/>\n\t<meta name=\"twitter:data1\" content=\"1 minute\" \/>\n<script type=\"application\/ld+json\" class=\"yoast-schema-graph\">{\"@context\":\"https:\/\/schema.org\",\"@graph\":[{\"@type\":\"WebPage\",\"@id\":\"https:\/\/exceedlimits.de\/shop\/frauen\/sport-bh\/gain-up-blue-mint-fluffy-seamless-sport-bh\/\",\"url\":\"https:\/\/exceedlimits.de\/shop\/frauen\/sport-bh\/gain-up-blue-mint-fluffy-seamless-sport-bh\/\",\"name\":\"GAIN UP! Blue Mint Fluffy SEAMLESS Sport BH - Exceed Limits\",\"isPartOf\":{\"@id\":\"https:\/\/exceedlimits.de\/#website\"},\"primaryImageOfPage\":{\"@id\":\"https:\/\/exceedlimits.de\/shop\/frauen\/sport-bh\/gain-up-blue-mint-fluffy-seamless-sport-bh\/#primaryimage\"},\"image\":{\"@id\":\"https:\/\/exceedlimits.de\/shop\/frauen\/sport-bh\/gain-up-blue-mint-fluffy-seamless-sport-bh\/#primaryimage\"},\"thumbnailUrl\":\"https:\/\/exceedlimits.de\/wp-content\/uploads\/2021\/07\/gain-up-blue-mint-fluffy-seamless-sport-bh-exceedlimits.webp\",\"datePublished\":\"2021-07-30T10:58:37+00:00\",\"dateModified\":\"2026-04-02T05:39:25+00:00\",\"breadcrumb\":{\"@id\":\"https:\/\/exceedlimits.de\/shop\/frauen\/sport-bh\/gain-up-blue-mint-fluffy-seamless-sport-bh\/#breadcrumb\"},\"inLanguage\":\"en-US\",\"potentialAction\":[{\"@type\":\"ReadAction\",\"target\":[\"https:\/\/exceedlimits.de\/shop\/frauen\/sport-bh\/gain-up-blue-mint-fluffy-seamless-sport-bh\/\"]}]},{\"@type\":\"ImageObject\",\"inLanguage\":\"en-US\",\"@id\":\"https:\/\/exceedlimits.de\/shop\/frauen\/sport-bh\/gain-up-blue-mint-fluffy-seamless-sport-bh\/#primaryimage\",\"url\":\"https:\/\/exceedlimits.de\/wp-content\/uploads\/2021\/07\/gain-up-blue-mint-fluffy-seamless-sport-bh-exceedlimits.webp\",\"contentUrl\":\"https:\/\/exceedlimits.de\/wp-content\/uploads\/2021\/07\/gain-up-blue-mint-fluffy-seamless-sport-bh-exceedlimits.webp\",\"width\":1728,\"height\":2160},{\"@type\":\"BreadcrumbList\",\"@id\":\"https:\/\/exceedlimits.de\/shop\/frauen\/sport-bh\/gain-up-blue-mint-fluffy-seamless-sport-bh\/#breadcrumb\",\"itemListElement\":[{\"@type\":\"ListItem\",\"position\":1,\"name\":\"Startseite\",\"item\":\"https:\/\/exceedlimits.de\/\"},{\"@type\":\"ListItem\",\"position\":2,\"name\":\"Shop\",\"item\":\"https:\/\/exceedlimits.de\/shop\/\"},{\"@type\":\"ListItem\",\"position\":3,\"name\":\"GAIN UP! Blue Mint Fluffy SEAMLESS Sport BH\"}]},{\"@type\":\"WebSite\",\"@id\":\"https:\/\/exceedlimits.de\/#website\",\"url\":\"https:\/\/exceedlimits.de\/\",\"name\":\"Exceed Limits\",\"description\":\"Exceed your limits to succeed your dreams\",\"publisher\":{\"@id\":\"https:\/\/exceedlimits.de\/#organization\"},\"potentialAction\":[{\"@type\":\"SearchAction\",\"target\":{\"@type\":\"EntryPoint\",\"urlTemplate\":\"https:\/\/exceedlimits.de\/?s={search_term_string}\"},\"query-input\":{\"@type\":\"PropertyValueSpecification\",\"valueRequired\":true,\"valueName\":\"search_term_string\"}}],\"inLanguage\":\"en-US\"},{\"@type\":\"Organization\",\"@id\":\"https:\/\/exceedlimits.de\/#organization\",\"name\":\"Exceed Limit\",\"url\":\"https:\/\/exceedlimits.de\/\",\"logo\":{\"@type\":\"ImageObject\",\"inLanguage\":\"en-US\",\"@id\":\"https:\/\/exceedlimits.de\/#\/schema\/logo\/image\/\",\"url\":\"https:\/\/exceedlimits.eu\/wp-content\/uploads\/2018\/02\/cropped-favicon.jpg\",\"contentUrl\":\"https:\/\/exceedlimits.eu\/wp-content\/uploads\/2018\/02\/cropped-favicon.jpg\",\"width\":512,\"height\":512,\"caption\":\"Exceed Limit\"},\"image\":{\"@id\":\"https:\/\/exceedlimits.de\/#\/schema\/logo\/image\/\"},\"sameAs\":[\"https:\/\/www.instagram.com\/exlimit_official\/\"]}]}<\/script>\n<!-- \/ Yoast SEO plugin. -->","yoast_head_json":{"title":"GAIN UP! Blue Mint Fluffy SEAMLESS Sport BH - Exceed Limits","robots":{"index":"index","follow":"follow","max-snippet":"max-snippet:-1","max-image-preview":"max-image-preview:large","max-video-preview":"max-video-preview:-1"},"canonical":"https:\/\/exceedlimits.de\/en\/shop\/frauen\/sport-bh\/gain-up-blue-mint-fluffy-seamless-sport-bh\/","og_locale":"en_US","og_type":"article","og_title":"GAIN UP! Blue Mint Fluffy SEAMLESS Sport BH - Exceed Limits","og_description":"Materialzusammensetzung 60% Nylon \/ 32% Polyester \/ 8% Elasthan      Nahtloser BH mit herausnehmbaren gepolsterten Cups und Ringerr\u00fccken  Netzeins\u00e4tze aus Hauptmaterial an den vorderen Tr\u00e4gern, V-Einsatz vorne und Racer-Back-Einsatz  Einfassung aus Hauptmaterial am Kragen, an den Arml\u00f6chern und am R\u00fccken","og_url":"https:\/\/exceedlimits.de\/en\/shop\/frauen\/sport-bh\/gain-up-blue-mint-fluffy-seamless-sport-bh\/","og_site_name":"Exceed Limits","article_modified_time":"2026-04-02T05:39:25+00:00","og_image":[{"width":1728,"height":2160,"url":"https:\/\/exceedlimits.de\/wp-content\/uploads\/2021\/07\/gain-up-blue-mint-fluffy-seamless-sport-bh-exceedlimits.webp","type":"image\/webp"}],"twitter_card":"summary_large_image","twitter_misc":{"Est. reading time":"1 minute"},"schema":{"@context":"https:\/\/schema.org","@graph":[{"@type":"WebPage","@id":"https:\/\/exceedlimits.de\/shop\/frauen\/sport-bh\/gain-up-blue-mint-fluffy-seamless-sport-bh\/","url":"https:\/\/exceedlimits.de\/shop\/frauen\/sport-bh\/gain-up-blue-mint-fluffy-seamless-sport-bh\/","name":"GAIN UP! Blue Mint Fluffy SEAMLESS Sport BH - Exceed Limits","isPartOf":{"@id":"https:\/\/exceedlimits.de\/#website"},"primaryImageOfPage":{"@id":"https:\/\/exceedlimits.de\/shop\/frauen\/sport-bh\/gain-up-blue-mint-fluffy-seamless-sport-bh\/#primaryimage"},"image":{"@id":"https:\/\/exceedlimits.de\/shop\/frauen\/sport-bh\/gain-up-blue-mint-fluffy-seamless-sport-bh\/#primaryimage"},"thumbnailUrl":"https:\/\/exceedlimits.de\/wp-content\/uploads\/2021\/07\/gain-up-blue-mint-fluffy-seamless-sport-bh-exceedlimits.webp","datePublished":"2021-07-30T10:58:37+00:00","dateModified":"2026-04-02T05:39:25+00:00","breadcrumb":{"@id":"https:\/\/exceedlimits.de\/shop\/frauen\/sport-bh\/gain-up-blue-mint-fluffy-seamless-sport-bh\/#breadcrumb"},"inLanguage":"en-US","potentialAction":[{"@type":"ReadAction","target":["https:\/\/exceedlimits.de\/shop\/frauen\/sport-bh\/gain-up-blue-mint-fluffy-seamless-sport-bh\/"]}]},{"@type":"ImageObject","inLanguage":"en-US","@id":"https:\/\/exceedlimits.de\/shop\/frauen\/sport-bh\/gain-up-blue-mint-fluffy-seamless-sport-bh\/#primaryimage","url":"https:\/\/exceedlimits.de\/wp-content\/uploads\/2021\/07\/gain-up-blue-mint-fluffy-seamless-sport-bh-exceedlimits.webp","contentUrl":"https:\/\/exceedlimits.de\/wp-content\/uploads\/2021\/07\/gain-up-blue-mint-fluffy-seamless-sport-bh-exceedlimits.webp","width":1728,"height":2160},{"@type":"BreadcrumbList","@id":"https:\/\/exceedlimits.de\/shop\/frauen\/sport-bh\/gain-up-blue-mint-fluffy-seamless-sport-bh\/#breadcrumb","itemListElement":[{"@type":"ListItem","position":1,"name":"Startseite","item":"https:\/\/exceedlimits.de\/"},{"@type":"ListItem","position":2,"name":"Shop","item":"https:\/\/exceedlimits.de\/shop\/"},{"@type":"ListItem","position":3,"name":"GAIN UP! Blue Mint Fluffy SEAMLESS Sport BH"}]},{"@type":"WebSite","@id":"https:\/\/exceedlimits.de\/#website","url":"https:\/\/exceedlimits.de\/","name":"Exceed Limits","description":"Exceed your limits to succeed your dreams","publisher":{"@id":"https:\/\/exceedlimits.de\/#organization"},"potentialAction":[{"@type":"SearchAction","target":{"@type":"EntryPoint","urlTemplate":"https:\/\/exceedlimits.de\/?s={search_term_string}"},"query-input":{"@type":"PropertyValueSpecification","valueRequired":true,"valueName":"search_term_string"}}],"inLanguage":"en-US"},{"@type":"Organization","@id":"https:\/\/exceedlimits.de\/#organization","name":"Exceed Limit","url":"https:\/\/exceedlimits.de\/","logo":{"@type":"ImageObject","inLanguage":"en-US","@id":"https:\/\/exceedlimits.de\/#\/schema\/logo\/image\/","url":"https:\/\/exceedlimits.eu\/wp-content\/uploads\/2018\/02\/cropped-favicon.jpg","contentUrl":"https:\/\/exceedlimits.eu\/wp-content\/uploads\/2018\/02\/cropped-favicon.jpg","width":512,"height":512,"caption":"Exceed Limit"},"image":{"@id":"https:\/\/exceedlimits.de\/#\/schema\/logo\/image\/"},"sameAs":["https:\/\/www.instagram.com\/exlimit_official\/"]}]}},"_links":{"self":[{"href":"https:\/\/exceedlimits.de\/en\/wp-json\/wp\/v2\/product\/41483","targetHints":{"allow":["GET"]}}],"collection":[{"href":"https:\/\/exceedlimits.de\/en\/wp-json\/wp\/v2\/product"}],"about":[{"href":"https:\/\/exceedlimits.de\/en\/wp-json\/wp\/v2\/types\/product"}],"replies":[{"embeddable":true,"href":"https:\/\/exceedlimits.de\/en\/wp-json\/wp\/v2\/comments?post=41483"}],"version-history":[{"count":1,"href":"https:\/\/exceedlimits.de\/en\/wp-json\/wp\/v2\/product\/41483\/revisions"}],"predecessor-version":[{"id":47628,"href":"https:\/\/exceedlimits.de\/en\/wp-json\/wp\/v2\/product\/41483\/revisions\/47628"}],"wp:featuredmedia":[{"embeddable":true,"href":"https:\/\/exceedlimits.de\/en\/wp-json\/wp\/v2\/media\/47652"}],"wp:attachment":[{"href":"https:\/\/exceedlimits.de\/en\/wp-json\/wp\/v2\/media?parent=41483"}],"wp:term":[{"taxonomy":"product_brand","embeddable":true,"href":"https:\/\/exceedlimits.de\/en\/wp-json\/wp\/v2\/product_brand?post=41483"},{"taxonomy":"product_cat","embeddable":true,"href":"https:\/\/exceedlimits.de\/en\/wp-json\/wp\/v2\/product_cat?post=41483"},{"taxonomy":"product_tag","embeddable":true,"href":"https:\/\/exceedlimits.de\/en\/wp-json\/wp\/v2\/product_tag?post=41483"}],"curies":[{"name":"wp","href":"https:\/\/api.w.org\/{rel}","templated":true}]}}