{"id":8980,"date":"2019-05-08T21:55:30","date_gmt":"2019-05-08T19:55:30","guid":{"rendered":"https:\/\/exceedlimits.eu\/?post_type=product&#038;p=8980"},"modified":"2026-04-18T20:59:49","modified_gmt":"2026-04-18T18:59:49","slug":"t-shirt-red-prowl","status":"publish","type":"product","link":"https:\/\/exceedlimits.de\/en\/shop\/kollektionen\/performanceedition\/t-shirt-red-prowl\/","title":{"rendered":"Sports T-Shirt &#8211; Red Prowl"},"content":{"rendered":"<p><strong>Sports T-Shirt &#8211; Red Prowl<\/strong><\/p>\n<p>Um deine Grenze zu \u00fcberschreiten und dein Ziel zu erreichen, brauchst du die richtige Kleidung. Mit diesem Exceed Shirt kannst du dein Training und deinen Alltag optimal gestalten. Mit dem Exceed Logo reiht er sich in unsere Exceed Limit Reihe ein, die sich zum Ziel gesetzt hat, mit dir alle Grenzen, die zwischen dir und deinen Zielen stehen, zu \u00fcberschreiten.<\/p>\n<p><strong>Material<\/strong>: 100% Baumwolle<br \/>\n<strong>Passform<\/strong>: Slim Fit<br \/>\n<strong>Pflegehinweise<\/strong>: Maschinenw\u00e4sche auf links bei 30\u00b0C<\/p>\n<p><strong>HIGHLIGHTS DIE \u00dcBERZEUGEN<\/strong><\/p>\n<ul>\n<li>Optimal f\u00fcr Training und Alltag<\/li>\n<li>Hoher Tragekomfort<\/li>\n<li>Sportliches und modernes Design<\/li>\n<li>Strapazierf\u00e4higes Material<\/li>\n<li>Exceed Limits Logo zeigt St\u00e4rke<\/li>\n<\/ul>","protected":false},"excerpt":{"rendered":"<p>Artikelnummer:\u00a0310207<br \/>\nLieferzeit: <span style=\"color: #4fe05b;\">Lieferbar in 2-3 Tagen<br \/>\n<span style=\"color: #000000;\"><br \/>\n<\/span><\/span><\/p>\n<p>Gr\u00f6\u00dfenreferenz:<\/p>\n<p>Unser Team tr\u00e4gt Gr\u00f6\u00dfe M bei 1,78m 80kg<\/p>","protected":false},"featured_media":47714,"comment_status":"closed","ping_status":"closed","template":"","meta":{"om_disable_all_campaigns":false,"_monsterinsights_skip_tracking":false,"_monsterinsights_sitenote_active":false,"_monsterinsights_sitenote_note":"","_monsterinsights_sitenote_category":0,"_uf_show_specific_survey":0,"_uf_disable_surveys":false},"product_brand":[],"product_cat":[429,96,27,358],"product_tag":[],"class_list":{"0":"post-8980","1":"product","2":"type-product","3":"status-publish","4":"has-post-thumbnail","6":"product_cat-sponsoring","7":"product_cat-herren","8":"product_cat-t-shirts-maenner","9":"product_cat-performanceedition","11":"first","12":"instock","13":"shipping-taxable","14":"purchasable","15":"product-type-variable"},"aioseo_notices":[],"yoast_head":"<!-- This site is optimized with the Yoast SEO plugin v24.9 - https:\/\/yoast.com\/wordpress\/plugins\/seo\/ -->\n<title>Sports T-Shirt - Red Prowl - Exceed Limits<\/title>\n<meta name=\"robots\" content=\"index, follow, max-snippet:-1, max-image-preview:large, max-video-preview:-1\" \/>\n<link rel=\"canonical\" href=\"https:\/\/exceedlimits.de\/en\/shop\/kollektionen\/performanceedition\/t-shirt-red-prowl\/\" \/>\n<meta property=\"og:locale\" content=\"en_US\" \/>\n<meta property=\"og:type\" content=\"article\" \/>\n<meta property=\"og:title\" content=\"Sports T-Shirt - Red Prowl - Exceed Limits\" \/>\n<meta property=\"og:description\" content=\"Artikelnummer:\u00a0310207 Lieferzeit: Lieferbar in 2-3 Tagen    Gr\u00f6\u00dfenreferenz:  Unser Team tr\u00e4gt Gr\u00f6\u00dfe M bei 1,78m 80kg\" \/>\n<meta property=\"og:url\" content=\"https:\/\/exceedlimits.de\/en\/shop\/kollektionen\/performanceedition\/t-shirt-red-prowl\/\" \/>\n<meta property=\"og:site_name\" content=\"Exceed Limits\" \/>\n<meta property=\"article:modified_time\" content=\"2026-04-18T18:59:49+00:00\" \/>\n<meta property=\"og:image\" content=\"https:\/\/exceedlimits.de\/wp-content\/uploads\/2019\/05\/sports-shirt-red-prowl.webp\" \/>\n\t<meta property=\"og:image:width\" content=\"1728\" \/>\n\t<meta property=\"og:image:height\" content=\"2160\" \/>\n\t<meta property=\"og:image:type\" content=\"image\/webp\" \/>\n<meta name=\"twitter:card\" content=\"summary_large_image\" \/>\n<meta name=\"twitter:label1\" content=\"Est. reading time\" \/>\n\t<meta name=\"twitter:data1\" content=\"1 minute\" \/>\n<script type=\"application\/ld+json\" class=\"yoast-schema-graph\">{\"@context\":\"https:\/\/schema.org\",\"@graph\":[{\"@type\":\"WebPage\",\"@id\":\"https:\/\/exceedlimits.de\/en\/shop\/kollektionen\/performanceedition\/t-shirt-red-prowl\/\",\"url\":\"https:\/\/exceedlimits.de\/en\/shop\/kollektionen\/performanceedition\/t-shirt-red-prowl\/\",\"name\":\"Sports T-Shirt - Red Prowl - Exceed Limits\",\"isPartOf\":{\"@id\":\"https:\/\/exceedlimits.de\/#website\"},\"primaryImageOfPage\":{\"@id\":\"https:\/\/exceedlimits.de\/en\/shop\/kollektionen\/performanceedition\/t-shirt-red-prowl\/#primaryimage\"},\"image\":{\"@id\":\"https:\/\/exceedlimits.de\/en\/shop\/kollektionen\/performanceedition\/t-shirt-red-prowl\/#primaryimage\"},\"thumbnailUrl\":\"https:\/\/exceedlimits.de\/wp-content\/uploads\/2019\/05\/sports-shirt-red-prowl.webp\",\"datePublished\":\"2019-05-08T19:55:30+00:00\",\"dateModified\":\"2026-04-18T18:59:49+00:00\",\"breadcrumb\":{\"@id\":\"https:\/\/exceedlimits.de\/en\/shop\/kollektionen\/performanceedition\/t-shirt-red-prowl\/#breadcrumb\"},\"inLanguage\":\"en-US\",\"potentialAction\":[{\"@type\":\"ReadAction\",\"target\":[\"https:\/\/exceedlimits.de\/en\/shop\/kollektionen\/performanceedition\/t-shirt-red-prowl\/\"]}]},{\"@type\":\"ImageObject\",\"inLanguage\":\"en-US\",\"@id\":\"https:\/\/exceedlimits.de\/en\/shop\/kollektionen\/performanceedition\/t-shirt-red-prowl\/#primaryimage\",\"url\":\"https:\/\/exceedlimits.de\/wp-content\/uploads\/2019\/05\/sports-shirt-red-prowl.webp\",\"contentUrl\":\"https:\/\/exceedlimits.de\/wp-content\/uploads\/2019\/05\/sports-shirt-red-prowl.webp\",\"width\":1728,\"height\":2160},{\"@type\":\"BreadcrumbList\",\"@id\":\"https:\/\/exceedlimits.de\/en\/shop\/kollektionen\/performanceedition\/t-shirt-red-prowl\/#breadcrumb\",\"itemListElement\":[{\"@type\":\"ListItem\",\"position\":1,\"name\":\"Startseite\",\"item\":\"https:\/\/exceedlimits.de\/\"},{\"@type\":\"ListItem\",\"position\":2,\"name\":\"Shop\",\"item\":\"https:\/\/exceedlimits.de\/shop\/\"},{\"@type\":\"ListItem\",\"position\":3,\"name\":\"Sports T-Shirt &#8211; Red Prowl\"}]},{\"@type\":\"WebSite\",\"@id\":\"https:\/\/exceedlimits.de\/#website\",\"url\":\"https:\/\/exceedlimits.de\/\",\"name\":\"Exceed Limits\",\"description\":\"Exceed your limits to succeed your dreams\",\"publisher\":{\"@id\":\"https:\/\/exceedlimits.de\/#organization\"},\"potentialAction\":[{\"@type\":\"SearchAction\",\"target\":{\"@type\":\"EntryPoint\",\"urlTemplate\":\"https:\/\/exceedlimits.de\/?s={search_term_string}\"},\"query-input\":{\"@type\":\"PropertyValueSpecification\",\"valueRequired\":true,\"valueName\":\"search_term_string\"}}],\"inLanguage\":\"en-US\"},{\"@type\":\"Organization\",\"@id\":\"https:\/\/exceedlimits.de\/#organization\",\"name\":\"Exceed Limit\",\"url\":\"https:\/\/exceedlimits.de\/\",\"logo\":{\"@type\":\"ImageObject\",\"inLanguage\":\"en-US\",\"@id\":\"https:\/\/exceedlimits.de\/#\/schema\/logo\/image\/\",\"url\":\"https:\/\/exceedlimits.eu\/wp-content\/uploads\/2018\/02\/cropped-favicon.jpg\",\"contentUrl\":\"https:\/\/exceedlimits.eu\/wp-content\/uploads\/2018\/02\/cropped-favicon.jpg\",\"width\":512,\"height\":512,\"caption\":\"Exceed Limit\"},\"image\":{\"@id\":\"https:\/\/exceedlimits.de\/#\/schema\/logo\/image\/\"},\"sameAs\":[\"https:\/\/www.instagram.com\/exlimit_official\/\"]}]}<\/script>\n<!-- \/ Yoast SEO plugin. -->","yoast_head_json":{"title":"Sports T-Shirt - Red Prowl - Exceed Limits","robots":{"index":"index","follow":"follow","max-snippet":"max-snippet:-1","max-image-preview":"max-image-preview:large","max-video-preview":"max-video-preview:-1"},"canonical":"https:\/\/exceedlimits.de\/en\/shop\/kollektionen\/performanceedition\/t-shirt-red-prowl\/","og_locale":"en_US","og_type":"article","og_title":"Sports T-Shirt - Red Prowl - Exceed Limits","og_description":"Artikelnummer:\u00a0310207 Lieferzeit: Lieferbar in 2-3 Tagen    Gr\u00f6\u00dfenreferenz:  Unser Team tr\u00e4gt Gr\u00f6\u00dfe M bei 1,78m 80kg","og_url":"https:\/\/exceedlimits.de\/en\/shop\/kollektionen\/performanceedition\/t-shirt-red-prowl\/","og_site_name":"Exceed Limits","article_modified_time":"2026-04-18T18:59:49+00:00","og_image":[{"width":1728,"height":2160,"url":"https:\/\/exceedlimits.de\/wp-content\/uploads\/2019\/05\/sports-shirt-red-prowl.webp","type":"image\/webp"}],"twitter_card":"summary_large_image","twitter_misc":{"Est. reading time":"1 minute"},"schema":{"@context":"https:\/\/schema.org","@graph":[{"@type":"WebPage","@id":"https:\/\/exceedlimits.de\/en\/shop\/kollektionen\/performanceedition\/t-shirt-red-prowl\/","url":"https:\/\/exceedlimits.de\/en\/shop\/kollektionen\/performanceedition\/t-shirt-red-prowl\/","name":"Sports T-Shirt - Red Prowl - Exceed Limits","isPartOf":{"@id":"https:\/\/exceedlimits.de\/#website"},"primaryImageOfPage":{"@id":"https:\/\/exceedlimits.de\/en\/shop\/kollektionen\/performanceedition\/t-shirt-red-prowl\/#primaryimage"},"image":{"@id":"https:\/\/exceedlimits.de\/en\/shop\/kollektionen\/performanceedition\/t-shirt-red-prowl\/#primaryimage"},"thumbnailUrl":"https:\/\/exceedlimits.de\/wp-content\/uploads\/2019\/05\/sports-shirt-red-prowl.webp","datePublished":"2019-05-08T19:55:30+00:00","dateModified":"2026-04-18T18:59:49+00:00","breadcrumb":{"@id":"https:\/\/exceedlimits.de\/en\/shop\/kollektionen\/performanceedition\/t-shirt-red-prowl\/#breadcrumb"},"inLanguage":"en-US","potentialAction":[{"@type":"ReadAction","target":["https:\/\/exceedlimits.de\/en\/shop\/kollektionen\/performanceedition\/t-shirt-red-prowl\/"]}]},{"@type":"ImageObject","inLanguage":"en-US","@id":"https:\/\/exceedlimits.de\/en\/shop\/kollektionen\/performanceedition\/t-shirt-red-prowl\/#primaryimage","url":"https:\/\/exceedlimits.de\/wp-content\/uploads\/2019\/05\/sports-shirt-red-prowl.webp","contentUrl":"https:\/\/exceedlimits.de\/wp-content\/uploads\/2019\/05\/sports-shirt-red-prowl.webp","width":1728,"height":2160},{"@type":"BreadcrumbList","@id":"https:\/\/exceedlimits.de\/en\/shop\/kollektionen\/performanceedition\/t-shirt-red-prowl\/#breadcrumb","itemListElement":[{"@type":"ListItem","position":1,"name":"Startseite","item":"https:\/\/exceedlimits.de\/"},{"@type":"ListItem","position":2,"name":"Shop","item":"https:\/\/exceedlimits.de\/shop\/"},{"@type":"ListItem","position":3,"name":"Sports T-Shirt &#8211; Red Prowl"}]},{"@type":"WebSite","@id":"https:\/\/exceedlimits.de\/#website","url":"https:\/\/exceedlimits.de\/","name":"Exceed Limits","description":"Exceed your limits to succeed your dreams","publisher":{"@id":"https:\/\/exceedlimits.de\/#organization"},"potentialAction":[{"@type":"SearchAction","target":{"@type":"EntryPoint","urlTemplate":"https:\/\/exceedlimits.de\/?s={search_term_string}"},"query-input":{"@type":"PropertyValueSpecification","valueRequired":true,"valueName":"search_term_string"}}],"inLanguage":"en-US"},{"@type":"Organization","@id":"https:\/\/exceedlimits.de\/#organization","name":"Exceed Limit","url":"https:\/\/exceedlimits.de\/","logo":{"@type":"ImageObject","inLanguage":"en-US","@id":"https:\/\/exceedlimits.de\/#\/schema\/logo\/image\/","url":"https:\/\/exceedlimits.eu\/wp-content\/uploads\/2018\/02\/cropped-favicon.jpg","contentUrl":"https:\/\/exceedlimits.eu\/wp-content\/uploads\/2018\/02\/cropped-favicon.jpg","width":512,"height":512,"caption":"Exceed Limit"},"image":{"@id":"https:\/\/exceedlimits.de\/#\/schema\/logo\/image\/"},"sameAs":["https:\/\/www.instagram.com\/exlimit_official\/"]}]}},"_links":{"self":[{"href":"https:\/\/exceedlimits.de\/en\/wp-json\/wp\/v2\/product\/8980","targetHints":{"allow":["GET"]}}],"collection":[{"href":"https:\/\/exceedlimits.de\/en\/wp-json\/wp\/v2\/product"}],"about":[{"href":"https:\/\/exceedlimits.de\/en\/wp-json\/wp\/v2\/types\/product"}],"replies":[{"embeddable":true,"href":"https:\/\/exceedlimits.de\/en\/wp-json\/wp\/v2\/comments?post=8980"}],"version-history":[{"count":2,"href":"https:\/\/exceedlimits.de\/en\/wp-json\/wp\/v2\/product\/8980\/revisions"}],"predecessor-version":[{"id":47721,"href":"https:\/\/exceedlimits.de\/en\/wp-json\/wp\/v2\/product\/8980\/revisions\/47721"}],"wp:featuredmedia":[{"embeddable":true,"href":"https:\/\/exceedlimits.de\/en\/wp-json\/wp\/v2\/media\/47714"}],"wp:attachment":[{"href":"https:\/\/exceedlimits.de\/en\/wp-json\/wp\/v2\/media?parent=8980"}],"wp:term":[{"taxonomy":"product_brand","embeddable":true,"href":"https:\/\/exceedlimits.de\/en\/wp-json\/wp\/v2\/product_brand?post=8980"},{"taxonomy":"product_cat","embeddable":true,"href":"https:\/\/exceedlimits.de\/en\/wp-json\/wp\/v2\/product_cat?post=8980"},{"taxonomy":"product_tag","embeddable":true,"href":"https:\/\/exceedlimits.de\/en\/wp-json\/wp\/v2\/product_tag?post=8980"}],"curies":[{"name":"wp","href":"https:\/\/api.w.org\/{rel}","templated":true}]}}